{"id":344637,"date":"2024-06-14T10:48:35","date_gmt":"2024-06-14T09:48:35","guid":{"rendered":"https:\/\/www.moskito.cz\/produkt\/cold-steel-micro-recon-1-tanto-stonewashed-klappmesser\/"},"modified":"2025-05-07T11:17:20","modified_gmt":"2025-05-07T10:17:20","slug":"cold-steel-micro-recon-1-tanto-stonewashed-klappmesser","status":"publish","type":"product","link":"https:\/\/www.moskito.cz\/de\/produkt\/cold-steel-micro-recon-1-tanto-stonewashed-klappmesser\/","title":{"rendered":"Cold Steel MICRO RECON 1 TANTO STONEWASHED Klappmesser"},"content":{"rendered":"<p><strong>Cold Steel<\/strong> MICRO RECON 1 TANTO STONEWASHED Klappmesser.<\/p>\n<p>Unsere <strong>Recon 1<\/strong> -Serie ist ein beliebtes Messer bei Milit\u00e4r- und Strafverfolgungsbeh\u00f6rden, Feuerwehr- und Rettungskr\u00e4ften sowie Zivilisten und setzt weiterhin den Standard f\u00fcr taktische Klappmesser. Diese zuverl\u00e4ssigen Messer genie\u00dfen einen hart erk\u00e4mpften Ruf f\u00fcr Zuverl\u00e4ssigkeit und St\u00e4rke. Die Recon 1-Serie ist mit 2, 3, 4 und 5 \u00bd Zoll gro\u00dfen Klingen erh\u00e4ltlich und jeder Aspekt ihres Designs wurde neu gestaltet, um so langlebig und effizient wie m\u00f6glich zu sein. Jedes Modell dieser vielf\u00e4ltigen Serie ist mit unserem weltber\u00fchmten Tri-Ad-Schloss ausgestattet, das Ihre wertvollen Finger vor Besch\u00e4digungen sch\u00fctzt, wenn Sie das Messer selbst unter anspruchsvollsten Bedingungen verwenden. Vom robusten kleinen Arbeitstier unserer Micro-Serie bis hin zur brutalen Schneidleistung unserer XL Recon 1-Serie und allen Messern dazwischen \u2013 was auch immer Ihre Mission ist, das Recon 1 ist f\u00fcr Sie da!<\/p>\n<p>Schwarze Farbe<br \/>\nGewicht: 31,18 g<br \/>\nGesamtgr\u00f6\u00dfe: 11,1 cm<br \/>\nKlingenl\u00e4nge: 5 cm<br \/>\nKlingenst\u00e4rke: 0,25 cm<br \/>\nStahl: 4034SS<br \/>\nGriffl\u00e4nge: 6 cm<br \/>\nGriffmaterial: Langes Griv-Ex\u2122 im G-10-Stil<\/p>\n","protected":false},"excerpt":{"rendered":"<p><strong>Das Micro Recon 1 Tanto Point Klappmesser ist aufgrund seiner Gr\u00f6\u00dfe und seines Gewichts ideal f\u00fcr den t\u00e4glichen Gebrauch.<\/strong><\/p>\n","protected":false},"featured_media":344626,"comment_status":"open","ping_status":"closed","template":"","meta":[],"pwb-brand":[3602],"product_brand":[],"product_cat":[3303,3285],"product_tag":[3669],"class_list":{"0":"post-344637","1":"product","2":"type-product","3":"status-publish","4":"has-post-thumbnail","6":"pwb-brand-kalter-stahl","7":"product_cat-schliesmesser","8":"product_cat-messer","9":"product_tag-b2b-de","11":"first","12":"instock","13":"taxable","14":"shipping-taxable","15":"purchasable","16":"product-type-simple"},"brands":[{"id":3602,"name":"Kalter Stahl","slug":"kalter-stahl"}],"_links":{"self":[{"href":"https:\/\/www.moskito.cz\/de\/wp-json\/wp\/v2\/product\/344637","targetHints":{"allow":["GET"]}}],"collection":[{"href":"https:\/\/www.moskito.cz\/de\/wp-json\/wp\/v2\/product"}],"about":[{"href":"https:\/\/www.moskito.cz\/de\/wp-json\/wp\/v2\/types\/product"}],"replies":[{"embeddable":true,"href":"https:\/\/www.moskito.cz\/de\/wp-json\/wp\/v2\/comments?post=344637"}],"wp:featuredmedia":[{"embeddable":true,"href":"https:\/\/www.moskito.cz\/de\/wp-json\/wp\/v2\/media\/344626"}],"wp:attachment":[{"href":"https:\/\/www.moskito.cz\/de\/wp-json\/wp\/v2\/media?parent=344637"}],"wp:term":[{"taxonomy":"pwb-brand","embeddable":true,"href":"https:\/\/www.moskito.cz\/de\/wp-json\/wp\/v2\/pwb-brand?post=344637"},{"taxonomy":"product_brand","embeddable":true,"href":"https:\/\/www.moskito.cz\/de\/wp-json\/wp\/v2\/product_brand?post=344637"},{"taxonomy":"product_cat","embeddable":true,"href":"https:\/\/www.moskito.cz\/de\/wp-json\/wp\/v2\/product_cat?post=344637"},{"taxonomy":"product_tag","embeddable":true,"href":"https:\/\/www.moskito.cz\/de\/wp-json\/wp\/v2\/product_tag?post=344637"}],"curies":[{"name":"wp","href":"https:\/\/api.w.org\/{rel}","templated":true}]}}