{"id":344690,"date":"2024-06-14T11:08:26","date_gmt":"2024-06-14T10:09:28","guid":{"rendered":"https:\/\/www.moskito.cz\/produkt\/cold-steel-engage-grey-klappmesser\/"},"modified":"2025-05-07T11:17:20","modified_gmt":"2025-05-07T10:17:20","slug":"cold-steel-engage-grey-klappmesser","status":"publish","type":"product","link":"https:\/\/www.moskito.cz\/de\/produkt\/cold-steel-engage-grey-klappmesser\/","title":{"rendered":"Cold Steel ENGAGE GREY Klappmesser"},"content":{"rendered":"<p><strong>Cold Steel<\/strong> ENGAGE GREY Klappmesser.<\/p>\n<p>Das Engage ist ein Premium-Klappmesser aus 3 Zoll dickem japanischem AUS-10-Edelstahl, eine robuste Alltagstragem\u00f6glichkeit, die stabil ist, leicht zu sch\u00e4rfen ist und eine au\u00dfergew\u00f6hnlich gute Schnitthaltigkeit aufweist. Ausgestattet mit der patentierten Atlas\u2122-Schiebeverriegelung von Cold Steel f\u00fcr dauerhafte und konsistente Verriegelung ist es vollst\u00e4ndig beidh\u00e4ndig bedienbar und bereit, jede allt\u00e4gliche Aufgabe zu bew\u00e4ltigen. Es stehen zwei Griffvarianten zur Auswahl: Die robuste GFN- oder die G10-Variante. Die vielseitige Clip-Point-Klinge ist aus feinem schwarzen PVD-Steinwasser.<\/p>\n<p>Die neuen Engage-Messer von Cold Steel sind in einer Vielzahl von Klingen und Formen \u2013 und zu unterschiedlichen Preisen \u2013 erh\u00e4ltlich und sind dazu bestimmt, die Stars des Alltags zu sein. Diese Premium-EDC-Messer sind vollst\u00e4ndig beidh\u00e4ndig einsetzbar und so konzipiert, dass sie jede Gelegenheit souver\u00e4n meistern. Sie verf\u00fcgen \u00fcber eine patentierte Atlas\u2122 Lock-Schiebeverriegelung, die eine dauerhafte, starke und zuverl\u00e4ssige Verriegelung bietet.<\/p>\n<p>Farbe: Grau\/Stahl<br \/>\nGewicht: 97 g<br \/>\nGesamtgr\u00f6\u00dfe: 18,5 cm<br \/>\nKlingenl\u00e4nge: 8 cm<br \/>\nKlingenst\u00e4rke: 0,25 cm<br \/>\nStahl: AUS 10A<br \/>\nGriffl\u00e4nge: 10,6 cm<br \/>\nGriffmaterial: G-10<\/p>\n<p><iframe title=\"Cold Steel&#039;s Atlas Lock Test featuring the  new Engage 3.5&quot;\" width=\"800\" height=\"450\" src=\"https:\/\/www.youtube.com\/embed\/nh_7tHY8Ypw?feature=oembed\" frameborder=\"0\" allow=\"accelerometer; autoplay; clipboard-write; encrypted-media; gyroscope; picture-in-picture; web-share\" referrerpolicy=\"strict-origin-when-cross-origin\" allowfullscreen><\/iframe><\/p>\n<p>&nbsp;<\/p>\n","protected":false},"excerpt":{"rendered":"<p><strong>Die neuen Engage-Messer von Cold Steel sind in einer breiten Palette an Klingen und Formen \u2013 und zu unterschiedlichen Preisen \u2013 erh\u00e4ltlich und sind dazu bestimmt, die Stars des Alltags zu sein.<\/strong><\/p>\n","protected":false},"featured_media":344642,"comment_status":"open","ping_status":"closed","template":"","meta":[],"pwb-brand":[3602],"product_brand":[],"product_cat":[3285,3303],"product_tag":[3669],"class_list":{"0":"post-344690","1":"product","2":"type-product","3":"status-publish","4":"has-post-thumbnail","6":"pwb-brand-kalter-stahl","7":"product_cat-messer","8":"product_cat-schliesmesser","9":"product_tag-b2b-de","11":"first","12":"instock","13":"taxable","14":"shipping-taxable","15":"purchasable","16":"product-type-simple"},"brands":[{"id":3602,"name":"Kalter Stahl","slug":"kalter-stahl"}],"_links":{"self":[{"href":"https:\/\/www.moskito.cz\/de\/wp-json\/wp\/v2\/product\/344690","targetHints":{"allow":["GET"]}}],"collection":[{"href":"https:\/\/www.moskito.cz\/de\/wp-json\/wp\/v2\/product"}],"about":[{"href":"https:\/\/www.moskito.cz\/de\/wp-json\/wp\/v2\/types\/product"}],"replies":[{"embeddable":true,"href":"https:\/\/www.moskito.cz\/de\/wp-json\/wp\/v2\/comments?post=344690"}],"wp:featuredmedia":[{"embeddable":true,"href":"https:\/\/www.moskito.cz\/de\/wp-json\/wp\/v2\/media\/344642"}],"wp:attachment":[{"href":"https:\/\/www.moskito.cz\/de\/wp-json\/wp\/v2\/media?parent=344690"}],"wp:term":[{"taxonomy":"pwb-brand","embeddable":true,"href":"https:\/\/www.moskito.cz\/de\/wp-json\/wp\/v2\/pwb-brand?post=344690"},{"taxonomy":"product_brand","embeddable":true,"href":"https:\/\/www.moskito.cz\/de\/wp-json\/wp\/v2\/product_brand?post=344690"},{"taxonomy":"product_cat","embeddable":true,"href":"https:\/\/www.moskito.cz\/de\/wp-json\/wp\/v2\/product_cat?post=344690"},{"taxonomy":"product_tag","embeddable":true,"href":"https:\/\/www.moskito.cz\/de\/wp-json\/wp\/v2\/product_tag?post=344690"}],"curies":[{"name":"wp","href":"https:\/\/api.w.org\/{rel}","templated":true}]}}