{"id":344696,"date":"2023-03-25T12:16:07","date_gmt":"2024-06-14T12:54:26","guid":{"rendered":"https:\/\/www.moskito.cz\/produkt\/cold-steel-35-engage-s35vn-klappmesser\/"},"modified":"2025-05-07T11:17:21","modified_gmt":"2025-05-07T10:17:21","slug":"cold-steel-35-engage-s35vn-klappmesser","status":"publish","type":"product","link":"https:\/\/www.moskito.cz\/de\/produkt\/cold-steel-35-engage-s35vn-klappmesser\/","title":{"rendered":"Cold Steel 3,5&#8243; Engage S35VN Klappmesser"},"content":{"rendered":"<p><strong>Cold Steel<\/strong> 3,5&#8243; Engage S35VN Klappmesser<\/p>\n<p><strong>Das Engage<\/strong> ist ein Messer f\u00fcr den einfachen Alltagstransport mit einer gro\u00dfen Klinge aus rostfreiem S35VN-Stahl f\u00fcr \u00fcberragende Z\u00e4higkeit und Schnitthaltigkeit. Ausgestattet mit dem patentierten Atlas\u2122-Schloss von Cold Steel f\u00fcr konsistente, langlebige und zuverl\u00e4ssige Verriegelung ist es vollst\u00e4ndig beidh\u00e4ndig einsetzbar und jeder Aufgabe gewachsen. Der griffige G-10-Griff wurde f\u00fcr mehr Flexibilit\u00e4t neu gestaltet und die Klinge mit satiniertem Clip erm\u00f6glicht detailliertes und pr\u00e4zises Schneiden.<\/p>\n<p>Die neuen <strong>Engage-<\/strong> Messer von Cold Steel sind in einer breiten Palette an Klingenst\u00e4hlen und -formen \u2013 und zu unterschiedlichen Preisen \u2013 erh\u00e4ltlich und sind dazu bestimmt, die Stars des Alltags zu sein. Diese Premium-EDC-Messer sind vollst\u00e4ndig beidh\u00e4ndig einsetzbar und so konzipiert, dass sie jede Gelegenheit souver\u00e4n meistern. Sie verf\u00fcgen \u00fcber eine patentierte Atlas\u2122 Lock-Schiebeverriegelung, die eine dauerhafte, starke und zuverl\u00e4ssige Verriegelung bietet.<\/p>\n<p>Beschreibung:<\/p>\n<p>Klingenmaterial: CPM-S35VN<br \/>\nGriffmaterial: G-10<br \/>\nSicherheit: Atlas-Schloss<br \/>\nKlingenl\u00e4nge: 8,9 cm<br \/>\nKlingenst\u00e4rke: 3,8 mm<br \/>\nKlingentyp: Clip Point<br \/>\nVerwendung: EDC \u2013 Alltagskleidung<br \/>\nEinh\u00e4ndiges \u00d6ffnen: ja<br \/>\nMessertyp: Schlie\u00dfen<\/p>\n","protected":false},"excerpt":{"rendered":"<p><strong>Engage-Messer sind klassische Einhandmesser f\u00fcr den t\u00e4glichen Gebrauch.<\/strong><\/p>\n","protected":false},"featured_media":344697,"comment_status":"open","ping_status":"closed","template":"","meta":[],"pwb-brand":[3602],"product_brand":[],"product_cat":[3285,3303],"product_tag":[3669],"class_list":{"0":"post-344696","1":"product","2":"type-product","3":"status-publish","4":"has-post-thumbnail","6":"pwb-brand-kalter-stahl","7":"product_cat-messer","8":"product_cat-schliesmesser","9":"product_tag-b2b-de","11":"first","12":"instock","13":"taxable","14":"shipping-taxable","15":"purchasable","16":"product-type-simple"},"brands":[{"id":3602,"name":"Kalter Stahl","slug":"kalter-stahl"}],"_links":{"self":[{"href":"https:\/\/www.moskito.cz\/de\/wp-json\/wp\/v2\/product\/344696","targetHints":{"allow":["GET"]}}],"collection":[{"href":"https:\/\/www.moskito.cz\/de\/wp-json\/wp\/v2\/product"}],"about":[{"href":"https:\/\/www.moskito.cz\/de\/wp-json\/wp\/v2\/types\/product"}],"replies":[{"embeddable":true,"href":"https:\/\/www.moskito.cz\/de\/wp-json\/wp\/v2\/comments?post=344696"}],"wp:featuredmedia":[{"embeddable":true,"href":"https:\/\/www.moskito.cz\/de\/wp-json\/wp\/v2\/media\/344697"}],"wp:attachment":[{"href":"https:\/\/www.moskito.cz\/de\/wp-json\/wp\/v2\/media?parent=344696"}],"wp:term":[{"taxonomy":"pwb-brand","embeddable":true,"href":"https:\/\/www.moskito.cz\/de\/wp-json\/wp\/v2\/pwb-brand?post=344696"},{"taxonomy":"product_brand","embeddable":true,"href":"https:\/\/www.moskito.cz\/de\/wp-json\/wp\/v2\/product_brand?post=344696"},{"taxonomy":"product_cat","embeddable":true,"href":"https:\/\/www.moskito.cz\/de\/wp-json\/wp\/v2\/product_cat?post=344696"},{"taxonomy":"product_tag","embeddable":true,"href":"https:\/\/www.moskito.cz\/de\/wp-json\/wp\/v2\/product_tag?post=344696"}],"curies":[{"name":"wp","href":"https:\/\/api.w.org\/{rel}","templated":true}]}}