{"id":344745,"date":"2024-06-14T14:15:19","date_gmt":"2024-06-14T13:23:36","guid":{"rendered":"https:\/\/www.moskito.cz\/produkt\/cold-steel-engage-klappmesser\/"},"modified":"2025-05-07T11:17:23","modified_gmt":"2025-05-07T10:17:23","slug":"cold-steel-engage-klappmesser","status":"publish","type":"product","link":"https:\/\/www.moskito.cz\/de\/produkt\/cold-steel-engage-klappmesser\/","title":{"rendered":"Cold Steel Engage Klappmesser"},"content":{"rendered":"<p><strong>Cold Steel<\/strong> Engage Klappmesser.<\/p>\n<p>Stecker 3&#8243; Zoll &#8211; S35VN<\/p>\n<p>Das f\u00fcr den t\u00e4glichen Gebrauch konzipierte Engage ist ein leicht zu transportierendes Ger\u00e4t mit einer gro\u00dfen 3-Zoll-Klinge aus S35VN-Edelstahl f\u00fcr \u00fcberragende Robustheit und Schnitthaltigkeit. Ausgestattet mit dem patentierten Atlas\u2122-Schloss von Cold Steel f\u00fcr konsistente, langlebige und zuverl\u00e4ssige Verriegelung ist es vollst\u00e4ndig beidh\u00e4ndig einsetzbar und jeder Aufgabe gewachsen. Der griffige G10-Griff wurde f\u00fcr mehr Flexibilit\u00e4t neu gestaltet und die aufsteckbare satinierte Klinge erm\u00f6glicht detailliertes und pr\u00e4zises Schneiden.<\/p>\n<p>Die neuen Engage-Messer von Cold Steel sind in einer breiten Palette an Klingen und Formen \u2013 und zu unterschiedlichen Preisen \u2013 erh\u00e4ltlich und sind dazu bestimmt, die Stars des Alltags zu sein. Diese Premium-EDC-Messer sind vollst\u00e4ndig beidh\u00e4ndig einsetzbar und so konzipiert, dass sie jede Gelegenheit souver\u00e4n meistern. Sie verf\u00fcgen \u00fcber eine patentierte Atlas\u2122 Lock-Schiebeverriegelung, die eine dauerhafte, starke und zuverl\u00e4ssige Verriegelung bietet.<\/p>\n<p>Gewicht: 97 g<br \/>\nGesamtgr\u00f6\u00dfe: 18,5 cm<br \/>\nKlingenl\u00e4nge: 7,9 cm<br \/>\nKlingenst\u00e4rke: 0,25 cm<br \/>\nStahl: CPM-S35VN<br \/>\nGriffl\u00e4nge: 10,6 cm<br \/>\nGriffmaterial: G-10<\/p>\n<p><iframe title=\"Cold Steel&#039;s Atlas Lock Test featuring the  new Engage 3.5&quot;\" width=\"800\" height=\"450\" src=\"https:\/\/www.youtube.com\/embed\/nh_7tHY8Ypw?feature=oembed\" frameborder=\"0\" allow=\"accelerometer; autoplay; clipboard-write; encrypted-media; gyroscope; picture-in-picture; web-share\" referrerpolicy=\"strict-origin-when-cross-origin\" allowfullscreen><\/iframe><\/p>\n<p>&nbsp;<\/p>\n","protected":false},"excerpt":{"rendered":"<p><strong>Die neuen Engage-Messer von Cold Steel sind in einer breiten Palette an Klingen und Formen \u2013 und zu unterschiedlichen Preisen \u2013 erh\u00e4ltlich und sind dazu bestimmt, die Stars des Alltags zu sein.<\/strong><\/p>\n<p><strong>Kostenloser Transport.<\/strong><\/p>\n","protected":false},"featured_media":344727,"comment_status":"open","ping_status":"closed","template":"","meta":[],"pwb-brand":[3602],"product_brand":[],"product_cat":[3285,3303],"product_tag":[3669],"class_list":{"0":"post-344745","1":"product","2":"type-product","3":"status-publish","4":"has-post-thumbnail","6":"pwb-brand-kalter-stahl","7":"product_cat-messer","8":"product_cat-schliesmesser","9":"product_tag-b2b-de","11":"first","12":"instock","13":"taxable","14":"shipping-taxable","15":"purchasable","16":"product-type-simple"},"brands":[{"id":3602,"name":"Kalter Stahl","slug":"kalter-stahl"}],"_links":{"self":[{"href":"https:\/\/www.moskito.cz\/de\/wp-json\/wp\/v2\/product\/344745","targetHints":{"allow":["GET"]}}],"collection":[{"href":"https:\/\/www.moskito.cz\/de\/wp-json\/wp\/v2\/product"}],"about":[{"href":"https:\/\/www.moskito.cz\/de\/wp-json\/wp\/v2\/types\/product"}],"replies":[{"embeddable":true,"href":"https:\/\/www.moskito.cz\/de\/wp-json\/wp\/v2\/comments?post=344745"}],"wp:featuredmedia":[{"embeddable":true,"href":"https:\/\/www.moskito.cz\/de\/wp-json\/wp\/v2\/media\/344727"}],"wp:attachment":[{"href":"https:\/\/www.moskito.cz\/de\/wp-json\/wp\/v2\/media?parent=344745"}],"wp:term":[{"taxonomy":"pwb-brand","embeddable":true,"href":"https:\/\/www.moskito.cz\/de\/wp-json\/wp\/v2\/pwb-brand?post=344745"},{"taxonomy":"product_brand","embeddable":true,"href":"https:\/\/www.moskito.cz\/de\/wp-json\/wp\/v2\/product_brand?post=344745"},{"taxonomy":"product_cat","embeddable":true,"href":"https:\/\/www.moskito.cz\/de\/wp-json\/wp\/v2\/product_cat?post=344745"},{"taxonomy":"product_tag","embeddable":true,"href":"https:\/\/www.moskito.cz\/de\/wp-json\/wp\/v2\/product_tag?post=344745"}],"curies":[{"name":"wp","href":"https:\/\/api.w.org\/{rel}","templated":true}]}}