{"id":344805,"date":"2024-06-14T14:41:28","date_gmt":"2024-06-14T13:42:36","guid":{"rendered":"https:\/\/www.moskito.cz\/produkt\/feststehendes-messer-cold-steel-lynn-thompson-signature-kobun\/"},"modified":"2025-05-07T11:17:24","modified_gmt":"2025-05-07T10:17:24","slug":"feststehendes-messer-cold-steel-lynn-thompson-signature-kobun","status":"publish","type":"product","link":"https:\/\/www.moskito.cz\/de\/produkt\/feststehendes-messer-cold-steel-lynn-thompson-signature-kobun\/","title":{"rendered":"Feststehendes Messer Cold Steel LYNN THOMPSON SIGNATURE KOBUN"},"content":{"rendered":"<p>Feststehendes Messer <strong>Cold Steel<\/strong> LYNN THOMPSON SIGNATURE KOBUN.<\/p>\n<p>Dies ist der Traum eines jeden ernsthaften Messersammlers. Die auf 3.000 St\u00fcck weltweit limitierte Auflage jedes Messers ist mit Lynns Unterschrift und einer einzigartigen Seriennummer versehen. Jede Box ist von Lynn signiert!<\/p>\n<p>M\u00f6chten Sie Ihre Sammlung taktischer Ausr\u00fcstung erweitern? Suchen Sie nicht weiter. Mit dem Lynn Thompson Signature Cold Steel Kobun haben wir genau das geschaffen, was Sie suchen, eine wahre Verk\u00f6rperung modernster Leistung und Stil, die speziell f\u00fcr den anspruchsvollen Benutzer entwickelt wurde. Dieses leichte Messer mit feststehender Klinge wurde in Zusammenarbeit mit Lynn Thompson entwickelt, einer renommierten Pionierin der Messerindustrie, deren Fachwissen und Leidenschaft f\u00fcr Klingen in jedem Detail zum Ausdruck kommen. Es verf\u00fcgt \u00fcber eine hochwertige Klinge aus S35VN-Edelstahl, die messerscharf, langlebig und stark korrosiv ist. -best\u00e4ndig.<\/p>\n<p>An der 5,5-Zoll-Klinge ist ein langlebiger, ergonomischer Kray-Ex-Griff befestigt, der auch unter widrigen Bedingungen einen sicheren und bequemen Halt bietet, da seine strukturierte Oberfl\u00e4che einen rutschfesten Griff f\u00fcr pr\u00e4zise Kontrolle bei N\u00e4sse bietet. Mit einem Durchmesser von knapp 10 Zoll bietet der Kobun die perfekte Balance zwischen Tragbarkeit und Funktionalit\u00e4t \u2013 kompakt genug, um ihn jeden Tag mit sich herumzutragen, und dennoch robust genug, um schwierige Schneidaufgaben im Freien problemlos zu bew\u00e4ltigen. Hinzu kommt ein diskretes Klingenprofil, das individuell nummeriert wurde, um seinen Status als echtes Sammlerst\u00fcck zu kennzeichnen, und Sie sind bereit, eine ernsthafte Aussage dar\u00fcber zu machen, was Sie an einem Pr\u00e4zisionsschneidewerkzeug sch\u00e4tzen und worauf Sie sich verlassen.<\/p>\n<p>Entwickelt f\u00fcr Cold Steel in Zusammenarbeit mit der Messerexpertin Lynn Thompson<br \/>\nJedes Exemplar ist einzeln nummeriert, um den Status der Sammleredition anzuzeigen<br \/>\nDie 5,5-Zoll-Klinge aus rostfreiem S35VN-Stahl beh\u00e4lt ihre Sch\u00e4rfe auch bei anspruchsvollen Aufgaben<br \/>\nDer Kray-Ex-Griff bietet auch bei N\u00e4sse einen rutschfesten Halt<br \/>\nDie leichte 10-Zoll-L\u00e4nge mit diskretem Profil ist perfekt f\u00fcr EDC.<\/p>\n<p>Gewicht: 129 g<br \/>\nGesamtgr\u00f6\u00dfe: 25 cm<br \/>\nKlingenl\u00e4nge: 13,7 cm<br \/>\nKlingenst\u00e4rke: 0,3 cm<br \/>\nStahl: CPM-S35VN<br \/>\nGriffl\u00e4nge: 11,3 cm<br \/>\nGriffmaterial: Long Kray-Ex\u2122<br \/>\nMantelmaterial: Secure-Ex\u00ae Mantel<\/p>\n<p><iframe title=\"Lynn Thompson&#039;s Signature Series Kobun\" width=\"800\" height=\"450\" src=\"https:\/\/www.youtube.com\/embed\/d3Mt5i6CYmE?feature=oembed\" frameborder=\"0\" allow=\"accelerometer; autoplay; clipboard-write; encrypted-media; gyroscope; picture-in-picture; web-share\" referrerpolicy=\"strict-origin-when-cross-origin\" allowfullscreen><\/iframe><\/p>\n<p>&nbsp;<\/p>\n<p>&nbsp;<\/p>\n","protected":false},"excerpt":{"rendered":"<p><strong>Dies ist der Traum eines jeden ernsthaften Messersammlers. Die auf 3.000 St\u00fcck weltweit limitierte Auflage jedes Messers ist mit Lynns Unterschrift und einer einzigartigen Seriennummer versehen. Jede Box ist von Lynn signiert!<\/strong><\/p>\n<p><strong>Kostenloser Transport.<\/strong><\/p>\n","protected":false},"featured_media":344759,"comment_status":"open","ping_status":"closed","template":"","meta":[],"pwb-brand":[3602],"product_brand":[],"product_cat":[3285,3287],"product_tag":[3669],"class_list":{"0":"post-344805","1":"product","2":"type-product","3":"status-publish","4":"has-post-thumbnail","6":"pwb-brand-kalter-stahl","7":"product_cat-messer","8":"product_cat-solide-messer","9":"product_tag-b2b-de","11":"first","12":"outofstock","13":"taxable","14":"shipping-taxable","15":"purchasable","16":"product-type-simple"},"brands":[{"id":3602,"name":"Kalter Stahl","slug":"kalter-stahl"}],"_links":{"self":[{"href":"https:\/\/www.moskito.cz\/de\/wp-json\/wp\/v2\/product\/344805","targetHints":{"allow":["GET"]}}],"collection":[{"href":"https:\/\/www.moskito.cz\/de\/wp-json\/wp\/v2\/product"}],"about":[{"href":"https:\/\/www.moskito.cz\/de\/wp-json\/wp\/v2\/types\/product"}],"replies":[{"embeddable":true,"href":"https:\/\/www.moskito.cz\/de\/wp-json\/wp\/v2\/comments?post=344805"}],"wp:featuredmedia":[{"embeddable":true,"href":"https:\/\/www.moskito.cz\/de\/wp-json\/wp\/v2\/media\/344759"}],"wp:attachment":[{"href":"https:\/\/www.moskito.cz\/de\/wp-json\/wp\/v2\/media?parent=344805"}],"wp:term":[{"taxonomy":"pwb-brand","embeddable":true,"href":"https:\/\/www.moskito.cz\/de\/wp-json\/wp\/v2\/pwb-brand?post=344805"},{"taxonomy":"product_brand","embeddable":true,"href":"https:\/\/www.moskito.cz\/de\/wp-json\/wp\/v2\/product_brand?post=344805"},{"taxonomy":"product_cat","embeddable":true,"href":"https:\/\/www.moskito.cz\/de\/wp-json\/wp\/v2\/product_cat?post=344805"},{"taxonomy":"product_tag","embeddable":true,"href":"https:\/\/www.moskito.cz\/de\/wp-json\/wp\/v2\/product_tag?post=344805"}],"curies":[{"name":"wp","href":"https:\/\/api.w.org\/{rel}","templated":true}]}}