{"id":344830,"date":"2024-06-14T14:50:27","date_gmt":"2024-06-14T13:50:27","guid":{"rendered":"https:\/\/www.moskito.cz\/produkt\/torpedo-cold-steel-werfen\/"},"modified":"2025-05-07T11:17:25","modified_gmt":"2025-05-07T10:17:25","slug":"torpedo-cold-steel-werfen","status":"publish","type":"product","link":"https:\/\/www.moskito.cz\/de\/produkt\/torpedo-cold-steel-werfen\/","title":{"rendered":"TORPEDO Cold Steel werfen"},"content":{"rendered":"<p><strong>TORPEDO Cold Steel werfen.<\/strong><\/p>\n<p>Es macht viel Spa\u00df, einen Cold Steel Torpedo auf ein Ziel zu werfen. Die doppelt abgeschr\u00e4gten Spitzen gleiten m\u00fchelos aus der Hand und sorgen so f\u00fcr ultimativen Halt. Sie bieten doppelt so viel Griffigkeit wie ein herk\u00f6mmliches Wurfmesser. Dar\u00fcber hinaus sind die 2 Pfund. Das Gewicht erm\u00f6glicht es Ihnen, weit vom Ziel entfernt zu stehen (15 Meter oder mehr) und es mit \u00fcberraschender Kraft zu werfen. Der Torpedo ist bei Sportwerfern und Hobbyspielern gleicherma\u00dfen beliebt und seit vielen Jahren eine beliebte Variante unseres Sortiments \u2013 und das aus gutem Grund!<\/p>\n<p>Gewicht: 907,18 g<br \/>\nGesamtgr\u00f6\u00dfe: 38 cm<br \/>\nDicke: 2,55 cm<br \/>\nStahl: 1055 Kohlenstoffstahl<\/p>\n<p><iframe title=\"COLD STEEL&#039;S TORPEDO\" width=\"800\" height=\"450\" src=\"https:\/\/www.youtube.com\/embed\/EXYMN448_60?feature=oembed\" frameborder=\"0\" allow=\"accelerometer; autoplay; clipboard-write; encrypted-media; gyroscope; picture-in-picture; web-share\" referrerpolicy=\"strict-origin-when-cross-origin\" allowfullscreen><\/iframe><\/p>\n<p>&nbsp;<\/p>\n<p>&nbsp;<\/p>\n<p>&nbsp;<\/p>\n","protected":false},"excerpt":{"rendered":"<p><strong>Der Torpedo von Cold Steel ist ausschlie\u00dflich eine Wurfwaffe.<\/strong><\/p>\n","protected":false},"featured_media":344816,"comment_status":"open","ping_status":"closed","template":"","meta":[],"pwb-brand":[3602],"product_brand":[],"product_cat":[3542,3285],"product_tag":[3669],"class_list":{"0":"post-344830","1":"product","2":"type-product","3":"status-publish","4":"has-post-thumbnail","6":"pwb-brand-kalter-stahl","7":"product_cat-messer-werfen","8":"product_cat-messer","9":"product_tag-b2b-de","11":"first","12":"instock","13":"taxable","14":"shipping-taxable","15":"purchasable","16":"product-type-simple"},"brands":[{"id":3602,"name":"Kalter Stahl","slug":"kalter-stahl"}],"_links":{"self":[{"href":"https:\/\/www.moskito.cz\/de\/wp-json\/wp\/v2\/product\/344830","targetHints":{"allow":["GET"]}}],"collection":[{"href":"https:\/\/www.moskito.cz\/de\/wp-json\/wp\/v2\/product"}],"about":[{"href":"https:\/\/www.moskito.cz\/de\/wp-json\/wp\/v2\/types\/product"}],"replies":[{"embeddable":true,"href":"https:\/\/www.moskito.cz\/de\/wp-json\/wp\/v2\/comments?post=344830"}],"wp:featuredmedia":[{"embeddable":true,"href":"https:\/\/www.moskito.cz\/de\/wp-json\/wp\/v2\/media\/344816"}],"wp:attachment":[{"href":"https:\/\/www.moskito.cz\/de\/wp-json\/wp\/v2\/media?parent=344830"}],"wp:term":[{"taxonomy":"pwb-brand","embeddable":true,"href":"https:\/\/www.moskito.cz\/de\/wp-json\/wp\/v2\/pwb-brand?post=344830"},{"taxonomy":"product_brand","embeddable":true,"href":"https:\/\/www.moskito.cz\/de\/wp-json\/wp\/v2\/product_brand?post=344830"},{"taxonomy":"product_cat","embeddable":true,"href":"https:\/\/www.moskito.cz\/de\/wp-json\/wp\/v2\/product_cat?post=344830"},{"taxonomy":"product_tag","embeddable":true,"href":"https:\/\/www.moskito.cz\/de\/wp-json\/wp\/v2\/product_tag?post=344830"}],"curies":[{"name":"wp","href":"https:\/\/api.w.org\/{rel}","templated":true}]}}