{"id":344906,"date":"2024-06-14T15:12:32","date_gmt":"2024-06-14T14:12:32","guid":{"rendered":"https:\/\/www.moskito.cz\/produkt\/cold-steel-wurfaexte-wurfaexte-3er-pack-mit-scheide\/"},"modified":"2025-12-17T11:40:26","modified_gmt":"2025-12-17T10:40:26","slug":"cold-steel-wurfaexte-wurfaexte-3er-pack-mit-scheide","status":"publish","type":"product","link":"https:\/\/www.moskito.cz\/de\/produkt\/cold-steel-wurfaexte-wurfaexte-3er-pack-mit-scheide\/","title":{"rendered":"Wurf\u00e4xte von Cold Steel. Wurf\u00e4xte \u2013 3er-Pack mit Scheide"},"content":{"rendered":"<p><strong>Cold Steel<\/strong> Wurfaxt-Set. Wurf\u00e4xte \u2013 3er-Pack mit Scheide.<\/p>\n<p>Bringen Sie das Zielwerfen mit diesem Dreierpack Wurf\u00e4xten auf die n\u00e4chste Stufe. Diese einteiligen Stahl\u00e4xte sind speziell f\u00fcr das Zielwerfen konzipiert. Hergestellt aus robustem 420SS-Stahl und mit einer haltbaren, kratzfesten schwarzen Oxidbeschichtung versehen. Sie k\u00f6nnen in einer praktischen Nylontasche aufbewahrt werden. Fordern Sie Ihre Freunde um die Vorherrschaft im Hinterhof heraus!<\/p>\n<p>Gewicht: 238 g<br \/>\nGesamtgr\u00f6\u00dfe: 27 cm<br \/>\nKlingenl\u00e4nge: 4,4 cm<br \/>\nKlingenst\u00e4rke: 0,39 cm<br \/>\nStahl: 420SS<br \/>\nGriffl\u00e4nge: 13 cm<br \/>\nScheidenmaterial: Nylon<\/p>\n","protected":false},"excerpt":{"rendered":"<p><strong>Bringen Sie das Zielwerfen mit diesem Dreierpack Wurf\u00e4xten auf die n\u00e4chste Stufe.<\/strong><\/p>\n","protected":false},"featured_media":344871,"comment_status":"open","ping_status":"closed","template":"","meta":[],"pwb-brand":[3602],"product_brand":[],"product_cat":[3542,3285],"product_tag":[3669],"class_list":{"0":"post-344906","1":"product","2":"type-product","3":"status-publish","4":"has-post-thumbnail","6":"pwb-brand-kalter-stahl","7":"product_cat-messer-werfen","8":"product_cat-messer","9":"product_tag-b2b-de","11":"first","12":"outofstock","13":"taxable","14":"shipping-taxable","15":"purchasable","16":"product-type-simple"},"brands":[{"id":3602,"name":"Kalter Stahl","slug":"kalter-stahl"}],"_links":{"self":[{"href":"https:\/\/www.moskito.cz\/de\/wp-json\/wp\/v2\/product\/344906","targetHints":{"allow":["GET"]}}],"collection":[{"href":"https:\/\/www.moskito.cz\/de\/wp-json\/wp\/v2\/product"}],"about":[{"href":"https:\/\/www.moskito.cz\/de\/wp-json\/wp\/v2\/types\/product"}],"replies":[{"embeddable":true,"href":"https:\/\/www.moskito.cz\/de\/wp-json\/wp\/v2\/comments?post=344906"}],"wp:featuredmedia":[{"embeddable":true,"href":"https:\/\/www.moskito.cz\/de\/wp-json\/wp\/v2\/media\/344871"}],"wp:attachment":[{"href":"https:\/\/www.moskito.cz\/de\/wp-json\/wp\/v2\/media?parent=344906"}],"wp:term":[{"taxonomy":"pwb-brand","embeddable":true,"href":"https:\/\/www.moskito.cz\/de\/wp-json\/wp\/v2\/pwb-brand?post=344906"},{"taxonomy":"product_brand","embeddable":true,"href":"https:\/\/www.moskito.cz\/de\/wp-json\/wp\/v2\/product_brand?post=344906"},{"taxonomy":"product_cat","embeddable":true,"href":"https:\/\/www.moskito.cz\/de\/wp-json\/wp\/v2\/product_cat?post=344906"},{"taxonomy":"product_tag","embeddable":true,"href":"https:\/\/www.moskito.cz\/de\/wp-json\/wp\/v2\/product_tag?post=344906"}],"curies":[{"name":"wp","href":"https:\/\/api.w.org\/{rel}","templated":true}]}}