{"id":344928,"date":"2024-06-14T15:23:23","date_gmt":"2024-06-14T14:23:23","guid":{"rendered":"https:\/\/www.moskito.cz\/produkt\/cold-steel-talwar-klappmesser\/"},"modified":"2024-06-14T15:24:07","modified_gmt":"2024-06-14T14:24:07","slug":"cold-steel-talwar-klappmesser","status":"publish","type":"product","link":"https:\/\/www.moskito.cz\/de\/produkt\/cold-steel-talwar-klappmesser\/","title":{"rendered":"Cold Steel TALWAR Klappmesser"},"content":{"rendered":"<p><strong>Cold Steel TALWAR<\/strong> Klappmesser.<\/p>\n<p>Unser Talwar wurde vom renommierten Messermacher Andrew Demke und der Pr\u00e4sidentin von Cold Steel, Lynn C. Thompson, entworfen und verf\u00fcgt \u00fcber eine 2 Zoll breite S35VN-Klinge. Der flache Schliff mit einer sanft geschwungenen Kante von Spitze zu Spitze bietet eine Schneid- und Durchstechkraft, die bisher bei einem Klappmesser nicht m\u00f6glich war.<\/p>\n<p>Um die Sch\u00e4rfe und t\u00f6dliche Spitze des Talwar zu erg\u00e4nzen, haben wir einen wirklich au\u00dfergew\u00f6hnlichen Griff entwickelt. Der strukturierte und geformte Pistolengriff ist aus amerikanischem G-10 gefertigt und verf\u00fcgt \u00fcber strategisch platzierte Fingerrillen f\u00fcr Komfort und Sicherheit. Um Ihre wertvollen Finger zus\u00e4tzlich vor dieser beeindruckenden Klinge zu sch\u00fctzen, haben wir das Talwar mit unserem branchenf\u00fchrenden Tri-Ad ausgestattet \u00ae. sperren. Dieser supersichere Verriegelungsmechanismus wurde erprobt und hat sich als un\u00fcbertroffen von jedem Klappmesserschloss in der Branche erwiesen \u2013 um jeden Preis!<\/p>\n<p>Unser Talwar ist schneller zu ziehen als jede Schie\u00dfklinge und verf\u00fcgt \u00fcber Andrew Demeks revolution\u00e4ren beidh\u00e4ndigen Daumen. Indem Sie das Messer in Ihre Tasche stecken, k\u00f6nnen Sie die unglaubliche Kraft von Talwar blitzschnell einsetzen!<\/p>\n<p>Gewicht: 142 g<br \/>\nGesamtgr\u00f6\u00dfe: 23,5 cm<br \/>\nKlingenl\u00e4nge: 10 cm<br \/>\nKlingenst\u00e4rke: 0,38 cm<br \/>\nStahl: CPM-S35VN<br \/>\nGriffl\u00e4nge: 13,4 cm<br \/>\nGriffmaterial: Langes G-10<\/p>\n","protected":false},"excerpt":{"rendered":"<p><strong>Wir stellen Ihnen unser Talwar vor, das vom renommierten Messermacher Andrew Demek und der Pr\u00e4sidentin von Cold Steel, Lynn C. Thompson, entworfen wurde.<\/strong><\/p>\n<p><strong>Kostenloser Transport.<\/strong><\/p>\n","protected":false},"featured_media":344912,"comment_status":"open","ping_status":"closed","template":"","meta":[],"pwb-brand":[3602],"product_brand":[],"product_cat":[3303,3285],"product_tag":[3669],"class_list":{"0":"post-344928","1":"product","2":"type-product","3":"status-publish","4":"has-post-thumbnail","6":"pwb-brand-kalter-stahl","7":"product_cat-schliesmesser","8":"product_cat-messer","9":"product_tag-b2b-de","11":"first","12":"instock","13":"taxable","14":"shipping-taxable","15":"purchasable","16":"product-type-simple"},"brands":[{"id":3602,"name":"Kalter Stahl","slug":"kalter-stahl"}],"_links":{"self":[{"href":"https:\/\/www.moskito.cz\/de\/wp-json\/wp\/v2\/product\/344928","targetHints":{"allow":["GET"]}}],"collection":[{"href":"https:\/\/www.moskito.cz\/de\/wp-json\/wp\/v2\/product"}],"about":[{"href":"https:\/\/www.moskito.cz\/de\/wp-json\/wp\/v2\/types\/product"}],"replies":[{"embeddable":true,"href":"https:\/\/www.moskito.cz\/de\/wp-json\/wp\/v2\/comments?post=344928"}],"wp:featuredmedia":[{"embeddable":true,"href":"https:\/\/www.moskito.cz\/de\/wp-json\/wp\/v2\/media\/344912"}],"wp:attachment":[{"href":"https:\/\/www.moskito.cz\/de\/wp-json\/wp\/v2\/media?parent=344928"}],"wp:term":[{"taxonomy":"pwb-brand","embeddable":true,"href":"https:\/\/www.moskito.cz\/de\/wp-json\/wp\/v2\/pwb-brand?post=344928"},{"taxonomy":"product_brand","embeddable":true,"href":"https:\/\/www.moskito.cz\/de\/wp-json\/wp\/v2\/product_brand?post=344928"},{"taxonomy":"product_cat","embeddable":true,"href":"https:\/\/www.moskito.cz\/de\/wp-json\/wp\/v2\/product_cat?post=344928"},{"taxonomy":"product_tag","embeddable":true,"href":"https:\/\/www.moskito.cz\/de\/wp-json\/wp\/v2\/product_tag?post=344928"}],"curies":[{"name":"wp","href":"https:\/\/api.w.org\/{rel}","templated":true}]}}