{"id":344988,"date":"2022-06-22T21:20:10","date_gmt":"2024-06-17T08:42:36","guid":{"rendered":"https:\/\/www.moskito.cz\/produkt\/wurfmesser-kershaw-launch-13\/"},"modified":"2025-05-07T11:17:31","modified_gmt":"2025-05-07T10:17:31","slug":"wurfmesser-kershaw-launch-13","status":"publish","type":"product","link":"https:\/\/www.moskito.cz\/de\/produkt\/wurfmesser-kershaw-launch-13\/","title":{"rendered":"Wurfmesser KERSHAW LAUNCH 13"},"content":{"rendered":"<p>Wurfmesser <strong>KERSHAW<\/strong> LAUNCH 13<\/p>\n<p>Der Launch 13 vereint das Beste aus Schlankheit und Schneidf\u00e4higkeit in Originalgr\u00f6\u00dfe. Seine Wharncliffe-Klinge eignet sich perfekt f\u00fcr filigrane Arbeiten, ist jedoch f\u00fcr einen vielseitigeren Schnitt leicht gebogen. Durch das schmale Profil und den tiefen Taschenclip l\u00e4sst sich das Launch 13 leicht in der Tasche tragen. Designdetails runden das Paket ab, darunter eine integrierte Fangriemen\u00f6se, eine zweifarbige Klinge und ein spezieller dreieckiger Bolzen.<\/p>\n<p>Hergestellt in den USA<br \/>\nDer pulvermetallurgische Klingenstahl CPM 154 verf\u00fcgt \u00fcber eine hervorragende Schnitthaltigkeit und bietet Korrosionsbest\u00e4ndigkeit, Verschlei\u00dffestigkeit und Z\u00e4higkeit<br \/>\nDer leichte, solide Griff aus eloxiertem Aluminium ist stark konturiert und ein Blickfang. integrierte Fangriemen\u00f6se<br \/>\nEin flacher Knopf erschwert ein versehentliches Ausl\u00f6sen der Klinge<br \/>\nDieses automatische Messer wird nur \u00fcber autorisierte Kershaw-H\u00e4ndler verkauft; Die Website dient lediglich der Information<\/p>\n<p>BITTE BEACHTEN SIE, DASS DIE \u00c4LTEREN MODELLE DIE SCHWARZE DLC-BEHANDLUNG VERWENDEN. AKTUELLE PRODUKTIONSMODELLE WERDEN MIT EINER CERAKOTE-OBERFL\u00c4CHENKLINGE HERGESTELLT.<\/p>\n<p>Alltag, Arbeit, taktischer Einsatz<br \/>\nTyp Automatisches Messer<br \/>\nStylisches Taschenmesser<br \/>\nDesigner Kershaw Originals<br \/>\nKlinge im Wharncliffe-Stil<br \/>\nKlingenkante glatt<br \/>\nAutomatischer \u00d6ffnungsvorgang<br \/>\nEs \u00f6ffnet sich mit einem Knopf<br \/>\nSchlosstyp Tastensperre<br \/>\nTaschenclip Reversibler Deep Carry (rechts\/links, umdrehen)<br \/>\nGrifffarbe Schwarz<br \/>\nHergestellt in den USA. Ja<br \/>\nHerkunftsland USA<br \/>\nGarantie Lebenslange Garantie<\/p>\n<p>Klingenmaterial: Pulverstahl CPM-154CM<br \/>\nKlingenl\u00e4nge: 89 mm<br \/>\nKlingenst\u00e4rke 3,1 mm<br \/>\nGesamtl\u00e4nge: 203 mm<br \/>\nGewicht: 68 g<br \/>\nGriffmaterial: 6061-T6 Luftfahrt-Duraluminium<br \/>\n\u00d6ffnung: Knopf<br \/>\nClip zum Tragen in der Tasche oder am G\u00fcrtel<br \/>\nSicherheit: Tastensperre<br \/>\nHergestellt in den USA<\/p>\n<p>&nbsp;<\/p>\n<p><iframe title=\"Kershaw Launch 13 - Model 7650\" width=\"800\" height=\"450\" src=\"https:\/\/www.youtube.com\/embed\/ijA4CaFSnp4?feature=oembed\" frameborder=\"0\" allow=\"accelerometer; autoplay; clipboard-write; encrypted-media; gyroscope; picture-in-picture; web-share\" referrerpolicy=\"strict-origin-when-cross-origin\" allowfullscreen><\/iframe><\/p>\n<p>&nbsp;<\/p>\n","protected":false},"excerpt":{"rendered":"<p>Der Gr\u00fcnder von Kershaw, Pete Kershaw, wusste, wie wichtig garantierte Qualit\u00e4t ist. Ende 1974 beschloss er, in einem Zementwerk in Lake Oswego, Oregon, eine eigene Messerfirma zu gr\u00fcnden.<\/p>\n<p>In Japan glaubte General Manager Kai Koji Endo, dass Kershaw noch mehr Wachstumspotenzial habe. Im Jahr 1996 investierte Endo in eine US-amerikanische Produktionsst\u00e4tte am Kai USA-Standort in Wilsonville. Er glaubte, dass es Kershaw helfen w\u00fcrde, sein volles Potenzial auszusch\u00f6pfen. Und bald stellte Kai USA ein neues Produktionsteam f\u00fcr diesen Job ein.<\/p>\n","protected":false},"featured_media":344989,"comment_status":"open","ping_status":"closed","template":"","meta":[],"pwb-brand":[3772],"product_brand":[],"product_cat":[3285,3343],"product_tag":[],"class_list":{"0":"post-344988","1":"product","2":"type-product","3":"status-publish","4":"has-post-thumbnail","6":"pwb-brand-kershaw-de","7":"product_cat-messer","8":"product_cat-schiesmesser","10":"first","11":"outofstock","12":"taxable","13":"shipping-taxable","14":"purchasable","15":"product-type-simple"},"brands":[{"id":3772,"name":"Kershaw","slug":"kershaw-de"}],"_links":{"self":[{"href":"https:\/\/www.moskito.cz\/de\/wp-json\/wp\/v2\/product\/344988","targetHints":{"allow":["GET"]}}],"collection":[{"href":"https:\/\/www.moskito.cz\/de\/wp-json\/wp\/v2\/product"}],"about":[{"href":"https:\/\/www.moskito.cz\/de\/wp-json\/wp\/v2\/types\/product"}],"replies":[{"embeddable":true,"href":"https:\/\/www.moskito.cz\/de\/wp-json\/wp\/v2\/comments?post=344988"}],"wp:featuredmedia":[{"embeddable":true,"href":"https:\/\/www.moskito.cz\/de\/wp-json\/wp\/v2\/media\/344989"}],"wp:attachment":[{"href":"https:\/\/www.moskito.cz\/de\/wp-json\/wp\/v2\/media?parent=344988"}],"wp:term":[{"taxonomy":"pwb-brand","embeddable":true,"href":"https:\/\/www.moskito.cz\/de\/wp-json\/wp\/v2\/pwb-brand?post=344988"},{"taxonomy":"product_brand","embeddable":true,"href":"https:\/\/www.moskito.cz\/de\/wp-json\/wp\/v2\/product_brand?post=344988"},{"taxonomy":"product_cat","embeddable":true,"href":"https:\/\/www.moskito.cz\/de\/wp-json\/wp\/v2\/product_cat?post=344988"},{"taxonomy":"product_tag","embeddable":true,"href":"https:\/\/www.moskito.cz\/de\/wp-json\/wp\/v2\/product_tag?post=344988"}],"curies":[{"name":"wp","href":"https:\/\/api.w.org\/{rel}","templated":true}]}}