{"id":345103,"date":"2020-01-10T14:33:00","date_gmt":"2020-01-10T13:33:00","guid":{"rendered":"https:\/\/www.moskito.cz\/produkt\/rambo-messer-repariert-last-blood-heartstopper\/"},"modified":"2025-07-11T07:50:26","modified_gmt":"2025-07-11T06:50:26","slug":"rambo-messer-repariert-last-blood-heartstopper","status":"publish","type":"product","link":"https:\/\/www.moskito.cz\/de\/produkt\/rambo-messer-repariert-last-blood-heartstopper\/","title":{"rendered":"Rambo-Messer repariert Last Blood Heartstopper"},"content":{"rendered":"<p><strong>Rambo Last Blood<\/strong> Heartstopper feststehendes Messer.<\/p>\n<p><strong>Lizenzierte Ausgabe<\/strong> , erstellt mit dem tats\u00e4chlichen Messer, das im Film verwendet wird. Inklusive brauner Messerscheide aus B\u00fcffelleder und Trageband.<br \/>\nDie Gesamtl\u00e4nge des Messers betr\u00e4gt 37 cm. Die L\u00e4nge der polierten Satinklinge betr\u00e4gt 22,5 cm.<\/p>\n<p><iframe title=\"The Rambo knives\" width=\"800\" height=\"450\" src=\"https:\/\/www.youtube.com\/embed\/GtN_772bV-o?feature=oembed\" frameborder=\"0\" allow=\"accelerometer; autoplay; clipboard-write; encrypted-media; gyroscope; picture-in-picture; web-share\" referrerpolicy=\"strict-origin-when-cross-origin\" allowfullscreen><\/iframe><\/p>\n<p>&nbsp;<\/p>\n","protected":false},"excerpt":{"rendered":"<p><strong>Eine lizenzierte Version des Rambo-Messers, hergestellt unter Verwendung des tats\u00e4chlichen Messers, das im Film verwendet wird.<\/strong><br \/>\n<strong>Kostenloser Transport.<\/strong><\/p>\n","protected":false},"featured_media":176025,"comment_status":"open","ping_status":"closed","template":"","meta":[],"pwb-brand":[3548],"product_brand":[],"product_cat":[3287,3285],"product_tag":[3669],"class_list":{"0":"post-345103","1":"product","2":"type-product","3":"status-publish","4":"has-post-thumbnail","6":"pwb-brand-rambo-de","7":"product_cat-solide-messer","8":"product_cat-messer","9":"product_tag-b2b-de","11":"first","12":"instock","13":"taxable","14":"shipping-taxable","15":"purchasable","16":"product-type-simple"},"brands":[{"id":3548,"name":"Rambo","slug":"rambo-de"}],"_links":{"self":[{"href":"https:\/\/www.moskito.cz\/de\/wp-json\/wp\/v2\/product\/345103","targetHints":{"allow":["GET"]}}],"collection":[{"href":"https:\/\/www.moskito.cz\/de\/wp-json\/wp\/v2\/product"}],"about":[{"href":"https:\/\/www.moskito.cz\/de\/wp-json\/wp\/v2\/types\/product"}],"replies":[{"embeddable":true,"href":"https:\/\/www.moskito.cz\/de\/wp-json\/wp\/v2\/comments?post=345103"}],"wp:featuredmedia":[{"embeddable":true,"href":"https:\/\/www.moskito.cz\/de\/wp-json\/wp\/v2\/media\/176025"}],"wp:attachment":[{"href":"https:\/\/www.moskito.cz\/de\/wp-json\/wp\/v2\/media?parent=345103"}],"wp:term":[{"taxonomy":"pwb-brand","embeddable":true,"href":"https:\/\/www.moskito.cz\/de\/wp-json\/wp\/v2\/pwb-brand?post=345103"},{"taxonomy":"product_brand","embeddable":true,"href":"https:\/\/www.moskito.cz\/de\/wp-json\/wp\/v2\/product_brand?post=345103"},{"taxonomy":"product_cat","embeddable":true,"href":"https:\/\/www.moskito.cz\/de\/wp-json\/wp\/v2\/product_cat?post=345103"},{"taxonomy":"product_tag","embeddable":true,"href":"https:\/\/www.moskito.cz\/de\/wp-json\/wp\/v2\/product_tag?post=345103"}],"curies":[{"name":"wp","href":"https:\/\/api.w.org\/{rel}","templated":true}]}}