{"id":345136,"date":"2024-06-18T10:21:10","date_gmt":"2024-06-18T09:43:50","guid":{"rendered":"https:\/\/www.moskito.cz\/produkt\/verschlussmesser-cold-steel-pro-lite-clip-point\/"},"modified":"2025-05-07T11:17:39","modified_gmt":"2025-05-07T10:17:39","slug":"verschlussmesser-cold-steel-pro-lite-clip-point","status":"publish","type":"product","link":"https:\/\/www.moskito.cz\/de\/produkt\/verschlussmesser-cold-steel-pro-lite-clip-point\/","title":{"rendered":"Verschlussmesser Cold Steel PRO LITE CLIP POINT"},"content":{"rendered":"<p>Verschlussmesser <strong>Cold Steel<\/strong> PRO LITE CLIP POINT.<\/p>\n<p>Unser Ziel bei der Entwicklung der Pro Lite-Serie war es, ein langlebiges Klappmesser mit der erwarteten \u00fcberlegenen Festigkeit und Haltbarkeit von Cold Steel zu einem erschwinglichen Preis anzubieten. Das vom ber\u00fchmten Messermacher Andrew Demke entworfene Pro Lite verf\u00fcgt \u00fcber eine deutsche Klinge aus kryogeh\u00e4rtetem 4116-Edelstahl mit langlebigem Stonewashed-Finish und einem klassischen Clip-Profil. Unser langlebiger Tri-Ad-Verriegelungsmechanismus sorgt f\u00fcr einen sicheren Verschluss. Der strukturierte Griff besteht aus strukturiertem glasfaserverst\u00e4rktem Nylon und verf\u00fcgt \u00fcber einen Taschenclip aus Edelstahl, der beidh\u00e4ndig mit gefalteter linker oder rechter Hand getragen werden kann.<\/p>\n<p>Gewicht: 93 g<br \/>\nGesamtgr\u00f6\u00dfe: 20,3 cm<br \/>\nKlingenl\u00e4nge: 8,9 cm<br \/>\nKlingenst\u00e4rke: 0,3 cm<br \/>\nStahl: 4116SS<br \/>\nGriffl\u00e4nge: 11,4 cm<br \/>\nGriffmaterial: Langes GFN<\/p>\n","protected":false},"excerpt":{"rendered":"<p><strong>Das kleine Klappmesser Pro Lite ist ein Messer f\u00fcr den t\u00e4glichen Gebrauch mit ausgezeichneter Haltbarkeit und St\u00e4rke.<\/strong><\/p>\n","protected":false},"featured_media":345126,"comment_status":"open","ping_status":"closed","template":"","meta":[],"pwb-brand":[3602],"product_brand":[],"product_cat":[3285,3303],"product_tag":[3669],"class_list":{"0":"post-345136","1":"product","2":"type-product","3":"status-publish","4":"has-post-thumbnail","6":"pwb-brand-kalter-stahl","7":"product_cat-messer","8":"product_cat-schliesmesser","9":"product_tag-b2b-de","11":"first","12":"instock","13":"taxable","14":"shipping-taxable","15":"purchasable","16":"product-type-simple"},"brands":[{"id":3602,"name":"Kalter Stahl","slug":"kalter-stahl"}],"_links":{"self":[{"href":"https:\/\/www.moskito.cz\/de\/wp-json\/wp\/v2\/product\/345136","targetHints":{"allow":["GET"]}}],"collection":[{"href":"https:\/\/www.moskito.cz\/de\/wp-json\/wp\/v2\/product"}],"about":[{"href":"https:\/\/www.moskito.cz\/de\/wp-json\/wp\/v2\/types\/product"}],"replies":[{"embeddable":true,"href":"https:\/\/www.moskito.cz\/de\/wp-json\/wp\/v2\/comments?post=345136"}],"wp:featuredmedia":[{"embeddable":true,"href":"https:\/\/www.moskito.cz\/de\/wp-json\/wp\/v2\/media\/345126"}],"wp:attachment":[{"href":"https:\/\/www.moskito.cz\/de\/wp-json\/wp\/v2\/media?parent=345136"}],"wp:term":[{"taxonomy":"pwb-brand","embeddable":true,"href":"https:\/\/www.moskito.cz\/de\/wp-json\/wp\/v2\/pwb-brand?post=345136"},{"taxonomy":"product_brand","embeddable":true,"href":"https:\/\/www.moskito.cz\/de\/wp-json\/wp\/v2\/product_brand?post=345136"},{"taxonomy":"product_cat","embeddable":true,"href":"https:\/\/www.moskito.cz\/de\/wp-json\/wp\/v2\/product_cat?post=345136"},{"taxonomy":"product_tag","embeddable":true,"href":"https:\/\/www.moskito.cz\/de\/wp-json\/wp\/v2\/product_tag?post=345136"}],"curies":[{"name":"wp","href":"https:\/\/api.w.org\/{rel}","templated":true}]}}