{"id":345161,"date":"2024-06-18T10:49:43","date_gmt":"2024-06-18T09:51:27","guid":{"rendered":"https:\/\/www.moskito.cz\/produkt\/mini-torpedo-werfen-cold-steel\/"},"modified":"2025-05-07T11:17:41","modified_gmt":"2025-05-07T10:17:41","slug":"mini-torpedo-werfen-cold-steel","status":"publish","type":"product","link":"https:\/\/www.moskito.cz\/de\/produkt\/mini-torpedo-werfen-cold-steel\/","title":{"rendered":"MINI TORPEDO werfen Cold Steel"},"content":{"rendered":"<p>MINI TORPEDO werfen <strong>Cold Steel.<\/strong><\/p>\n<p>Der Torpedo ist ein Favorit unter Sportwerfern und Hobbyspielern und seit vielen Jahren ein beliebter Bestandteil unserer Produktpalette, und das aus gutem Grund! Cold Steel-Torpedos machen gro\u00dfen Spa\u00df beim Werfen auf ein Ziel, bei der Jagd und sogar zur Selbstverteidigung und sind jetzt in zwei Gr\u00f6\u00dfen erh\u00e4ltlich; der Original-Torpedo und der neue Mini-Torpedo! Die doppelt abgeschr\u00e4gten Spitzen gleiten m\u00fchelos aus der Hand und sorgen so f\u00fcr ultimativen Halt. Sie bieten doppelt so viel Griffigkeit wie ein herk\u00f6mmliches Wurfmesser. Schwerer, 2 Pfund. Die Version erm\u00f6glicht es Ihnen, weit vom Ziel entfernt zu stehen (15 Meter oder mehr) und es mit \u00fcberraschender Kraft zu werfen. Die kleinere, leichtere Version kann sogar noch weiter geworfen werden und ist viel einfacher zu tragen, da sie halb so gro\u00df ist. Masse. Beide schlagen mit erschreckender Kraft zu und sind sehr effektiv.<\/p>\n<p><iframe title=\"COLD STEEL&#039;S TORPEDO\" width=\"800\" height=\"450\" src=\"https:\/\/www.youtube.com\/embed\/EXYMN448_60?feature=oembed\" frameborder=\"0\" allow=\"accelerometer; autoplay; clipboard-write; encrypted-media; gyroscope; picture-in-picture; web-share\" referrerpolicy=\"strict-origin-when-cross-origin\" allowfullscreen><\/iframe><\/p>\n<p>&nbsp;<\/p>\n","protected":false},"excerpt":{"rendered":"<p><strong>Der Mini Torpedo von Cold Steel ist ausschlie\u00dflich eine Wurfwaffe.<\/strong><\/p>\n","protected":false},"featured_media":345142,"comment_status":"open","ping_status":"closed","template":"","meta":[],"pwb-brand":[3602],"product_brand":[],"product_cat":[3285,3542],"product_tag":[3669],"class_list":{"0":"post-345161","1":"product","2":"type-product","3":"status-publish","4":"has-post-thumbnail","6":"pwb-brand-kalter-stahl","7":"product_cat-messer","8":"product_cat-messer-werfen","9":"product_tag-b2b-de","11":"first","12":"outofstock","13":"taxable","14":"shipping-taxable","15":"purchasable","16":"product-type-simple"},"brands":[{"id":3602,"name":"Kalter Stahl","slug":"kalter-stahl"}],"_links":{"self":[{"href":"https:\/\/www.moskito.cz\/de\/wp-json\/wp\/v2\/product\/345161","targetHints":{"allow":["GET"]}}],"collection":[{"href":"https:\/\/www.moskito.cz\/de\/wp-json\/wp\/v2\/product"}],"about":[{"href":"https:\/\/www.moskito.cz\/de\/wp-json\/wp\/v2\/types\/product"}],"replies":[{"embeddable":true,"href":"https:\/\/www.moskito.cz\/de\/wp-json\/wp\/v2\/comments?post=345161"}],"wp:featuredmedia":[{"embeddable":true,"href":"https:\/\/www.moskito.cz\/de\/wp-json\/wp\/v2\/media\/345142"}],"wp:attachment":[{"href":"https:\/\/www.moskito.cz\/de\/wp-json\/wp\/v2\/media?parent=345161"}],"wp:term":[{"taxonomy":"pwb-brand","embeddable":true,"href":"https:\/\/www.moskito.cz\/de\/wp-json\/wp\/v2\/pwb-brand?post=345161"},{"taxonomy":"product_brand","embeddable":true,"href":"https:\/\/www.moskito.cz\/de\/wp-json\/wp\/v2\/product_brand?post=345161"},{"taxonomy":"product_cat","embeddable":true,"href":"https:\/\/www.moskito.cz\/de\/wp-json\/wp\/v2\/product_cat?post=345161"},{"taxonomy":"product_tag","embeddable":true,"href":"https:\/\/www.moskito.cz\/de\/wp-json\/wp\/v2\/product_tag?post=345161"}],"curies":[{"name":"wp","href":"https:\/\/api.w.org\/{rel}","templated":true}]}}