{"id":345196,"date":"2024-06-18T11:03:34","date_gmt":"2024-06-18T11:05:17","guid":{"rendered":"https:\/\/www.moskito.cz\/produkt\/cold-steel-stockman-klappmesser\/"},"modified":"2025-05-07T11:17:42","modified_gmt":"2025-05-07T10:17:42","slug":"cold-steel-stockman-klappmesser","status":"publish","type":"product","link":"https:\/\/www.moskito.cz\/de\/produkt\/cold-steel-stockman-klappmesser\/","title":{"rendered":"Cold Steel STOCKMAN Klappmesser"},"content":{"rendered":"<p><strong>Cold Steel<\/strong> STOCKMAN Klappmesser.<\/p>\n<p><strong>Das Cold Steel Stockman<\/strong> Klappmesser ist eine etwas gr\u00f6\u00dfere und langlebigere Version des Gentleman&#8217;s Stockman. Die Stockman-Serie ist unsere Variation des klassischen Herrenmessers. Es hat Griffe aus echtem Knochen und wird durch Kopfst\u00fctzen aus poliertem Metall akzentuiert. Die robusten Griffe sind f\u00fcr schwere Arbeiten auch mit behandschuhten H\u00e4nden ausreichend dimensioniert. Es ist im traditionellen Klappmesser-Design mit drei polierten 8Cr13MoV-Edelstahlklingen konstruiert: einer Clipklinge zum Durchstechen und Schneiden, einer Klinge zum Enth\u00e4uten und Ausnehmen und einer Schafsfu\u00dfklinge, um Durchstiche bei allen Schneidarbeiten zu verhindern. Es ist ein praktisches Messer, das f\u00fcr alle Arten von Arbeiten n\u00fctzlich ist und in fast jede Umgebung, von der Stadt bis zum Land, gut passt. Dies ist ein gro\u00dfartiges Taschenmesser, das sich perfekt f\u00fcr Heimprojekte, den Einsatz im Freien oder als Jagdmesser eignet.<\/p>\n<p>Klingenl\u00e4nge 1: <span id=\"cwos\" class=\"qv3Wpe\">8,75<\/span> cm<\/p>\n<p>Klingenl\u00e4nge 2: <span id=\"cwos\" class=\"qv3Wpe\">5,75<\/span> cm<br \/>\nKlingenl\u00e4nge 3: 5 cm<br \/>\nStahlfamilie: 8Cr13MoV Edelstahl<\/p>\n<p>Farbe: Knochen<\/p>\n<p>Produktlinie: Stockman<\/p>\n<p>Verriegelungsmechanismus: Schiebegelenk<\/p>\n<p>&nbsp;<\/p>\n","protected":false},"excerpt":{"rendered":"<p><strong>Das Cold Steel Stockman Klappmesser ist eine etwas gr\u00f6\u00dfere und langlebigere Version des Gentleman&#8217;s Stockman. Die Stockman-Serie ist unsere Variation des klassischen Herrenmessers.<\/strong><\/p>\n","protected":false},"featured_media":345166,"comment_status":"open","ping_status":"closed","template":"","meta":[],"pwb-brand":[3602],"product_brand":[],"product_cat":[3285,3303],"product_tag":[3669],"class_list":{"0":"post-345196","1":"product","2":"type-product","3":"status-publish","4":"has-post-thumbnail","6":"pwb-brand-kalter-stahl","7":"product_cat-messer","8":"product_cat-schliesmesser","9":"product_tag-b2b-de","11":"first","12":"outofstock","13":"taxable","14":"shipping-taxable","15":"purchasable","16":"product-type-simple"},"brands":[{"id":3602,"name":"Kalter Stahl","slug":"kalter-stahl"}],"_links":{"self":[{"href":"https:\/\/www.moskito.cz\/de\/wp-json\/wp\/v2\/product\/345196","targetHints":{"allow":["GET"]}}],"collection":[{"href":"https:\/\/www.moskito.cz\/de\/wp-json\/wp\/v2\/product"}],"about":[{"href":"https:\/\/www.moskito.cz\/de\/wp-json\/wp\/v2\/types\/product"}],"replies":[{"embeddable":true,"href":"https:\/\/www.moskito.cz\/de\/wp-json\/wp\/v2\/comments?post=345196"}],"wp:featuredmedia":[{"embeddable":true,"href":"https:\/\/www.moskito.cz\/de\/wp-json\/wp\/v2\/media\/345166"}],"wp:attachment":[{"href":"https:\/\/www.moskito.cz\/de\/wp-json\/wp\/v2\/media?parent=345196"}],"wp:term":[{"taxonomy":"pwb-brand","embeddable":true,"href":"https:\/\/www.moskito.cz\/de\/wp-json\/wp\/v2\/pwb-brand?post=345196"},{"taxonomy":"product_brand","embeddable":true,"href":"https:\/\/www.moskito.cz\/de\/wp-json\/wp\/v2\/product_brand?post=345196"},{"taxonomy":"product_cat","embeddable":true,"href":"https:\/\/www.moskito.cz\/de\/wp-json\/wp\/v2\/product_cat?post=345196"},{"taxonomy":"product_tag","embeddable":true,"href":"https:\/\/www.moskito.cz\/de\/wp-json\/wp\/v2\/product_tag?post=345196"}],"curies":[{"name":"wp","href":"https:\/\/api.w.org\/{rel}","templated":true}]}}