{"id":345257,"date":"2024-06-18T12:20:23","date_gmt":"2024-06-18T11:20:23","guid":{"rendered":"https:\/\/www.moskito.cz\/produkt\/wurfmesser-von-cold-steel-mit-paracord-griff-3er-pack-mit-scheide\/"},"modified":"2025-05-07T11:17:45","modified_gmt":"2025-05-07T10:17:45","slug":"wurfmesser-von-cold-steel-mit-paracord-griff-3er-pack-mit-scheide","status":"publish","type":"product","link":"https:\/\/www.moskito.cz\/de\/produkt\/wurfmesser-von-cold-steel-mit-paracord-griff-3er-pack-mit-scheide\/","title":{"rendered":"Wurfmesser von Cold Steel mit Paracord-Griff \u2013 3er-Pack mit Scheide"},"content":{"rendered":"<p>Wurfmesser <strong>von Cold Steel<\/strong> mit Paracord-Griff \u2013 3er-Pack mit Scheide.<\/p>\n<p>Hergestellt aus robustem 420SS-Stahl und mit einer kratzfesten schwarzen Schutzbeschichtung versehen. Diese Wurfmesser sind wundersch\u00f6n ausbalanciert, um Genauigkeit und Haltbarkeit f\u00fcr eine lange Lebensdauer zu gew\u00e4hrleisten. Dank ihrer scharfen, funktionellen Mehrzweckklingen und der mit Paracord umwickelten Griffe eignen sie sich hervorragend als Bushcraft- oder Survivalmesser. Das Dreierset l\u00e4sst sich problemlos in der mitgelieferten Nylontasche verstauen.<\/p>\n<p>Gewicht: 138 g<br \/>\nGesamtgr\u00f6\u00dfe: 22,9 cm<br \/>\nKlingenl\u00e4nge: 10,2 cm<br \/>\nKlingenst\u00e4rke: 0,39 cm<br \/>\nStahl: 420SS<br \/>\nGriffl\u00e4nge: 12,7 cm<br \/>\nGeh\u00e4usematerial: Nylon<\/p>\n","protected":false},"excerpt":{"rendered":"<p><strong>Diese Wurfmesser sind wundersch\u00f6n ausbalanciert, um Genauigkeit und Haltbarkeit f\u00fcr eine lange Lebensdauer zu gew\u00e4hrleisten. Dank ihrer scharfen, funktionellen Mehrzweckklingen und der mit Paracord umwickelten Griffe eignen sie sich hervorragend als Bushcraft- oder Survivalmesser.<\/strong><\/p>\n","protected":false},"featured_media":345222,"comment_status":"open","ping_status":"closed","template":"","meta":[],"pwb-brand":[3602],"product_brand":[],"product_cat":[3542,3285],"product_tag":[3669],"class_list":{"0":"post-345257","1":"product","2":"type-product","3":"status-publish","4":"has-post-thumbnail","6":"pwb-brand-kalter-stahl","7":"product_cat-messer-werfen","8":"product_cat-messer","9":"product_tag-b2b-de","11":"first","12":"instock","13":"sold-individually","14":"taxable","15":"shipping-taxable","16":"purchasable","17":"product-type-simple"},"brands":[{"id":3602,"name":"Kalter Stahl","slug":"kalter-stahl"}],"_links":{"self":[{"href":"https:\/\/www.moskito.cz\/de\/wp-json\/wp\/v2\/product\/345257","targetHints":{"allow":["GET"]}}],"collection":[{"href":"https:\/\/www.moskito.cz\/de\/wp-json\/wp\/v2\/product"}],"about":[{"href":"https:\/\/www.moskito.cz\/de\/wp-json\/wp\/v2\/types\/product"}],"replies":[{"embeddable":true,"href":"https:\/\/www.moskito.cz\/de\/wp-json\/wp\/v2\/comments?post=345257"}],"wp:featuredmedia":[{"embeddable":true,"href":"https:\/\/www.moskito.cz\/de\/wp-json\/wp\/v2\/media\/345222"}],"wp:attachment":[{"href":"https:\/\/www.moskito.cz\/de\/wp-json\/wp\/v2\/media?parent=345257"}],"wp:term":[{"taxonomy":"pwb-brand","embeddable":true,"href":"https:\/\/www.moskito.cz\/de\/wp-json\/wp\/v2\/pwb-brand?post=345257"},{"taxonomy":"product_brand","embeddable":true,"href":"https:\/\/www.moskito.cz\/de\/wp-json\/wp\/v2\/product_brand?post=345257"},{"taxonomy":"product_cat","embeddable":true,"href":"https:\/\/www.moskito.cz\/de\/wp-json\/wp\/v2\/product_cat?post=345257"},{"taxonomy":"product_tag","embeddable":true,"href":"https:\/\/www.moskito.cz\/de\/wp-json\/wp\/v2\/product_tag?post=345257"}],"curies":[{"name":"wp","href":"https:\/\/api.w.org\/{rel}","templated":true}]}}