{"id":345321,"date":"2024-06-19T04:21:22","date_gmt":"2024-06-19T03:22:31","guid":{"rendered":"https:\/\/www.moskito.cz\/produkt\/emerson-apache-sf-schliessmesser\/"},"modified":"2025-05-07T11:17:46","modified_gmt":"2025-05-07T10:17:46","slug":"emerson-apache-sf-schliessmesser","status":"publish","type":"product","link":"https:\/\/www.moskito.cz\/de\/produkt\/emerson-apache-sf-schliessmesser\/","title":{"rendered":"Emerson Apache SF Schlie\u00dfmesser"},"content":{"rendered":"<p><strong>Emerson<\/strong> Apache SF Schlie\u00dfmesser.<\/p>\n<p>Zu den am meisten gef\u00fcrchteten Indianern des amerikanischen Wilden Westens geh\u00f6rten die Apache-St\u00e4mme. Die ber\u00fchmteste davon war eine Gruppe von Kriegern unter der F\u00fchrung von Geronimo, einem einheimischen Apachen aus dem Stamm der Bedonkohe.<\/p>\n<p>Geronimo war einer der letzten gro\u00dfen Krieger der Indianerkriege, der schlie\u00dflich am 4. gefangen genommen wurde. September 1886. Er wurde mit einem Winchester-Gewehr, einer Colt-Pistole und einem Bowiemesser gefangen genommen.<\/p>\n<p>Als ich das Emerson Apache entwarf, gab es etwas an der Optik und Haptik, der \u201eAusstrahlung\u201c dieses Messers, das f\u00fcr mich \u201eindisch\u201c war. Es war primitiv, rau und hart. Ich habe es Apache genannt. Sp\u00e4ter fand ich heraus, dass einer seiner letzten und wertvollsten Besitzt\u00fcmer, als Geronimo ihn schlie\u00dflich aufgab, sein Sheffield Bowiemesser war.<\/p>\n<p>Dieses Messer sollte einfach sein. Wenn Sie es in die Hand nehmen, k\u00f6nnen Sie fast das Knarren des abgenutzten Leders h\u00f6ren und den Salbei in der warmen Brise riechen. Und man sp\u00fcrt den ungebrochenen Geist eines Menschen, der bis zum bitteren Ende k\u00e4mpft.<\/p>\n<p>Griff: G-10<br \/>\nKlinge: 154 cm<br \/>\nOberfl\u00e4chenbehandlung der Klinge: Stone Washed<\/p>\n<p>Gesamtl\u00e4nge: 22 cm<br \/>\nKlingenl\u00e4nge: 9,25 cm<br \/>\nH\u00e4rte 57-59RC<br \/>\nGewicht 6,0 Unzen<\/p>\n<p>&nbsp;<\/p>\n","protected":false},"excerpt":{"rendered":"<p><strong>EMERSON-MESSER WERDEN VON DER ELITE DES MILIT\u00c4RS UND DER STRAFVERFOLGUNG GESUCHT<\/strong><br \/>\n<strong>VON TRUPPEN AUF DER GANZEN WELT UND SETZEN DEN STANDARD, AN DEM ALLE ANDEREN TAKTISCHEN MESSER BEURTEILT WERDEN.<\/strong><\/p>\n<p>Kostenloser Transport.<\/p>\n","protected":false},"featured_media":345290,"comment_status":"open","ping_status":"closed","template":"","meta":[],"pwb-brand":[3787],"product_brand":[],"product_cat":[3285,3303],"product_tag":[],"class_list":{"0":"post-345321","1":"product","2":"type-product","3":"status-publish","4":"has-post-thumbnail","6":"pwb-brand-emerson-de","7":"product_cat-messer","8":"product_cat-schliesmesser","10":"first","11":"outofstock","12":"taxable","13":"shipping-taxable","14":"purchasable","15":"product-type-simple"},"brands":[{"id":3787,"name":"Emerson","slug":"emerson-de"}],"_links":{"self":[{"href":"https:\/\/www.moskito.cz\/de\/wp-json\/wp\/v2\/product\/345321","targetHints":{"allow":["GET"]}}],"collection":[{"href":"https:\/\/www.moskito.cz\/de\/wp-json\/wp\/v2\/product"}],"about":[{"href":"https:\/\/www.moskito.cz\/de\/wp-json\/wp\/v2\/types\/product"}],"replies":[{"embeddable":true,"href":"https:\/\/www.moskito.cz\/de\/wp-json\/wp\/v2\/comments?post=345321"}],"wp:featuredmedia":[{"embeddable":true,"href":"https:\/\/www.moskito.cz\/de\/wp-json\/wp\/v2\/media\/345290"}],"wp:attachment":[{"href":"https:\/\/www.moskito.cz\/de\/wp-json\/wp\/v2\/media?parent=345321"}],"wp:term":[{"taxonomy":"pwb-brand","embeddable":true,"href":"https:\/\/www.moskito.cz\/de\/wp-json\/wp\/v2\/pwb-brand?post=345321"},{"taxonomy":"product_brand","embeddable":true,"href":"https:\/\/www.moskito.cz\/de\/wp-json\/wp\/v2\/product_brand?post=345321"},{"taxonomy":"product_cat","embeddable":true,"href":"https:\/\/www.moskito.cz\/de\/wp-json\/wp\/v2\/product_cat?post=345321"},{"taxonomy":"product_tag","embeddable":true,"href":"https:\/\/www.moskito.cz\/de\/wp-json\/wp\/v2\/product_tag?post=345321"}],"curies":[{"name":"wp","href":"https:\/\/api.w.org\/{rel}","templated":true}]}}