{"id":345382,"date":"2024-06-19T04:46:55","date_gmt":"2024-06-19T03:49:51","guid":{"rendered":"https:\/\/www.moskito.cz\/produkt\/verschlussmesser-emerson-hattin-sf\/"},"modified":"2025-05-07T11:17:48","modified_gmt":"2025-05-07T10:17:48","slug":"verschlussmesser-emerson-hattin-sf","status":"publish","type":"product","link":"https:\/\/www.moskito.cz\/de\/produkt\/verschlussmesser-emerson-hattin-sf\/","title":{"rendered":"Verschlussmesser Emerson Hattin SF"},"content":{"rendered":"<p>Verschlussmesser <strong>Emerson<\/strong> Hattin SF.<\/p>\n<p>Als europ\u00e4ische Kreuzfahrer zum ersten Mal im Nahen Osten auf die Armeen des Islam trafen, waren sie von der Kampftaktik ihrer muslimischen Feinde \u00fcberrascht. Zum ersten Mal sahen sich europ\u00e4ische Armeen den blitzschnellen \u00dcberf\u00e4llen der berittenen leichten Kavallerie ausgesetzt, die auch das blitzschnelle Schwert, den S\u00e4bel, trug. Leicht, schnell und t\u00f6dlich sind wahrscheinlich die besten Worte, mit denen man diese exotische und beeindruckende Waffe beschreiben kann.<\/p>\n<p>Der Krumms\u00e4bel war eine Einhandwaffe mit sehr sicherem Griff, und seine Linien verliefen in einem anmutigen Bogen bis zum Punkt des Todes, was zu einer Waffe f\u00fchrte, die sowohl beim Stechen als auch beim Hieb gleicherma\u00dfen effektiv war. <strong>Emerson Hattin<\/strong> ist nach der Schlacht von Hattin benannt, die am 4 Im Juli 1187 fand in den trockenen Ebenen unterhalb der H\u00f6rner von Hattin eine historische Schlacht statt, die zur vernichtenden Niederlage der Kreuzfahrer und Byzantiner durch die Armee von Sal Al A Dina (Saladin), dem gr\u00f6\u00dften aller islamischen Krieger und sp\u00e4teren Feind, f\u00fchrte von Richard Coure de Leone (Richard L\u00f6wenherz).  <strong>Der Emerson Hattin<\/strong> hat eine Klinge im Krumms\u00e4belstil und vermittelt genau die gleiche Bedeutung der drei W\u00f6rter \u201eleicht\u201c, \u201eschnell\u201c und \u201et\u00f6dlich\u201c, die erstmals vor fast tausend Jahren beschrieben wurden.<\/p>\n<p>Wenn Sie eines in die Hand nehmen, schlie\u00dfen Sie die Augen und vielleicht k\u00f6nnen Sie den Schlachtruf der Krieger und das Klirren von gesch\u00e4rftem Stahl weit in der Ferne h\u00f6ren, von der Schlacht, die immer noch die trockenen Ebenen des Nahen Ostens heimsucht und andauert. heute zwischen den M\u00e4chten des Guten und des B\u00f6sen gef\u00fchrt.<\/p>\n<p>Ernest <strong>Emerson<\/strong> ist zweifellos einer der produktivsten Messerdesigner aller Zeiten. Seine Entw\u00fcrfe sind seit \u00fcber 20 Jahren die einflussreichste Kraft in der Messerindustrie, und gemessen an der Wirkung, die sie erzielt haben, m\u00fcssen es ziemlich gute Entw\u00fcrfe gewesen sein. Dies verursacht das Problem. Emerson hat mehr Designs als nur Messer.<\/p>\n<p>In seinen Worten: \u201eIch habe eine Reihe von Designs entworfen, deren Bau Jahrzehnte in Anspruch nehmen w\u00fcrde, und ich entwerfe immer noch neue Designs.\u201c<\/p>\n<p>Um Ihnen, dem Messerbenutzer, diese Vorschl\u00e4ge n\u00e4her zu bringen, hat <strong>Emerson Knives<\/strong> die Idee der \u201eSpecial Runs\u201c eingef\u00fchrt. Jedes Jahr produzieren wir 6 dieser neuen Designs als \u201eSonderserie\u201c, sodass Sie die Chance haben, diese neuen, einzigartigen und aufregenden Messerdesigns zu besitzen. Sie werden alle zwei Monate in \u00e4u\u00dferst begrenzten Mengen ver\u00f6ffentlicht.<\/p>\n<p>Griffe: Schwarzes G-10-Epoxidharz\/Fiberglas<br \/>\nSchloss: Titan<br \/>\nKlinge: 154 cm<br \/>\nFinish: Stonewashed<br \/>\nGesamtl\u00e4nge: 24 cm<br \/>\nKlingenl\u00e4nge: 10 cm<br \/>\nH\u00e4rte 57-59 RC<\/p>\n<p><iframe title=\"Emerson Knives 3rd Special Limited Run - The Hattin. Available for Pre-sale now.\" width=\"800\" height=\"450\" src=\"https:\/\/www.youtube.com\/embed\/ASMhmI0oM6g?feature=oembed\" frameborder=\"0\" allow=\"accelerometer; autoplay; clipboard-write; encrypted-media; gyroscope; picture-in-picture; web-share\" referrerpolicy=\"strict-origin-when-cross-origin\" allowfullscreen><\/iframe><\/p>\n<p>&nbsp;<\/p>\n","protected":false},"excerpt":{"rendered":"<p><strong>Wenn Sie eines in die Hand nehmen, schlie\u00dfen Sie die Augen und vielleicht k\u00f6nnen Sie den Schlachtruf der Krieger und das Klirren von gesch\u00e4rftem Stahl weit in der Ferne h\u00f6ren, von der Schlacht, die immer noch die trockenen Ebenen des Nahen Ostens heimsucht und andauert. heute zwischen den M\u00e4chten von Gut und B\u00f6se gef\u00fchrt.<\/strong><\/p>\n<p><strong>Kostenloser Transport.<\/strong><\/p>\n","protected":false},"featured_media":345330,"comment_status":"open","ping_status":"closed","template":"","meta":[],"pwb-brand":[3787],"product_brand":[],"product_cat":[3285,3303],"product_tag":[],"class_list":{"0":"post-345382","1":"product","2":"type-product","3":"status-publish","4":"has-post-thumbnail","6":"pwb-brand-emerson-de","7":"product_cat-messer","8":"product_cat-schliesmesser","10":"first","11":"outofstock","12":"taxable","13":"shipping-taxable","14":"purchasable","15":"product-type-simple"},"brands":[{"id":3787,"name":"Emerson","slug":"emerson-de"}],"_links":{"self":[{"href":"https:\/\/www.moskito.cz\/de\/wp-json\/wp\/v2\/product\/345382","targetHints":{"allow":["GET"]}}],"collection":[{"href":"https:\/\/www.moskito.cz\/de\/wp-json\/wp\/v2\/product"}],"about":[{"href":"https:\/\/www.moskito.cz\/de\/wp-json\/wp\/v2\/types\/product"}],"replies":[{"embeddable":true,"href":"https:\/\/www.moskito.cz\/de\/wp-json\/wp\/v2\/comments?post=345382"}],"wp:featuredmedia":[{"embeddable":true,"href":"https:\/\/www.moskito.cz\/de\/wp-json\/wp\/v2\/media\/345330"}],"wp:attachment":[{"href":"https:\/\/www.moskito.cz\/de\/wp-json\/wp\/v2\/media?parent=345382"}],"wp:term":[{"taxonomy":"pwb-brand","embeddable":true,"href":"https:\/\/www.moskito.cz\/de\/wp-json\/wp\/v2\/pwb-brand?post=345382"},{"taxonomy":"product_brand","embeddable":true,"href":"https:\/\/www.moskito.cz\/de\/wp-json\/wp\/v2\/product_brand?post=345382"},{"taxonomy":"product_cat","embeddable":true,"href":"https:\/\/www.moskito.cz\/de\/wp-json\/wp\/v2\/product_cat?post=345382"},{"taxonomy":"product_tag","embeddable":true,"href":"https:\/\/www.moskito.cz\/de\/wp-json\/wp\/v2\/product_tag?post=345382"}],"curies":[{"name":"wp","href":"https:\/\/api.w.org\/{rel}","templated":true}]}}