{"id":345426,"date":"2024-06-19T05:06:55","date_gmt":"2024-06-19T04:07:35","guid":{"rendered":"https:\/\/www.moskito.cz\/produkt\/schliessmesser-emerson-cqc-45-sf\/"},"modified":"2025-05-07T11:17:48","modified_gmt":"2025-05-07T10:17:48","slug":"schliessmesser-emerson-cqc-45-sf","status":"publish","type":"product","link":"https:\/\/www.moskito.cz\/de\/produkt\/schliessmesser-emerson-cqc-45-sf\/","title":{"rendered":"Schlie\u00dfmesser Emerson CQC-45 SF"},"content":{"rendered":"<p><strong>Emerson<\/strong> CQC-45 SF Schlie\u00dfmesser.<\/p>\n<p>Das Messer verf\u00fcgt \u00fcber ein klassisches ergonomisches Griffdesign von Emerson mit einer bew\u00e4hrten und zeitlosen messerscharfen Klinge im Bowie-Stil. Die Klinge besteht aus hochwertigem Crucible 154CM-Klingenstahl, der auf eine optimale Arbeitsh\u00e4rte von Rockwell RC 57-59 w\u00e4rmebehandelt wurde.<\/p>\n<p>Als Les Baer mich bat, ein Messer passend <strong>zur CQC-45-<\/strong> Pistole zu entwerfenIch habe mich nat\u00fcrlich f\u00fcr das Emerson Nineteen-11-Messer entschieden, das jetzt in CQC-45 umbenannt wurde. Dieses Messer war von Anfang an so konzipiert, dass es die schlichte, robuste Effizienz der legend\u00e4ren Waffe verk\u00f6rpert, nach der es benannt ist. Ein sehr ber\u00fchmter Historiker und B\u00fcchsenmacher aus dem Jahr 1911 sagte einmal zu mir: \u201eErnesti, wenn John H. Browning jemanden h\u00e4tte bitten k\u00f6nnen, ein Messer zu entwerfen, das zu seiner Waffe passt, h\u00e4tte er sich f\u00fcr Sie entschieden.\u201c . Wenn ich in meinem Leben auch nur einen kleinen Teil dieses Kompliments erleben k\u00f6nnte, w\u00e4re ich gl\u00fccklich.<\/p>\n<p>Griffe: Schwarzes G-10-Epoxidharz\/Fiberglas<br \/>\nSchloss: Titan<br \/>\nKlinge: 154 cm<br \/>\nFinish: Stonewashed<br \/>\nGesamtl\u00e4nge: 21 cm<br \/>\nKlingenl\u00e4nge: 9 cm<br \/>\nH\u00e4rte 57-59 RC<\/p>\n","protected":false},"excerpt":{"rendered":"<p><strong>EMERSON-MESSER WERDEN VON DER ELITE DES MILIT\u00c4RS UND DER STRAFVERFOLGUNG GESUCHT<\/strong><br \/>\n<strong>VON TRUPPEN AUF DER GANZEN WELT UND SETZEN DEN STANDARD, AN DEM ALLE ANDEREN TAKTISCHEN MESSER BEURTEILT WERDEN.<\/strong><\/p>\n<p>Kostenloser Transport.<\/p>\n","protected":false},"featured_media":345388,"comment_status":"open","ping_status":"closed","template":"","meta":[],"pwb-brand":[3787],"product_brand":[],"product_cat":[3285,3303],"product_tag":[],"class_list":{"0":"post-345426","1":"product","2":"type-product","3":"status-publish","4":"has-post-thumbnail","6":"pwb-brand-emerson-de","7":"product_cat-messer","8":"product_cat-schliesmesser","10":"first","11":"outofstock","12":"taxable","13":"shipping-taxable","14":"purchasable","15":"product-type-simple"},"brands":[{"id":3787,"name":"Emerson","slug":"emerson-de"}],"_links":{"self":[{"href":"https:\/\/www.moskito.cz\/de\/wp-json\/wp\/v2\/product\/345426","targetHints":{"allow":["GET"]}}],"collection":[{"href":"https:\/\/www.moskito.cz\/de\/wp-json\/wp\/v2\/product"}],"about":[{"href":"https:\/\/www.moskito.cz\/de\/wp-json\/wp\/v2\/types\/product"}],"replies":[{"embeddable":true,"href":"https:\/\/www.moskito.cz\/de\/wp-json\/wp\/v2\/comments?post=345426"}],"wp:featuredmedia":[{"embeddable":true,"href":"https:\/\/www.moskito.cz\/de\/wp-json\/wp\/v2\/media\/345388"}],"wp:attachment":[{"href":"https:\/\/www.moskito.cz\/de\/wp-json\/wp\/v2\/media?parent=345426"}],"wp:term":[{"taxonomy":"pwb-brand","embeddable":true,"href":"https:\/\/www.moskito.cz\/de\/wp-json\/wp\/v2\/pwb-brand?post=345426"},{"taxonomy":"product_brand","embeddable":true,"href":"https:\/\/www.moskito.cz\/de\/wp-json\/wp\/v2\/product_brand?post=345426"},{"taxonomy":"product_cat","embeddable":true,"href":"https:\/\/www.moskito.cz\/de\/wp-json\/wp\/v2\/product_cat?post=345426"},{"taxonomy":"product_tag","embeddable":true,"href":"https:\/\/www.moskito.cz\/de\/wp-json\/wp\/v2\/product_tag?post=345426"}],"curies":[{"name":"wp","href":"https:\/\/api.w.org\/{rel}","templated":true}]}}