{"id":345446,"date":"2024-06-19T05:21:15","date_gmt":"2024-06-19T04:22:23","guid":{"rendered":"https:\/\/www.moskito.cz\/produkt\/emerson-sheepdog-klappmesser\/"},"modified":"2025-05-07T11:17:51","modified_gmt":"2025-05-07T10:17:51","slug":"emerson-sheepdog-klappmesser","status":"publish","type":"product","link":"https:\/\/www.moskito.cz\/de\/produkt\/emerson-sheepdog-klappmesser\/","title":{"rendered":"Emerson Sheepdog Klappmesser"},"content":{"rendered":"<p><strong>Emerson<\/strong> Sheepdog Klappmesser.<\/p>\n<p><strong>Der Sch\u00e4ferhund<\/strong> ist einer der besten Freunde des Menschen und jederzeit bereit, einzugreifen, um die Herde und seine menschliche Familie zu besch\u00fctzen. Sie sind immer im Einsatz und immer Ihr st\u00e4ndiger Begleiter. Sie haben Ihren \u201eSch\u00e4ferhund\u201c vielleicht schon an Ihrer Seite, aber jetzt k\u00f6nnen Sie einen Sch\u00e4ferhund haben, den Sie in der Tasche tragen k\u00f6nnen. Wir stellen Ihnen <strong>das Sheepdog-Messer<\/strong> von <strong>Emerson Knives<\/strong> vor und lassen Sie sich von seiner Gr\u00f6\u00dfe nicht t\u00e4uschen. In diesem Taschenschutz steckt jede Menge St\u00e4rke, N\u00fctzlichkeit und Hochleistungsleistung. Dank unserer dreifachen \u00d6ffnungsfunktionen \u2013 Daumenknopf, Welle und Flipper \u2013 ist er jederzeit einsatzbereit, genau wie seine Hunde-Inspiration. Seien Sie nie ohne eine EDC-Version des besten Freundes des Menschen. Nehmen Sie <strong>Emerson Sheepdog<\/strong> mit, wohin Sie auch gehen.<\/p>\n<p>Griffe: Schwarzes G-10-Epoxidharz\/Fiberglas<br \/>\nSchloss: Titan<br \/>\nKlinge: 154 cm<br \/>\nFinish: Stonewashed<br \/>\nGesamtl\u00e4nge: 18 cm<br \/>\nKlingenl\u00e4nge: 7,5 cm<br \/>\nH\u00e4rte 57-59 RC<\/p>\n","protected":false},"excerpt":{"rendered":"<p><strong>W\u00e4chter und Besch\u00fctzer. Wenn ein Messer das Werkzeug ist, das Sie brauchen, wird der Hirte Sie niemals im Stich lassen. Bei der Arbeit, bei Abenteuern, in Notsituationen und zum Schutz ist der Hirte der beste Freund des Menschen.  <\/strong><\/p>\n<p><strong>Kostenloser Transport.<\/strong><\/p>\n","protected":false},"featured_media":345437,"comment_status":"open","ping_status":"closed","template":"","meta":[],"pwb-brand":[3787],"product_brand":[],"product_cat":[3303,3285],"product_tag":[],"class_list":{"0":"post-345446","1":"product","2":"type-product","3":"status-publish","4":"has-post-thumbnail","6":"pwb-brand-emerson-de","7":"product_cat-schliesmesser","8":"product_cat-messer","10":"first","11":"instock","12":"taxable","13":"shipping-taxable","14":"purchasable","15":"product-type-simple"},"brands":[{"id":3787,"name":"Emerson","slug":"emerson-de"}],"_links":{"self":[{"href":"https:\/\/www.moskito.cz\/de\/wp-json\/wp\/v2\/product\/345446","targetHints":{"allow":["GET"]}}],"collection":[{"href":"https:\/\/www.moskito.cz\/de\/wp-json\/wp\/v2\/product"}],"about":[{"href":"https:\/\/www.moskito.cz\/de\/wp-json\/wp\/v2\/types\/product"}],"replies":[{"embeddable":true,"href":"https:\/\/www.moskito.cz\/de\/wp-json\/wp\/v2\/comments?post=345446"}],"wp:featuredmedia":[{"embeddable":true,"href":"https:\/\/www.moskito.cz\/de\/wp-json\/wp\/v2\/media\/345437"}],"wp:attachment":[{"href":"https:\/\/www.moskito.cz\/de\/wp-json\/wp\/v2\/media?parent=345446"}],"wp:term":[{"taxonomy":"pwb-brand","embeddable":true,"href":"https:\/\/www.moskito.cz\/de\/wp-json\/wp\/v2\/pwb-brand?post=345446"},{"taxonomy":"product_brand","embeddable":true,"href":"https:\/\/www.moskito.cz\/de\/wp-json\/wp\/v2\/product_brand?post=345446"},{"taxonomy":"product_cat","embeddable":true,"href":"https:\/\/www.moskito.cz\/de\/wp-json\/wp\/v2\/product_cat?post=345446"},{"taxonomy":"product_tag","embeddable":true,"href":"https:\/\/www.moskito.cz\/de\/wp-json\/wp\/v2\/product_tag?post=345446"}],"curies":[{"name":"wp","href":"https:\/\/api.w.org\/{rel}","templated":true}]}}