{"id":345484,"date":"2024-06-19T05:37:31","date_gmt":"2024-06-19T04:39:50","guid":{"rendered":"https:\/\/www.moskito.cz\/produkt\/emerson-bulldog-klappmesser\/"},"modified":"2025-05-07T11:17:52","modified_gmt":"2025-05-07T10:17:52","slug":"emerson-bulldog-klappmesser","status":"publish","type":"product","link":"https:\/\/www.moskito.cz\/de\/produkt\/emerson-bulldog-klappmesser\/","title":{"rendered":"Emerson Bulldog Klappmesser"},"content":{"rendered":"<p><strong>Emerson Bulldog<\/strong> Klappmesser.<\/p>\n<p>Der Emerson Bulldog ist der langlebige und robuste Alltagstransporter, nach dem Sie gesucht haben. Das Bulldog ist dank seiner geraden Klinge, die durch spitze Winkel die scharfe Tanto-Spitze erreicht, ein sehr geradliniges Messer. Es verf\u00fcgt \u00fcber einen quadratischen G-10-Griff mit Fingerschutz gepaart mit unserer patentierten Emerson Wave-Funktion f\u00fcr einen schnellen Einsatz aus der Tasche. Das Emerson Bulldog ist ein Favorit unter Polizeibeamten, die ein praktisches, kleines, aber robustes Einsatzmesser suchen. Die Klinge ist wahlweise mit Stein- oder schwarzbeschichteter Klinge mit glatten oder teilweise gezahnten Kanten erh\u00e4ltlich. \u00dcberzeugen Sie sich selbst, warum das Bulldog-Messer so zuverl\u00e4ssig ist.<\/p>\n<p>Griffe: Schwarzes G-10-Epoxidharz\/Fiberglas<br \/>\nSchloss: Titan<br \/>\nKlinge: 154 cm<br \/>\nFinish: Stonewashed<br \/>\nGesamtl\u00e4nge: 19 cm<br \/>\nKlingenl\u00e4nge: 8 cm<br \/>\nH\u00e4rte 57-59 RC<\/p>\n<p><iframe title=\"The Emerson Knives Bulldog\" width=\"800\" height=\"450\" src=\"https:\/\/www.youtube.com\/embed\/EYQ1QIL6Zu0?feature=oembed\" frameborder=\"0\" allow=\"accelerometer; autoplay; clipboard-write; encrypted-media; gyroscope; picture-in-picture; web-share\" referrerpolicy=\"strict-origin-when-cross-origin\" allowfullscreen><\/iframe><\/p>\n<p><iframe title=\"Emerson Bulldog | A Closer Look\" width=\"800\" height=\"450\" src=\"https:\/\/www.youtube.com\/embed\/I8PAyCUwvn8?feature=oembed\" frameborder=\"0\" allow=\"accelerometer; autoplay; clipboard-write; encrypted-media; gyroscope; picture-in-picture; web-share\" referrerpolicy=\"strict-origin-when-cross-origin\" allowfullscreen><\/iframe><\/p>\n<p>&nbsp;<\/p>\n","protected":false},"excerpt":{"rendered":"<p><strong>Bulldog Emerson Knives, eines von vielen Messerdesigns von Emerson Knife Design\u00ae, ist ein gro\u00dfartiges Werkzeug f\u00fcr den t\u00e4glichen Gebrauch oder ein kampferprobtes Messer, das f\u00fcr den Kampf bereit ist!<\/strong><\/p>\n<p><strong>Kostenloser Transport.<\/strong><\/p>\n","protected":false},"featured_media":345455,"comment_status":"open","ping_status":"closed","template":"","meta":[],"pwb-brand":[3787],"product_brand":[],"product_cat":[3285,3303],"product_tag":[],"class_list":{"0":"post-345484","1":"product","2":"type-product","3":"status-publish","4":"has-post-thumbnail","6":"pwb-brand-emerson-de","7":"product_cat-messer","8":"product_cat-schliesmesser","10":"first","11":"outofstock","12":"taxable","13":"shipping-taxable","14":"purchasable","15":"product-type-simple"},"brands":[{"id":3787,"name":"Emerson","slug":"emerson-de"}],"_links":{"self":[{"href":"https:\/\/www.moskito.cz\/de\/wp-json\/wp\/v2\/product\/345484","targetHints":{"allow":["GET"]}}],"collection":[{"href":"https:\/\/www.moskito.cz\/de\/wp-json\/wp\/v2\/product"}],"about":[{"href":"https:\/\/www.moskito.cz\/de\/wp-json\/wp\/v2\/types\/product"}],"replies":[{"embeddable":true,"href":"https:\/\/www.moskito.cz\/de\/wp-json\/wp\/v2\/comments?post=345484"}],"wp:featuredmedia":[{"embeddable":true,"href":"https:\/\/www.moskito.cz\/de\/wp-json\/wp\/v2\/media\/345455"}],"wp:attachment":[{"href":"https:\/\/www.moskito.cz\/de\/wp-json\/wp\/v2\/media?parent=345484"}],"wp:term":[{"taxonomy":"pwb-brand","embeddable":true,"href":"https:\/\/www.moskito.cz\/de\/wp-json\/wp\/v2\/pwb-brand?post=345484"},{"taxonomy":"product_brand","embeddable":true,"href":"https:\/\/www.moskito.cz\/de\/wp-json\/wp\/v2\/product_brand?post=345484"},{"taxonomy":"product_cat","embeddable":true,"href":"https:\/\/www.moskito.cz\/de\/wp-json\/wp\/v2\/product_cat?post=345484"},{"taxonomy":"product_tag","embeddable":true,"href":"https:\/\/www.moskito.cz\/de\/wp-json\/wp\/v2\/product_tag?post=345484"}],"curies":[{"name":"wp","href":"https:\/\/api.w.org\/{rel}","templated":true}]}}