{"id":345518,"date":"2024-06-19T05:57:16","date_gmt":"2024-06-19T04:57:16","guid":{"rendered":"https:\/\/www.moskito.cz\/produkt\/verschlussmesser-emerson-seax-sf\/"},"modified":"2025-05-07T11:17:53","modified_gmt":"2025-05-07T10:17:53","slug":"verschlussmesser-emerson-seax-sf","status":"publish","type":"product","link":"https:\/\/www.moskito.cz\/de\/produkt\/verschlussmesser-emerson-seax-sf\/","title":{"rendered":"Verschlussmesser Emerson SEAX SF"},"content":{"rendered":"<p>Verschlussmesser <strong>Emerson<\/strong> SEAX SF.<\/p>\n<p>Wenn etwas genau richtig ist, gibt es nichts zu verbessern und es wird jahrelang halten. Das <strong>Seax Knife<\/strong> wurde urspr\u00fcnglich auf der Shot Show 2018 vorgestellt und erfreut sich in weiten Teilen des Internets wachsender Beliebtheit. Es gibt nicht viele in Massenproduktion hergestellte Klappversionen auf dem Markt, und da wir eine gro\u00dfe Vorliebe f\u00fcr Vintage-Waffen haben, wollten wir mit einem ikonischen Design f\u00fcr Furore sorgen. SEHEN SIE SICH DAS VIDEO UNTEN AN.<\/p>\n<p>Griffe: Schwarzes G-10-Epoxidharz\/Fiberglas<br \/>\nSchloss: Titan<br \/>\nKlinge: 154 cm<br \/>\nFinish: Stonewashed<br \/>\nGesamtl\u00e4nge: 23 cm<br \/>\nKlingenl\u00e4nge: 9,7 cm<br \/>\nH\u00e4rte 57-59 RC<\/p>\n<p><iframe title=\"The Emerson Knives Seax Folding Knife\" width=\"800\" height=\"450\" src=\"https:\/\/www.youtube.com\/embed\/mtv5IK5p8hE?feature=oembed\" frameborder=\"0\" allow=\"accelerometer; autoplay; clipboard-write; encrypted-media; gyroscope; picture-in-picture; web-share\" referrerpolicy=\"strict-origin-when-cross-origin\" allowfullscreen><\/iframe><\/p>\n<p>&nbsp;<\/p>\n","protected":false},"excerpt":{"rendered":"<p><strong>Das Viking Seax hat sich seit Jahrhunderten als langlebiges Outdoor-Design bew\u00e4hrt und ist das perfekte Allzweckmesser f\u00fcr J\u00e4ger, Fischer und Handwerker gleicherma\u00dfen. Wenn Sie alle drei Kriterien erf\u00fcllen, wird das Seax Sie nie entt\u00e4uschen.  <\/strong><\/p>\n<p><strong>Kostenloser Transport.<\/strong><\/p>\n","protected":false},"featured_media":345495,"comment_status":"open","ping_status":"closed","template":"","meta":[],"pwb-brand":[3787],"product_brand":[],"product_cat":[3303,3285],"product_tag":[],"class_list":{"0":"post-345518","1":"product","2":"type-product","3":"status-publish","4":"has-post-thumbnail","6":"pwb-brand-emerson-de","7":"product_cat-schliesmesser","8":"product_cat-messer","10":"first","11":"instock","12":"taxable","13":"shipping-taxable","14":"purchasable","15":"product-type-simple"},"brands":[{"id":3787,"name":"Emerson","slug":"emerson-de"}],"_links":{"self":[{"href":"https:\/\/www.moskito.cz\/de\/wp-json\/wp\/v2\/product\/345518","targetHints":{"allow":["GET"]}}],"collection":[{"href":"https:\/\/www.moskito.cz\/de\/wp-json\/wp\/v2\/product"}],"about":[{"href":"https:\/\/www.moskito.cz\/de\/wp-json\/wp\/v2\/types\/product"}],"replies":[{"embeddable":true,"href":"https:\/\/www.moskito.cz\/de\/wp-json\/wp\/v2\/comments?post=345518"}],"wp:featuredmedia":[{"embeddable":true,"href":"https:\/\/www.moskito.cz\/de\/wp-json\/wp\/v2\/media\/345495"}],"wp:attachment":[{"href":"https:\/\/www.moskito.cz\/de\/wp-json\/wp\/v2\/media?parent=345518"}],"wp:term":[{"taxonomy":"pwb-brand","embeddable":true,"href":"https:\/\/www.moskito.cz\/de\/wp-json\/wp\/v2\/pwb-brand?post=345518"},{"taxonomy":"product_brand","embeddable":true,"href":"https:\/\/www.moskito.cz\/de\/wp-json\/wp\/v2\/product_brand?post=345518"},{"taxonomy":"product_cat","embeddable":true,"href":"https:\/\/www.moskito.cz\/de\/wp-json\/wp\/v2\/product_cat?post=345518"},{"taxonomy":"product_tag","embeddable":true,"href":"https:\/\/www.moskito.cz\/de\/wp-json\/wp\/v2\/product_tag?post=345518"}],"curies":[{"name":"wp","href":"https:\/\/api.w.org\/{rel}","templated":true}]}}