{"id":345585,"date":"2024-06-19T06:21:42","date_gmt":"2024-06-19T09:57:29","guid":{"rendered":"https:\/\/www.moskito.cz\/produkt\/emerson-klappsteakmesser\/"},"modified":"2025-05-07T11:17:56","modified_gmt":"2025-05-07T10:17:56","slug":"emerson-klappsteakmesser","status":"publish","type":"product","link":"https:\/\/www.moskito.cz\/de\/produkt\/emerson-klappsteakmesser\/","title":{"rendered":"Emerson Klappsteakmesser"},"content":{"rendered":"<p><strong>Emerson<\/strong> Klappsteakmesser.<\/p>\n<p>Ich bin ein Fleischfresser. Ich esse Fleisch, viel Fleisch. Ich liebe ein sch\u00f6nes Steak. Ich bestelle es jedes Mal, wenn wir zum Abendessen ausgehen. Aber jedes Mal, wenn ich eines bekomme, sind die Steakmesser schrecklich, egal wie gut das Steak ist. Die meisten von ihnen sind langweiliger als ein Buttermesser und so billig und beschissen, dass ich ehrlich gesagt das Gef\u00fchl habe, sie seien eine Beleidigung f\u00fcr ein perfekt zubereitetes 60-Dollar-Steak.<\/p>\n<p>Deshalb muss ich normalerweise aus meinem Emerson Commander, Roadhouse oder Tiger aussteigen, um die Arbeit zu erledigen. Tats\u00e4chlich gelangt mein Messer manchmal \u00fcber den Tisch zu denen, die kein Emerson-Messer bei sich haben. Und in einem sch\u00f6nen Restaurant mit einer wei\u00dfen Tischdecke sehe ich manchmal andere G\u00e4ste, die etwas schockiert zusehen, wie wir ein Kampfmesser am Tisch herumreichen. Aber ich wei\u00df, dass ich nicht allein bin, denn jede Woche erhalten wir E-Mails oder Bilder von unseren Kunden, die uns zeigen, was ihr Emerson mit einem zarten St\u00fcck trocken gereiftem Rindfleisch gemacht hat.<\/p>\n<p>Hier ist es also, das klappbare Steakmesser <strong>von Emerson<\/strong> . Sie werden niemals andere G\u00e4ste aus einem Restaurant vertreiben oder einen Kellner verjagen, der vor Angst zur\u00fcckschreckt, w\u00e4hrend er erneut den Notruf 911 ruft. Das Steakmesser Emerson ist ein speziell angefertigtes Design. Sein Sinn? Zum einfachen Schneiden von Steaks in perfekt mundgerechte St\u00fccke. Zerrei\u00dfen, zerdr\u00fccken und zerst\u00f6ren Sie ein erstklassiges Wagyu-Men\u00fc nicht mit einem stumpfen, in China hergestellten Blechmesser.<\/p>\n<p>Dar\u00fcber hinaus darf der \u201eShow-Faktor\u201c auf keinen Fall au\u00dfer Acht gelassen werden. Genau wie ein Billardspieler mit seinem eigenen handgefertigten Billardqueue k\u00f6nnen Sie Ihre Mitg\u00e4ste mit Ihrem ganz pers\u00f6nlichen Emerson Premium-Steakmesser beeindrucken. Sie werden sofort wissen, dass Sie sich auf dem High-End-Strand von New York auf jeden Fall auskennen.<\/p>\n<p>Sie k\u00f6nnen dieses Messer \u00fcberall hin mitnehmen, selbst wenn Sie von einer Menge Armani-Anz\u00fcgen umgeben sind, und dabei das Selbstvertrauen und die \u00dcberlegenheit genie\u00dfen, zu wissen, dass Sie ein Mann sind, der Ihr eigenes Steakmesser tr\u00e4gt. Wenn also jemals jemand sagt: \u201eMann, mit diesem Messer w\u00fcrde man nicht einmal Butter schneiden\u201c, k\u00f6nnen Sie einfach l\u00e4cheln und anbieten: \u201eHier, lass es mich dir bringen.\u201c<\/p>\n<p>PS: Ein Messer kann bei einem Autounfall immer noch jemanden aus dem Sicherheitsgurt schneiden. Er ist schlie\u00dflich <strong>Emerson<\/strong> .<\/p>\n<p>Griffe: Richlite<br \/>\nSchloss: Titan<br \/>\nKlinge: 154 cm<br \/>\nFinish: Stonewashed<br \/>\nGesamtl\u00e4nge: 22 cm<br \/>\nKlingenl\u00e4nge: 9,75 cm<br \/>\nH\u00e4rte 57-59 RC<\/p>\n<p><iframe title=\"The Signature Series Carnivore Folding Steak Knife\" width=\"800\" height=\"450\" src=\"https:\/\/www.youtube.com\/embed\/6MjRfPAKCXs?feature=oembed\" frameborder=\"0\" allow=\"accelerometer; autoplay; clipboard-write; encrypted-media; gyroscope; picture-in-picture; web-share\" referrerpolicy=\"strict-origin-when-cross-origin\" allowfullscreen><\/iframe><\/p>\n<p>&nbsp;<\/p>\n","protected":false},"excerpt":{"rendered":"<p><strong>Hier ist es also, das klappbare Steakmesser von Emerson. Sie werden niemals andere G\u00e4ste aus einem Restaurant vertreiben oder einen Kellner verjagen, der vor Angst zur\u00fcckschreckt, w\u00e4hrend er erneut die Notrufnummer 911 ruft. Das Steakmesser Emerson ist ein speziell angefertigtes Design.<\/strong><\/p>\n<p><strong>Kostenloser Transport.<\/strong><\/p>\n","protected":false},"featured_media":345564,"comment_status":"open","ping_status":"closed","template":"","meta":[],"pwb-brand":[3787],"product_brand":[],"product_cat":[3285,3303],"product_tag":[],"class_list":{"0":"post-345585","1":"product","2":"type-product","3":"status-publish","4":"has-post-thumbnail","6":"pwb-brand-emerson-de","7":"product_cat-messer","8":"product_cat-schliesmesser","10":"first","11":"outofstock","12":"taxable","13":"shipping-taxable","14":"purchasable","15":"product-type-simple"},"brands":[{"id":3787,"name":"Emerson","slug":"emerson-de"}],"_links":{"self":[{"href":"https:\/\/www.moskito.cz\/de\/wp-json\/wp\/v2\/product\/345585","targetHints":{"allow":["GET"]}}],"collection":[{"href":"https:\/\/www.moskito.cz\/de\/wp-json\/wp\/v2\/product"}],"about":[{"href":"https:\/\/www.moskito.cz\/de\/wp-json\/wp\/v2\/types\/product"}],"replies":[{"embeddable":true,"href":"https:\/\/www.moskito.cz\/de\/wp-json\/wp\/v2\/comments?post=345585"}],"wp:featuredmedia":[{"embeddable":true,"href":"https:\/\/www.moskito.cz\/de\/wp-json\/wp\/v2\/media\/345564"}],"wp:attachment":[{"href":"https:\/\/www.moskito.cz\/de\/wp-json\/wp\/v2\/media?parent=345585"}],"wp:term":[{"taxonomy":"pwb-brand","embeddable":true,"href":"https:\/\/www.moskito.cz\/de\/wp-json\/wp\/v2\/pwb-brand?post=345585"},{"taxonomy":"product_brand","embeddable":true,"href":"https:\/\/www.moskito.cz\/de\/wp-json\/wp\/v2\/product_brand?post=345585"},{"taxonomy":"product_cat","embeddable":true,"href":"https:\/\/www.moskito.cz\/de\/wp-json\/wp\/v2\/product_cat?post=345585"},{"taxonomy":"product_tag","embeddable":true,"href":"https:\/\/www.moskito.cz\/de\/wp-json\/wp\/v2\/product_tag?post=345585"}],"curies":[{"name":"wp","href":"https:\/\/api.w.org\/{rel}","templated":true}]}}