{"id":345601,"date":"2024-06-19T15:20:50","date_gmt":"2024-06-19T14:22:57","guid":{"rendered":"https:\/\/www.moskito.cz\/produkt\/cold-steel-micro-flight-wurfmesser\/"},"modified":"2025-05-07T11:17:57","modified_gmt":"2025-05-07T10:17:57","slug":"cold-steel-micro-flight-wurfmesser","status":"publish","type":"product","link":"https:\/\/www.moskito.cz\/de\/produkt\/cold-steel-micro-flight-wurfmesser\/","title":{"rendered":"Cold Steel Micro Flight Wurfmesser"},"content":{"rendered":"<p><strong>Cold Steel<\/strong> Micro Flight Wurfmesser.<\/p>\n<p><strong>Der Micro Flight Thrower<\/strong> ist schlank, stromlinienf\u00f6rmig und erstaunlich kompakt. Aber lassen Sie sich nicht von der geringen Gr\u00f6\u00dfe und dem g\u00fcnstigen Preis t\u00e4uschen, denn es bietet eine Menge Leistung f\u00fcr sehr wenig Geld. Hergestellt aus superhartem \u201eFederstahl\u201c wird es Ihnen jahrelangen Wurfspa\u00df bereiten. Und als zus\u00e4tzlichen Bonus erm\u00f6glichen die breite Lanzenklinge, der integrierte Schutz und der ergonomisch geformte Griff die einfache und kosteng\u00fcnstige Umwandlung in ein sehr effektives Schuhmesser.<\/p>\n<p>Gewicht: 77 g<br \/>\nGesamtgr\u00f6\u00dfe: 20 cm<br \/>\nKlingenst\u00e4rke: 0,2 cm<br \/>\nKopf Gr\u00f6\u00dfe<br \/>\nStahl: 1055 Kohlenstoffstahl<\/p>\n","protected":false},"excerpt":{"rendered":"<p><strong>Micro Flight ist ein wirklich kleines Wurfmesser mit einem Gewicht von nur 77 g. Mit diesem Wurfmesser werden Sie viel Freude haben.<\/strong><\/p>\n","protected":false},"featured_media":345595,"comment_status":"open","ping_status":"closed","template":"","meta":[],"pwb-brand":[3602],"product_brand":[],"product_cat":[3285,3542],"product_tag":[],"class_list":{"0":"post-345601","1":"product","2":"type-product","3":"status-publish","4":"has-post-thumbnail","6":"pwb-brand-kalter-stahl","7":"product_cat-messer","8":"product_cat-messer-werfen","10":"first","11":"outofstock","12":"taxable","13":"shipping-taxable","14":"purchasable","15":"product-type-simple"},"brands":[{"id":3602,"name":"Kalter Stahl","slug":"kalter-stahl"}],"_links":{"self":[{"href":"https:\/\/www.moskito.cz\/de\/wp-json\/wp\/v2\/product\/345601","targetHints":{"allow":["GET"]}}],"collection":[{"href":"https:\/\/www.moskito.cz\/de\/wp-json\/wp\/v2\/product"}],"about":[{"href":"https:\/\/www.moskito.cz\/de\/wp-json\/wp\/v2\/types\/product"}],"replies":[{"embeddable":true,"href":"https:\/\/www.moskito.cz\/de\/wp-json\/wp\/v2\/comments?post=345601"}],"wp:featuredmedia":[{"embeddable":true,"href":"https:\/\/www.moskito.cz\/de\/wp-json\/wp\/v2\/media\/345595"}],"wp:attachment":[{"href":"https:\/\/www.moskito.cz\/de\/wp-json\/wp\/v2\/media?parent=345601"}],"wp:term":[{"taxonomy":"pwb-brand","embeddable":true,"href":"https:\/\/www.moskito.cz\/de\/wp-json\/wp\/v2\/pwb-brand?post=345601"},{"taxonomy":"product_brand","embeddable":true,"href":"https:\/\/www.moskito.cz\/de\/wp-json\/wp\/v2\/product_brand?post=345601"},{"taxonomy":"product_cat","embeddable":true,"href":"https:\/\/www.moskito.cz\/de\/wp-json\/wp\/v2\/product_cat?post=345601"},{"taxonomy":"product_tag","embeddable":true,"href":"https:\/\/www.moskito.cz\/de\/wp-json\/wp\/v2\/product_tag?post=345601"}],"curies":[{"name":"wp","href":"https:\/\/api.w.org\/{rel}","templated":true}]}}