{"id":345623,"date":"2024-06-19T15:34:06","date_gmt":"2024-06-19T14:34:52","guid":{"rendered":"https:\/\/www.moskito.cz\/produkt\/cold-steel-counter-point-xl-klappmesser\/"},"modified":"2025-05-07T11:17:58","modified_gmt":"2025-05-07T10:17:58","slug":"cold-steel-counter-point-xl-klappmesser","status":"publish","type":"product","link":"https:\/\/www.moskito.cz\/de\/produkt\/cold-steel-counter-point-xl-klappmesser\/","title":{"rendered":"Cold Steel Counter Point XL Klappmesser"},"content":{"rendered":"<p><strong>Cold Steel<\/strong> Counter Point XL Klappmesser.<\/p>\n<p>Wir haben Jahre damit verbracht, High-End-Schuhmesser zu erforschen, und nun haben wir dieses Wissen auf das <strong>Cold Steel<\/strong> Counter Point Klappmesser angewendet. Der Counter Point ist in drei Klingengr\u00f6\u00dfen erh\u00e4ltlich: 3 Zoll, 4 Zoll und 6 Zoll. Ihre von Nadeln inspirierten Speerklingen verf\u00fcgen \u00fcber eine markante falsche Kante und eine gl\u00e4nzende Satinoberfl\u00e4che, was zu einer Klinge f\u00fchrt, die nicht nur gro\u00dfartig aussieht, sondern auch eine hervorragende Leistung bietet. Der aus japanischem AUS10A-Stahl gefertigte Counter Point ist \u00e4u\u00dferst korrosions- und fleckenbest\u00e4ndig und verf\u00fcgt \u00fcber eine sehr scharfe und langlebige Kante, die nicht nur sehr stark, sondern auch bequem und sicher in fast jedem Griff ist. F\u00fcr zus\u00e4tzliche Stabilit\u00e4t und Sicherheit haben wir den Counter Point mit ausgestattet Unser ber\u00fchmter Tri-Ad-Verriegelungsmechanismus, der sich immer wieder als unglaublich stark und sto\u00dffest erwiesen hat.<\/p>\n<p>Gewicht: 224 g<br \/>\nGesamtgr\u00f6\u00dfe: 33,33 cm<br \/>\nKlingenl\u00e4nge: 15,24 cm<br \/>\nKlingenst\u00e4rke: 0,4 cm<br \/>\nStahl: AUS 10A<br \/>\nGriffl\u00e4nge: 18 cm<br \/>\nGriffmaterial: Long Griv-Ex\u2122<\/p>\n<p>&nbsp;<\/p>\n","protected":false},"excerpt":{"rendered":"<p><strong>Wir haben Jahre damit verbracht, High-End-Schuhmesser zu erforschen, und nun haben wir dieses Wissen auf das Cold Steel Counter Point Klappmesser angewendet.<\/strong><\/p>\n<p><strong>Kostenloser Transport.<\/strong><\/p>\n","protected":false},"featured_media":345611,"comment_status":"open","ping_status":"closed","template":"","meta":[],"pwb-brand":[3602],"product_brand":[],"product_cat":[3285,3303],"product_tag":[],"class_list":{"0":"post-345623","1":"product","2":"type-product","3":"status-publish","4":"has-post-thumbnail","6":"pwb-brand-kalter-stahl","7":"product_cat-messer","8":"product_cat-schliesmesser","10":"first","11":"instock","12":"taxable","13":"shipping-taxable","14":"purchasable","15":"product-type-simple"},"brands":[{"id":3602,"name":"Kalter Stahl","slug":"kalter-stahl"}],"_links":{"self":[{"href":"https:\/\/www.moskito.cz\/de\/wp-json\/wp\/v2\/product\/345623","targetHints":{"allow":["GET"]}}],"collection":[{"href":"https:\/\/www.moskito.cz\/de\/wp-json\/wp\/v2\/product"}],"about":[{"href":"https:\/\/www.moskito.cz\/de\/wp-json\/wp\/v2\/types\/product"}],"replies":[{"embeddable":true,"href":"https:\/\/www.moskito.cz\/de\/wp-json\/wp\/v2\/comments?post=345623"}],"wp:featuredmedia":[{"embeddable":true,"href":"https:\/\/www.moskito.cz\/de\/wp-json\/wp\/v2\/media\/345611"}],"wp:attachment":[{"href":"https:\/\/www.moskito.cz\/de\/wp-json\/wp\/v2\/media?parent=345623"}],"wp:term":[{"taxonomy":"pwb-brand","embeddable":true,"href":"https:\/\/www.moskito.cz\/de\/wp-json\/wp\/v2\/pwb-brand?post=345623"},{"taxonomy":"product_brand","embeddable":true,"href":"https:\/\/www.moskito.cz\/de\/wp-json\/wp\/v2\/product_brand?post=345623"},{"taxonomy":"product_cat","embeddable":true,"href":"https:\/\/www.moskito.cz\/de\/wp-json\/wp\/v2\/product_cat?post=345623"},{"taxonomy":"product_tag","embeddable":true,"href":"https:\/\/www.moskito.cz\/de\/wp-json\/wp\/v2\/product_tag?post=345623"}],"curies":[{"name":"wp","href":"https:\/\/api.w.org\/{rel}","templated":true}]}}