{"id":345674,"date":"2024-06-19T16:00:11","date_gmt":"2024-06-19T15:01:03","guid":{"rendered":"https:\/\/www.moskito.cz\/produkt\/verschlussmesser-sog-escape\/"},"modified":"2025-05-07T11:18:00","modified_gmt":"2025-05-07T10:18:00","slug":"verschlussmesser-sog-escape","status":"publish","type":"product","link":"https:\/\/www.moskito.cz\/de\/produkt\/verschlussmesser-sog-escape\/","title":{"rendered":"Verschlussmesser SOG ESCAPE"},"content":{"rendered":"<p>Verschlussmesser <strong>SOG<\/strong> ESCAPE.<\/p>\n<p><strong>Das Escape<\/strong> ist ein Klappmesser, das die perfekte Gr\u00f6\u00dfe f\u00fcr den t\u00e4glichen Gebrauch hat, aber dennoch \u00fcber eine enorme Leistungsf\u00e4higkeit mit einer Klinge verf\u00fcgt, die mit einer Hand ge\u00f6ffnet werden kann. Im Griff integriert sind ein Schnurschneider (ideal zum Schneiden von Schn\u00fcren, Bindf\u00e4den, Sicherheitsgurten usw.), ein Glasbrecher f\u00fcr den Extremfall, unser patentierter Abisolierer und zus\u00e4tzliche Schnurschneiderklingen (die unter der Griffplatte aufbewahrt werden). All dies, kombiniert mit einer soliden, halbgezahnten Speerspitzenklinge und einem hart eloxierten Aluminiumgriff, zeigt, dass ich f\u00fcr alles bereit bin, was mir in den Weg kommt.<\/p>\n<p>Gesamtgr\u00f6\u00dfe: 20,8 cm<br \/>\nKlingenl\u00e4nge: 8,6 cm<br \/>\nKlingenst\u00e4rke: 0,33 cm<br \/>\nStahl: 9Cr18MoV<br \/>\nGriffmaterial: Eloxiertes Aluminium 6061-T6 mit Polycarbonatabdeckung<\/p>\n","protected":false},"excerpt":{"rendered":"<p><strong>Das Escape ist ein Klappmesser, das die perfekte Gr\u00f6\u00dfe f\u00fcr den t\u00e4glichen Gebrauch hat, aber dennoch \u00fcber eine enorme Leistungsf\u00e4higkeit mit einer Klinge verf\u00fcgt, die mit einer Hand ge\u00f6ffnet werden kann.<\/strong><\/p>\n","protected":false},"featured_media":345629,"comment_status":"open","ping_status":"closed","template":"","meta":[],"pwb-brand":[3605],"product_brand":[],"product_cat":[3285,3303],"product_tag":[],"class_list":{"0":"post-345674","1":"product","2":"type-product","3":"status-publish","4":"has-post-thumbnail","6":"pwb-brand-wie-g","7":"product_cat-messer","8":"product_cat-schliesmesser","10":"first","11":"outofstock","12":"taxable","13":"shipping-taxable","14":"purchasable","15":"product-type-simple"},"brands":[{"id":3605,"name":"WIE G","slug":"wie-g"}],"_links":{"self":[{"href":"https:\/\/www.moskito.cz\/de\/wp-json\/wp\/v2\/product\/345674","targetHints":{"allow":["GET"]}}],"collection":[{"href":"https:\/\/www.moskito.cz\/de\/wp-json\/wp\/v2\/product"}],"about":[{"href":"https:\/\/www.moskito.cz\/de\/wp-json\/wp\/v2\/types\/product"}],"replies":[{"embeddable":true,"href":"https:\/\/www.moskito.cz\/de\/wp-json\/wp\/v2\/comments?post=345674"}],"wp:featuredmedia":[{"embeddable":true,"href":"https:\/\/www.moskito.cz\/de\/wp-json\/wp\/v2\/media\/345629"}],"wp:attachment":[{"href":"https:\/\/www.moskito.cz\/de\/wp-json\/wp\/v2\/media?parent=345674"}],"wp:term":[{"taxonomy":"pwb-brand","embeddable":true,"href":"https:\/\/www.moskito.cz\/de\/wp-json\/wp\/v2\/pwb-brand?post=345674"},{"taxonomy":"product_brand","embeddable":true,"href":"https:\/\/www.moskito.cz\/de\/wp-json\/wp\/v2\/product_brand?post=345674"},{"taxonomy":"product_cat","embeddable":true,"href":"https:\/\/www.moskito.cz\/de\/wp-json\/wp\/v2\/product_cat?post=345674"},{"taxonomy":"product_tag","embeddable":true,"href":"https:\/\/www.moskito.cz\/de\/wp-json\/wp\/v2\/product_tag?post=345674"}],"curies":[{"name":"wp","href":"https:\/\/api.w.org\/{rel}","templated":true}]}}