{"id":345737,"date":"2024-06-19T16:41:30","date_gmt":"2024-06-19T15:46:48","guid":{"rendered":"https:\/\/www.moskito.cz\/produkt\/solides-messer-sog-rapid-rescue-rot\/"},"modified":"2025-05-07T11:18:01","modified_gmt":"2025-05-07T10:18:01","slug":"solides-messer-sog-rapid-rescue-rot","status":"publish","type":"product","link":"https:\/\/www.moskito.cz\/de\/produkt\/solides-messer-sog-rapid-rescue-rot\/","title":{"rendered":"Solides Messer SOG Rapid Rescue Rot"},"content":{"rendered":"<p>Solides Messer <strong>SOG<\/strong> Rapid Rescue Rot.<\/p>\n<p>Rapid Rescue umfasst einen Sicherheitsgurtschneider und einen Glasbrecher. An einem Schl\u00fcsselbund oder einer Trageschlaufe befestigt, l\u00e4sst sich der Rapid schnell und einfach einsetzen und bleibt unbemerkt, wenn er nicht verwendet wird. Das Design des Griffs f\u00fchrt Ihre Finger beim Einsatz intuitiv in die optimale Position und sorgt f\u00fcr einen sicheren Halt beim Arbeiten. Der Rapid l\u00e4sst sich durch einfaches Ziehen schnell aus dem Holster herausziehen und l\u00e4sst sich einfach mit einem Finger durch das Zeigefingerloch bedienen. Hergestellt mit einem Full-Tang-Werkzeugdesign, einem Aluminium-Zugring und einem strukturierten GRN-Griff und Mantel.<\/p>\n<p>KLINGENST\u00c4RKE: 3 mm<br \/>\nSTAHL: 2Cr13<br \/>\nGEH\u00c4USEMATERIAL: 30 % GRN<br \/>\nGRIFFMATERIAL: GRN<br \/>\nGESAMTGR\u00d6SSE: 7 cm<\/p>\n","protected":false},"excerpt":{"rendered":"<p><strong>Rapid Rescue ist ein Sicherheitsgurtschneider und Glasbrecher f\u00fcr den Notfall.<\/strong><\/p>\n","protected":false},"featured_media":345685,"comment_status":"open","ping_status":"closed","template":"","meta":[],"pwb-brand":[3605],"product_brand":[],"product_cat":[3285,3287],"product_tag":[],"class_list":{"0":"post-345737","1":"product","2":"type-product","3":"status-publish","4":"has-post-thumbnail","6":"pwb-brand-wie-g","7":"product_cat-messer","8":"product_cat-solide-messer","10":"first","11":"instock","12":"taxable","13":"shipping-taxable","14":"purchasable","15":"product-type-simple"},"brands":[{"id":3605,"name":"WIE G","slug":"wie-g"}],"_links":{"self":[{"href":"https:\/\/www.moskito.cz\/de\/wp-json\/wp\/v2\/product\/345737","targetHints":{"allow":["GET"]}}],"collection":[{"href":"https:\/\/www.moskito.cz\/de\/wp-json\/wp\/v2\/product"}],"about":[{"href":"https:\/\/www.moskito.cz\/de\/wp-json\/wp\/v2\/types\/product"}],"replies":[{"embeddable":true,"href":"https:\/\/www.moskito.cz\/de\/wp-json\/wp\/v2\/comments?post=345737"}],"wp:featuredmedia":[{"embeddable":true,"href":"https:\/\/www.moskito.cz\/de\/wp-json\/wp\/v2\/media\/345685"}],"wp:attachment":[{"href":"https:\/\/www.moskito.cz\/de\/wp-json\/wp\/v2\/media?parent=345737"}],"wp:term":[{"taxonomy":"pwb-brand","embeddable":true,"href":"https:\/\/www.moskito.cz\/de\/wp-json\/wp\/v2\/pwb-brand?post=345737"},{"taxonomy":"product_brand","embeddable":true,"href":"https:\/\/www.moskito.cz\/de\/wp-json\/wp\/v2\/product_brand?post=345737"},{"taxonomy":"product_cat","embeddable":true,"href":"https:\/\/www.moskito.cz\/de\/wp-json\/wp\/v2\/product_cat?post=345737"},{"taxonomy":"product_tag","embeddable":true,"href":"https:\/\/www.moskito.cz\/de\/wp-json\/wp\/v2\/product_tag?post=345737"}],"curies":[{"name":"wp","href":"https:\/\/api.w.org\/{rel}","templated":true}]}}