{"id":345790,"date":"2024-06-20T09:20:45","date_gmt":"2024-06-20T08:20:45","guid":{"rendered":"https:\/\/www.moskito.cz\/produkt\/feststehendes-messer-tellus-fx-wolf-grey\/"},"modified":"2025-05-07T11:18:03","modified_gmt":"2025-05-07T10:18:03","slug":"feststehendes-messer-tellus-fx-wolf-grey","status":"publish","type":"product","link":"https:\/\/www.moskito.cz\/de\/produkt\/feststehendes-messer-tellus-fx-wolf-grey\/","title":{"rendered":"Feststehendes Messer Tellus FX Wolf Grey"},"content":{"rendered":"<p>Feststehendes Messer <strong>Tellus FX<\/strong> Wolf Grey.<\/p>\n<p>Tellus FX \u2013 ein Messer mit solider Klinge und glatter Schneide. Das ultimative Arbeitsmesser f\u00fcr raues Arbeiten. Seine Anwendung findet man in der Natur.<\/p>\n<p>CRYO 440C Edelstahl<\/p>\n<p>CRYO 440C-Edelstahl bietet die perfekte Kombination aus hervorragender Korrosions- und Verschlei\u00dffestigkeit, die f\u00fcr ein Messer erforderlich ist, das f\u00fcr den harten Einsatz im Freien konzipiert ist. Das Stonewashed-Finish bietet eine erh\u00f6hte Korrosionsbest\u00e4ndigkeit und verbirgt Kratzer, sodass Ihr Messer weiterhin gro\u00dfartig aussieht.<\/p>\n<p>GRN-Griff<\/p>\n<p>Nylon ist aufgrund seiner Festigkeit, Schlagfestigkeit, chemischen Inertheit und Stabilit\u00e4t bei hohen Temperaturen ein beliebtes Material f\u00fcr Messergriffe. All diese Eigenschaften werden beim Tellus FX durch die Zugabe von Glasfasern zum Nylon verbessert, um ein neues und noch haltbareres Material zu schaffen: Fiberglas-verst\u00e4rktes Nylon (GRN).<\/p>\n<p>UMS-kompatibles Geh\u00e4use<\/p>\n<p>Die H\u00fclle enth\u00e4lt die besten Teile des universellen Befestigungssystems von SOG und erm\u00f6glicht so ein sicheres, individuelles Tragen bei einer Vielzahl von Outdoor-Abenteuern.<\/p>\n<p>Gewicht: 191<br \/>\nGesamtgr\u00f6\u00dfe: 22,9 cm<br \/>\nKlingenl\u00e4nge: 10,8 cm<br \/>\nKlingenst\u00e4rke: 0,38 cm<br \/>\nStahl: CRYO 440 (9Cr18MoV)<br \/>\nGriffmaterial: GRN<\/p>\n<p>&nbsp;<\/p>\n<p><iframe title=\"Tellus and Altair Knives - Texas Axis Deer Hunt\" width=\"800\" height=\"450\" src=\"https:\/\/www.youtube.com\/embed\/3nAfH51J9f0?feature=oembed\" frameborder=\"0\" allow=\"accelerometer; autoplay; clipboard-write; encrypted-media; gyroscope; picture-in-picture; web-share\" referrerpolicy=\"strict-origin-when-cross-origin\" allowfullscreen><\/iframe><\/p>\n<p>&nbsp;<\/p>\n<p>&nbsp;<\/p>\n","protected":false},"excerpt":{"rendered":"<p><strong>Tellus FX \u2013 ein Messer mit solider Klinge und glatter Schneide. Das ultimative Arbeitsmesser f\u00fcr raues Arbeiten.<\/strong><\/p>\n","protected":false},"featured_media":345746,"comment_status":"open","ping_status":"closed","template":"","meta":[],"pwb-brand":[3605],"product_brand":[],"product_cat":[3287,3285],"product_tag":[3669],"class_list":{"0":"post-345790","1":"product","2":"type-product","3":"status-publish","4":"has-post-thumbnail","6":"pwb-brand-wie-g","7":"product_cat-solide-messer","8":"product_cat-messer","9":"product_tag-b2b-de","11":"first","12":"outofstock","13":"taxable","14":"shipping-taxable","15":"purchasable","16":"product-type-simple"},"brands":[{"id":3605,"name":"WIE G","slug":"wie-g"}],"_links":{"self":[{"href":"https:\/\/www.moskito.cz\/de\/wp-json\/wp\/v2\/product\/345790","targetHints":{"allow":["GET"]}}],"collection":[{"href":"https:\/\/www.moskito.cz\/de\/wp-json\/wp\/v2\/product"}],"about":[{"href":"https:\/\/www.moskito.cz\/de\/wp-json\/wp\/v2\/types\/product"}],"replies":[{"embeddable":true,"href":"https:\/\/www.moskito.cz\/de\/wp-json\/wp\/v2\/comments?post=345790"}],"wp:featuredmedia":[{"embeddable":true,"href":"https:\/\/www.moskito.cz\/de\/wp-json\/wp\/v2\/media\/345746"}],"wp:attachment":[{"href":"https:\/\/www.moskito.cz\/de\/wp-json\/wp\/v2\/media?parent=345790"}],"wp:term":[{"taxonomy":"pwb-brand","embeddable":true,"href":"https:\/\/www.moskito.cz\/de\/wp-json\/wp\/v2\/pwb-brand?post=345790"},{"taxonomy":"product_brand","embeddable":true,"href":"https:\/\/www.moskito.cz\/de\/wp-json\/wp\/v2\/product_brand?post=345790"},{"taxonomy":"product_cat","embeddable":true,"href":"https:\/\/www.moskito.cz\/de\/wp-json\/wp\/v2\/product_cat?post=345790"},{"taxonomy":"product_tag","embeddable":true,"href":"https:\/\/www.moskito.cz\/de\/wp-json\/wp\/v2\/product_tag?post=345790"}],"curies":[{"name":"wp","href":"https:\/\/api.w.org\/{rel}","templated":true}]}}