{"id":345880,"date":"2024-06-20T09:46:24","date_gmt":"2024-06-20T08:47:05","guid":{"rendered":"https:\/\/www.moskito.cz\/produkt\/sog-ether-fx-feststehendes-messer\/"},"modified":"2025-05-07T11:18:04","modified_gmt":"2025-05-07T10:18:04","slug":"sog-ether-fx-feststehendes-messer","status":"publish","type":"product","link":"https:\/\/www.moskito.cz\/de\/produkt\/sog-ether-fx-feststehendes-messer\/","title":{"rendered":"SOG Ether FX Feststehendes Messer"},"content":{"rendered":"<p><strong>SOG<\/strong> Ether FX Feststehendes Messer.<\/p>\n<p><strong>Der Ether FX<\/strong> ist der perfekte Begleiter f\u00fcr Outdoor- und Jagdbegeisterte und sein Gewicht von 2,1 Unzen macht ihn ideal f\u00fcr den leichten Transport und das Packen. Die Klinge aus CPM S35VN-Stahl garantiert au\u00dfergew\u00f6hnliche Festigkeit, Schnitthaltigkeit und Korrosionsbest\u00e4ndigkeit. Die geb\u00fcrsteten, satinierten Klingen verleihen ihm ein robustes Aussehen und bieten zus\u00e4tzlichen Schutz vor Abnutzung. Das Messer ist mit einem G10-Griff ausgestattet, der f\u00fcr seine Langlebigkeit und hervorragenden Halt auch bei N\u00e4sse bekannt ist. Die Beschalung ist abnehmbar, wodurch das Ether FX noch leichter und d\u00fcnner wird. Gleichzeitig k\u00f6nnen Sie das Messer mit Paracord-Umwicklungen f\u00fcr mehr Personalisierung und Funktionalit\u00e4t individuell gestalten. Zum bequemen Tragen und Aufbewahren wird der Ether FX mit einem Kydex SOG UMS-kompatiblen Holster geliefert, das mehrere Befestigungsm\u00f6glichkeiten bietet, sodass Sie ihn sicher an Ihrem G\u00fcrtel, Rucksack oder Ihrer Ausr\u00fcstung befestigen k\u00f6nnen.<\/p>\n<p>Leichtes und kompaktes Design<br \/>\nWas das Gewicht und den Platzbedarf betrifft, lassen sich die strukturierten G10-Griffe leicht abnehmen, der skelettierte Messerrahmen verwandelt das Messer in ein leichteres und effizienteres, kompaktes Werkzeug, ohne dass seine St\u00e4rke und Funktionalit\u00e4t darunter leidet. Unser UMS-H\u00fcllensystem bietet viele M\u00f6glichkeiten, den \u00c4ther an den richtigen Stellen zu halten.<\/p>\n<p>Hochwertige Klinge<br \/>\nDie satinierte S35VN-Klingenoberfl\u00e4che sorgt f\u00fcr ein robustes und unverwechselbares Aussehen und bietet gleichzeitig eine zus\u00e4tzliche Schutzschicht gegen Abnutzung. Die Klinge f\u00fchrt einen vollst\u00e4ndigen Schnitt entlang der Wirbels\u00e4ule durch und bietet bessere Kontrolle und Griffigkeit f\u00fcr pr\u00e4zises Schneiden. Die versenkte Klinge bietet eine zus\u00e4tzliche High-Touch-Oberfl\u00e4che f\u00fcr sicheren Halt bei allen Schneidarten.<\/p>\n<p>Stahl S35VN<\/p>\n<p>Ether FX besteht aus CPM S35VV-Stahl und garantiert au\u00dfergew\u00f6hnliche Festigkeit, Schnitthaltigkeit und Korrosionsbest\u00e4ndigkeit. Die geb\u00fcrstete Satinoberfl\u00e4che der Klinge verleiht ihr ein robustes und unverwechselbares Aussehen und bietet gleichzeitig einen zus\u00e4tzlichen Schutz vor Abnutzung. Noppen und Vorspr\u00fcnge sorgen f\u00fcr einen sicheren Halt bei jeder Art von Schnitt.<\/p>\n<p>Abnehmbare G10-Griffe<\/p>\n<p>Das Ether FX verf\u00fcgt \u00fcber abnehmbare Blaze Orange G10-Griffe, mit denen Sie das Messer leicht am Boden Ihres Rucksacks oder auf dem Waldboden finden k\u00f6nnen. Der G10 ist f\u00fcr seine au\u00dfergew\u00f6hnliche Festigkeit bekannt, die auch bei nassen oder rutschigen Bedingungen einen sicheren und komfortablen Halt erm\u00f6glicht.<\/p>\n<p>Kydex UMS-Holster<\/p>\n<p>Um seine Vielseitigkeit zu erh\u00f6hen, verf\u00fcgt der Provider FX \u00fcber integrierte Lanyard-L\u00f6cher und ein vielseitiges SOG-Montagesystem. Durch diese Eigenschaften l\u00e4sst sich das Messer an einer Vielzahl von Ger\u00e4ten und Zubeh\u00f6r befestigen und stellt so sicher, dass es immer griffbereit ist, wenn Sie es am meisten brauchen.<\/p>\n<p>Gewicht: 60g<br \/>\nGesamtgr\u00f6\u00dfe: 18 m<br \/>\nKlingenl\u00e4nge: 7,9 cm<br \/>\nKlingenst\u00e4rke: 0,36 cm<br \/>\nStahl: CPM S35VN<br \/>\nGriffmaterial: GRN<br \/>\nGeh\u00e4usematerial: Kydex<\/p>\n<p>&nbsp;<\/p>\n<p><iframe title=\"Ether FX\" width=\"800\" height=\"450\" src=\"https:\/\/www.youtube.com\/embed\/u4cnd0XZUIU?feature=oembed\" frameborder=\"0\" allow=\"accelerometer; autoplay; clipboard-write; encrypted-media; gyroscope; picture-in-picture; web-share\" referrerpolicy=\"strict-origin-when-cross-origin\" allowfullscreen><\/iframe><\/p>\n<p>&nbsp;<\/p>\n","protected":false},"excerpt":{"rendered":"<p><strong>Der Ether FX ist der perfekte Begleiter f\u00fcr Outdoor- und Jagdbegeisterte und mit seinem Gewicht von 60 g ideal f\u00fcr leichtes Tragen und Packen.<\/strong><\/p>\n<p><strong>Kostenloser Transport.<\/strong><\/p>\n","protected":false},"featured_media":345795,"comment_status":"open","ping_status":"closed","template":"","meta":[],"pwb-brand":[3605],"product_brand":[],"product_cat":[3285,3287],"product_tag":[3669],"class_list":{"0":"post-345880","1":"product","2":"type-product","3":"status-publish","4":"has-post-thumbnail","6":"pwb-brand-wie-g","7":"product_cat-messer","8":"product_cat-solide-messer","9":"product_tag-b2b-de","11":"first","12":"outofstock","13":"taxable","14":"shipping-taxable","15":"purchasable","16":"product-type-simple"},"brands":[{"id":3605,"name":"WIE G","slug":"wie-g"}],"_links":{"self":[{"href":"https:\/\/www.moskito.cz\/de\/wp-json\/wp\/v2\/product\/345880","targetHints":{"allow":["GET"]}}],"collection":[{"href":"https:\/\/www.moskito.cz\/de\/wp-json\/wp\/v2\/product"}],"about":[{"href":"https:\/\/www.moskito.cz\/de\/wp-json\/wp\/v2\/types\/product"}],"replies":[{"embeddable":true,"href":"https:\/\/www.moskito.cz\/de\/wp-json\/wp\/v2\/comments?post=345880"}],"wp:featuredmedia":[{"embeddable":true,"href":"https:\/\/www.moskito.cz\/de\/wp-json\/wp\/v2\/media\/345795"}],"wp:attachment":[{"href":"https:\/\/www.moskito.cz\/de\/wp-json\/wp\/v2\/media?parent=345880"}],"wp:term":[{"taxonomy":"pwb-brand","embeddable":true,"href":"https:\/\/www.moskito.cz\/de\/wp-json\/wp\/v2\/pwb-brand?post=345880"},{"taxonomy":"product_brand","embeddable":true,"href":"https:\/\/www.moskito.cz\/de\/wp-json\/wp\/v2\/product_brand?post=345880"},{"taxonomy":"product_cat","embeddable":true,"href":"https:\/\/www.moskito.cz\/de\/wp-json\/wp\/v2\/product_cat?post=345880"},{"taxonomy":"product_tag","embeddable":true,"href":"https:\/\/www.moskito.cz\/de\/wp-json\/wp\/v2\/product_tag?post=345880"}],"curies":[{"name":"wp","href":"https:\/\/api.w.org\/{rel}","templated":true}]}}