{"id":345953,"date":"2024-06-20T10:07:47","date_gmt":"2024-06-20T09:08:54","guid":{"rendered":"https:\/\/www.moskito.cz\/produkt\/verschlussmesser-sog-twitch-iii-schwarz\/"},"modified":"2025-05-07T11:18:07","modified_gmt":"2025-05-07T10:18:07","slug":"verschlussmesser-sog-twitch-iii-schwarz","status":"publish","type":"product","link":"https:\/\/www.moskito.cz\/de\/produkt\/verschlussmesser-sog-twitch-iii-schwarz\/","title":{"rendered":"Verschlussmesser SOG Twitch III Schwarz"},"content":{"rendered":"<p>Verschlussmesser <strong>SOG<\/strong> Twitch III Schwarz.<\/p>\n<p>Schlank, stark und mit einer verbesserten 154-cm-Stahlklinge ausgestattet, bringt unser Klappmesser <strong>Twitch III<\/strong> die beliebte Twitch-Serie auf die n\u00e4chste Stufe. <strong>Twitch III<\/strong> verf\u00fcgt \u00fcber ein schlankes Profil, das eine einfache Tragbarkeit und einfache Handhabung erm\u00f6glicht. Unsere zuverl\u00e4ssige unterst\u00fctzte Technologie erm\u00f6glicht eine schnelle einh\u00e4ndige Bereitstellung. Die 3,1-Zoll-Schnellausl\u00f6seklinge ist an durchdacht geformtem, strukturiertem Aluminium befestigt. Der zuverl\u00e4ssige Verriegelungsmechanismus h\u00e4lt die Klinge w\u00e4hrend des Gebrauchs sicher an Ort und Stelle, sodass Sie sicher und sorgenfrei bleiben.<\/p>\n<p>Das Twitch III ist Ihre neue erste Wahl f\u00fcr ein EDC-Taschenmesser<br \/>\nOhne kann man das Haus nicht verlassen. Das Klappmesser Twitch III bringt die beliebte Twitch-Linie auf die n\u00e4chste Stufe, indem es modernste Technologie und verbesserte Materialien mit einem komfortablen, kompakten Design kombiniert.<\/p>\n<p>6061 Aluminiumgriff.<\/p>\n<p>Eine gewinnbringende Kombination. D\u00fcnn und leicht f\u00fcr einfachen Transport. Dezent strukturiert f\u00fcr sicheren Halt, abgerundet mit einem tiefen doppelseitigen Taschenclip.<\/p>\n<p>STAHLKLINGE 154CM<\/p>\n<p>Die robuste 3,1-Zoll-CRYO-geh\u00e4rtete 154-cm-Klinge h\u00e4lt sie bei jedem Schnitt zu Hause, bei der Arbeit oder sogar im Wald scharf.<\/p>\n<p>SUPERSCHNELLES \u00d6FFNEN<\/p>\n<p>Extrem schnelles einh\u00e4ndiges \u00d6ffnen mit doppelten Daumenpins oder Tritt in den R\u00fccken. Eine einfache Wirbels\u00e4ulenverriegelung fixiert die Klinge w\u00e4hrend des Gebrauchs sicher.<\/p>\n<p>Gewicht: 74 g<br \/>\nGesamtgr\u00f6\u00dfe: 17,8 cm<br \/>\nKlingenl\u00e4nge: 7,9 cm<br \/>\nKlingenst\u00e4rke: 0,25 cm<br \/>\nStahl: 154 cm<br \/>\nGriffl\u00e4nge: 10,4 cm<br \/>\nGriffmaterial: 6061 Aluminium<br \/>\nSicherungstyp: LockBack<\/p>\n<p><iframe title=\"Twitch III\" width=\"800\" height=\"450\" src=\"https:\/\/www.youtube.com\/embed\/FghDrJM7ITA?feature=oembed\" frameborder=\"0\" allow=\"accelerometer; autoplay; clipboard-write; encrypted-media; gyroscope; picture-in-picture; web-share\" referrerpolicy=\"strict-origin-when-cross-origin\" allowfullscreen><\/iframe><\/p>\n<p>&nbsp;<\/p>\n<p>&nbsp;<\/p>\n","protected":false},"excerpt":{"rendered":"<p><strong>Das Twitch III ist Ihre neue erste Wahl f\u00fcr ein EDC-Taschenmesser<\/strong><br \/>\n<strong>Ohne kann man das Haus nicht verlassen. Das Klappmesser Twitch III bringt die beliebte Twitch-Linie auf die n\u00e4chste Stufe, indem es modernste Technologie und verbesserte Materialien mit einem komfortablen, kompakten Design kombiniert.<\/strong><\/p>\n<p>&nbsp;<\/p>\n","protected":false},"featured_media":345885,"comment_status":"open","ping_status":"closed","template":"","meta":[],"pwb-brand":[3605],"product_brand":[],"product_cat":[3285,3303],"product_tag":[3669],"class_list":{"0":"post-345953","1":"product","2":"type-product","3":"status-publish","4":"has-post-thumbnail","6":"pwb-brand-wie-g","7":"product_cat-messer","8":"product_cat-schliesmesser","9":"product_tag-b2b-de","11":"first","12":"instock","13":"taxable","14":"shipping-taxable","15":"purchasable","16":"product-type-simple"},"brands":[{"id":3605,"name":"WIE G","slug":"wie-g"}],"_links":{"self":[{"href":"https:\/\/www.moskito.cz\/de\/wp-json\/wp\/v2\/product\/345953","targetHints":{"allow":["GET"]}}],"collection":[{"href":"https:\/\/www.moskito.cz\/de\/wp-json\/wp\/v2\/product"}],"about":[{"href":"https:\/\/www.moskito.cz\/de\/wp-json\/wp\/v2\/types\/product"}],"replies":[{"embeddable":true,"href":"https:\/\/www.moskito.cz\/de\/wp-json\/wp\/v2\/comments?post=345953"}],"wp:featuredmedia":[{"embeddable":true,"href":"https:\/\/www.moskito.cz\/de\/wp-json\/wp\/v2\/media\/345885"}],"wp:attachment":[{"href":"https:\/\/www.moskito.cz\/de\/wp-json\/wp\/v2\/media?parent=345953"}],"wp:term":[{"taxonomy":"pwb-brand","embeddable":true,"href":"https:\/\/www.moskito.cz\/de\/wp-json\/wp\/v2\/pwb-brand?post=345953"},{"taxonomy":"product_brand","embeddable":true,"href":"https:\/\/www.moskito.cz\/de\/wp-json\/wp\/v2\/product_brand?post=345953"},{"taxonomy":"product_cat","embeddable":true,"href":"https:\/\/www.moskito.cz\/de\/wp-json\/wp\/v2\/product_cat?post=345953"},{"taxonomy":"product_tag","embeddable":true,"href":"https:\/\/www.moskito.cz\/de\/wp-json\/wp\/v2\/product_tag?post=345953"}],"curies":[{"name":"wp","href":"https:\/\/api.w.org\/{rel}","templated":true}]}}