{"id":346042,"date":"2024-06-20T10:37:18","date_gmt":"2024-06-20T09:37:18","guid":{"rendered":"https:\/\/www.moskito.cz\/produkt\/solides-messer-sog-bowie-2-0\/"},"modified":"2024-06-20T10:38:05","modified_gmt":"2024-06-20T09:38:05","slug":"solides-messer-sog-bowie-2-0","status":"publish","type":"product","link":"https:\/\/www.moskito.cz\/de\/produkt\/solides-messer-sog-bowie-2-0\/","title":{"rendered":"Solides Messer SOG BOWIE 2.0"},"content":{"rendered":"<p>Solides Messer <strong>SOG<\/strong> BOWIE 2.0.<\/p>\n<p>Das urspr\u00fcngliche <strong>SOG Bowie<\/strong> mit feststehender Klinge, mit dem unser Unternehmen gegr\u00fcndet wurde, basierte auf einem Messer, das von der US Special Forces Study and Observation Group und anderen Elitesoldaten im Vietnamkrieg verwendet wurde. <strong>SOG Bowie<\/strong> 2.0 kombiniert den traditionellen <strong>SOG Bowie<\/strong> mit moderner Technologie und Materialien. Es profitiert von harten schwarzen TiNi-Beschichtungen und AUS-8-Stahl und ist ein Hochleistungsmesser mit feststehender Klinge. Der SOG Bowie 2.0 ist zu einem Klassiker geworden, der in seiner Qualit\u00e4t seinesgleichen sucht. Die geformte Parierstange, der tiefe Hohlschliff sowie die pr\u00e4zisen Details und die facettierte Spitze sind unverkennbare Markenzeichen.<\/p>\n<p>Eine gro\u00dfe und kr\u00e4ftige, solide Klinge<br \/>\nDieser wundersch\u00f6ne Bowie hat seine Wurzeln im milit\u00e4rischen Erbe der SOG, wo er w\u00e4hrend des Vietnamkriegs von Spezialeinheiten und anderen Elitesoldaten eingesetzt wurde.<\/p>\n<p>Gro\u00dfformatige, solide Klinge mit Stil und Substanz<br \/>\nEs verf\u00fcgt \u00fcber eine durchgehende Klinge aus hochwertigem AUS-8-Epoxidstahl, kombiniert mit einem Ledergriff und einer Kreuzabdeckung sowie einem Edelstahlkopf.<\/p>\n<p>Klassisches Griffdesign<\/p>\n<p>Der Unterlegscheibengriff aus plissiertem Epoxidleder sorgt f\u00fcr einen klassischen Look und ein angenehmes Tragegef\u00fchl.<\/p>\n<p>Geformter Kreuzschutz<\/p>\n<p>H\u00e4lt Ihre Finger sicher und gesund. Es sieht auch cool aus.<\/p>\n<p>Gesamtl\u00e4nge: <span id=\"cwos\" class=\"qv3Wpe\">27,5 cm<\/span><br \/>\nProduktgewicht: 11,20 Unzen<br \/>\nKlingenl\u00e4nge: <span id=\"cwos\" class=\"qv3Wpe\">16<\/span> cm<br \/>\nKlingenst\u00e4rke: 0,6 cm<br \/>\nSchleifstein: Ja<br \/>\nLoch f\u00fcr Lanyard: Ja<br \/>\nFinish: Hartschwarzes TiNi<br \/>\nKantentyp: Gerade<br \/>\nKlingenstahltyp: AUS-8<br \/>\nGriffmaterial: Lederpolster<br \/>\nGrifffarbe: Braun<br \/>\nH\u00e4rte: Rc. 57-58<br \/>\nKoffer im Lieferumfang enthalten: Ja<br \/>\nSchalenfarbe: Schwarz<br \/>\nBefestigungsart der Jacke: Schlaufe<br \/>\nSchalenmaterial: Leder<\/p>\n<p><iframe title=\"SOG Knives Bowie 2.0\" width=\"800\" height=\"450\" src=\"https:\/\/www.youtube.com\/embed\/k6HjM-vii_M?feature=oembed\" frameborder=\"0\" allow=\"accelerometer; autoplay; clipboard-write; encrypted-media; gyroscope; picture-in-picture; web-share\" referrerpolicy=\"strict-origin-when-cross-origin\" allowfullscreen><\/iframe><\/p>\n<p>&nbsp;<\/p>\n<p>&nbsp;<\/p>\n<p>&nbsp;<\/p>\n<p>&nbsp;<\/p>\n","protected":false},"excerpt":{"rendered":"<p><strong>Dieser wundersch\u00f6ne Bowie hat seine Wurzeln im milit\u00e4rischen Erbe der SOG, wo er w\u00e4hrend des Vietnamkriegs von Spezialeinheiten und anderen Elitesoldaten eingesetzt wurde.<\/strong><\/p>\n<p><strong>Kostenloser Transport.<\/strong><\/p>\n","protected":false},"featured_media":345958,"comment_status":"open","ping_status":"closed","template":"","meta":[],"pwb-brand":[3605],"product_brand":[],"product_cat":[3287,3285],"product_tag":[3669],"class_list":{"0":"post-346042","1":"product","2":"type-product","3":"status-publish","4":"has-post-thumbnail","6":"pwb-brand-wie-g","7":"product_cat-solide-messer","8":"product_cat-messer","9":"product_tag-b2b-de","11":"first","12":"outofstock","13":"taxable","14":"shipping-taxable","15":"purchasable","16":"product-type-simple"},"brands":[{"id":3605,"name":"WIE G","slug":"wie-g"}],"_links":{"self":[{"href":"https:\/\/www.moskito.cz\/de\/wp-json\/wp\/v2\/product\/346042","targetHints":{"allow":["GET"]}}],"collection":[{"href":"https:\/\/www.moskito.cz\/de\/wp-json\/wp\/v2\/product"}],"about":[{"href":"https:\/\/www.moskito.cz\/de\/wp-json\/wp\/v2\/types\/product"}],"replies":[{"embeddable":true,"href":"https:\/\/www.moskito.cz\/de\/wp-json\/wp\/v2\/comments?post=346042"}],"wp:featuredmedia":[{"embeddable":true,"href":"https:\/\/www.moskito.cz\/de\/wp-json\/wp\/v2\/media\/345958"}],"wp:attachment":[{"href":"https:\/\/www.moskito.cz\/de\/wp-json\/wp\/v2\/media?parent=346042"}],"wp:term":[{"taxonomy":"pwb-brand","embeddable":true,"href":"https:\/\/www.moskito.cz\/de\/wp-json\/wp\/v2\/pwb-brand?post=346042"},{"taxonomy":"product_brand","embeddable":true,"href":"https:\/\/www.moskito.cz\/de\/wp-json\/wp\/v2\/product_brand?post=346042"},{"taxonomy":"product_cat","embeddable":true,"href":"https:\/\/www.moskito.cz\/de\/wp-json\/wp\/v2\/product_cat?post=346042"},{"taxonomy":"product_tag","embeddable":true,"href":"https:\/\/www.moskito.cz\/de\/wp-json\/wp\/v2\/product_tag?post=346042"}],"curies":[{"name":"wp","href":"https:\/\/api.w.org\/{rel}","templated":true}]}}