{"id":346204,"date":"2024-06-20T12:33:13","date_gmt":"2024-06-20T11:44:49","guid":{"rendered":"https:\/\/www.moskito.cz\/produkt\/multifunktionszange-sog-aegis-mt-indigo-acid\/"},"modified":"2025-05-07T11:18:08","modified_gmt":"2025-05-07T10:18:08","slug":"multifunktionszange-sog-aegis-mt-indigo-acid","status":"publish","type":"product","link":"https:\/\/www.moskito.cz\/de\/produkt\/multifunktionszange-sog-aegis-mt-indigo-acid\/","title":{"rendered":"Multifunktionszange SOG Aegis MT Indigo Acid"},"content":{"rendered":"<p>Multifunktionszange <strong>SOG<\/strong> Aegis MT Indigo Acid.<\/p>\n<p>Es verf\u00fcgt \u00fcber ein beidh\u00e4ndiges Design mit einem soliden ergonomischen GRN-Griff und einem Griffmuster, das f\u00fcr den Einsatz im Freien mit oder ohne Handschuhe, nass oder trocken, konzipiert ist. Die scharfe Klinge aus CRYO 440-Edelstahl mit Schnappspitze eignet sich f\u00fcr eine Vielzahl von Schneidarbeiten und bietet gleichzeitig eine hervorragende Schnitthaltigkeit und Korrosionsbest\u00e4ndigkeit. Der Aegis MT verf\u00fcgt \u00fcber f\u00fcnf wichtige Werkzeuge, darunter eine Spitzzange mit SOGs patentiertem Compound Leverage, weiche Drahtschneider, eine Pinzette, einen Flaschen\u00f6ffner und eine 1,9-Zoll-440-Edelstahlklinge.<\/p>\n<p>DER UNVERZICHTLICHE OUTDOOR-BEGLEITER<br \/>\nDer Aegis MT verf\u00fcgt \u00fcber f\u00fcnf Werkzeuge, die sicherstellen, dass Sie ihn bei jedem Outdoor-Abenteuer in Ihrem Rucksack haben.<\/p>\n<p>LEISTUNGSF\u00c4HIGES UND KOMPAKTES MULTITOOL F\u00dcR DEN AUSSENBEREICH<br \/>\nF\u00fcnf Werkzeuge, darunter eine CRYO 440-Edelstahlklinge, die Compound Leverage-Zange von SOG, ein Flaschen\u00f6ffner, eine Pinzette und ein Drahtschneider, machen den Aegis MT zum Werkzeug, nach dem Sie greifen, wenn Sie unterwegs sind.<\/p>\n<p>CRYO 440 EDELSTAHLKLINGE<\/p>\n<p>Superscharfe, robuste und korrosionsbest\u00e4ndige 1,9-Zoll-Klinge aus CRYO 440-Stahl mit Clip.<\/p>\n<p>GRIFF GRN<\/p>\n<p>Der robuste GRN-Griff ist strukturiert und sorgt sowohl bei N\u00e4sse als auch bei Trockenheit f\u00fcr einen sicheren Halt, auch ohne Handschuhe.<\/p>\n<p>VERBUNDHEBEL<\/p>\n<p>Die zahnradgetriebenen Drehpunkte erzeugen einen gr\u00f6\u00dferen Griffweg im Verh\u00e4ltnis zur Zangenbewegung und bieten die doppelte Schneid- und Greifkraft gegen\u00fcber herk\u00f6mmlichen Zangen f\u00fcr eine sanftere und einfachere Verwendung.<\/p>\n<p>Gewicht: 68 g<br \/>\nGesamtgr\u00f6\u00dfe: 11,7 cm<br \/>\nKlingenl\u00e4nge: 5 cm<br \/>\nKlingenst\u00e4rke: 0,15 cm<br \/>\nStahl: CRYO 440<br \/>\nGriffl\u00e4nge: 8,2 cm<br \/>\nGriffmaterial: GRN<\/p>\n<p>&nbsp;<\/p>\n<p>&nbsp;<\/p>\n<p>&nbsp;<\/p>\n<p><iframe title=\"Aegis MT\" width=\"800\" height=\"450\" src=\"https:\/\/www.youtube.com\/embed\/BYXhNxksK2k?feature=oembed\" frameborder=\"0\" allow=\"accelerometer; autoplay; clipboard-write; encrypted-media; gyroscope; picture-in-picture; web-share\" referrerpolicy=\"strict-origin-when-cross-origin\" allowfullscreen><\/iframe><\/p>\n<p>&nbsp;<\/p>\n","protected":false},"excerpt":{"rendered":"<p><strong>Aegis MT ist ein kleines Multitool mit f\u00fcnf grundlegenden Werkzeugen, die Sie am h\u00e4ufigsten ben\u00f6tigen.<\/strong><\/p>\n","protected":false},"featured_media":346119,"comment_status":"open","ping_status":"closed","template":"","meta":[],"pwb-brand":[3605],"product_brand":[],"product_cat":[3340],"product_tag":[],"class_list":{"0":"post-346204","1":"product","2":"type-product","3":"status-publish","4":"has-post-thumbnail","6":"pwb-brand-wie-g","7":"product_cat-multi-tool-de","9":"first","10":"instock","11":"taxable","12":"shipping-taxable","13":"purchasable","14":"product-type-simple"},"brands":[{"id":3605,"name":"WIE G","slug":"wie-g"}],"_links":{"self":[{"href":"https:\/\/www.moskito.cz\/de\/wp-json\/wp\/v2\/product\/346204","targetHints":{"allow":["GET"]}}],"collection":[{"href":"https:\/\/www.moskito.cz\/de\/wp-json\/wp\/v2\/product"}],"about":[{"href":"https:\/\/www.moskito.cz\/de\/wp-json\/wp\/v2\/types\/product"}],"replies":[{"embeddable":true,"href":"https:\/\/www.moskito.cz\/de\/wp-json\/wp\/v2\/comments?post=346204"}],"wp:featuredmedia":[{"embeddable":true,"href":"https:\/\/www.moskito.cz\/de\/wp-json\/wp\/v2\/media\/346119"}],"wp:attachment":[{"href":"https:\/\/www.moskito.cz\/de\/wp-json\/wp\/v2\/media?parent=346204"}],"wp:term":[{"taxonomy":"pwb-brand","embeddable":true,"href":"https:\/\/www.moskito.cz\/de\/wp-json\/wp\/v2\/pwb-brand?post=346204"},{"taxonomy":"product_brand","embeddable":true,"href":"https:\/\/www.moskito.cz\/de\/wp-json\/wp\/v2\/product_brand?post=346204"},{"taxonomy":"product_cat","embeddable":true,"href":"https:\/\/www.moskito.cz\/de\/wp-json\/wp\/v2\/product_cat?post=346204"},{"taxonomy":"product_tag","embeddable":true,"href":"https:\/\/www.moskito.cz\/de\/wp-json\/wp\/v2\/product_tag?post=346204"}],"curies":[{"name":"wp","href":"https:\/\/api.w.org\/{rel}","templated":true}]}}