{"id":346325,"date":"2024-06-20T14:22:51","date_gmt":"2024-06-20T13:27:38","guid":{"rendered":"https:\/\/www.moskito.cz\/produkt\/fixed-knife-sog-provider-fx\/"},"modified":"2025-05-07T11:18:09","modified_gmt":"2025-05-07T10:18:09","slug":"fixed-knife-sog-provider-fx","status":"publish","type":"product","link":"https:\/\/www.moskito.cz\/de\/produkt\/fixed-knife-sog-provider-fx\/","title":{"rendered":"Fixed Knife SOG Provider FX"},"content":{"rendered":"<p>Fixed Knife <strong>SOG<\/strong> Provider FX.<\/p>\n<p>Provider FX ist ein vielseitiger und zuverl\u00e4ssiger Begleiter f\u00fcr J\u00e4ger und Outdoor-Enthusiasten. Dieses au\u00dfergew\u00f6hnliche Messer wurde mit Blick auf Pr\u00e4zision und Haltbarkeit entwickelt und ist darauf ausgelegt, in der Wildnis \u00fcberlegene Leistung zu erbringen. Es verf\u00fcgt \u00fcber eine 3,75 Zoll 154 cm lange Steinstahlklinge, die f\u00fcr hervorragende Schnitthaltigkeit und Korrosionsbest\u00e4ndigkeit bekannt ist. Die Klinge f\u00fchrt einen vollst\u00e4ndigen Schnitt entlang der Wirbels\u00e4ule durch und bietet bessere Kontrolle und Griffigkeit f\u00fcr pr\u00e4zises Schneiden. Der robuste und strukturierte Griff der G10-Waage bietet sicheren Halt und l\u00e4sst sich f\u00fcr einen leichten und kompakten Rucksack einfach abnehmen. Die Kydex-Scheide verf\u00fcgt \u00fcber ein vielseitiges SOG-Montagesystem, das es Ihnen erm\u00f6glicht, dieses Messer immer griffbereit zu haben, wann immer Sie es brauchen.<\/p>\n<p>Gebaut f\u00fcr Leistung<br \/>\nSeine 154 cm dicke Klingenoberfl\u00e4che sorgt f\u00fcr ein robustes und unverwechselbares Aussehen und bietet gleichzeitig eine zus\u00e4tzliche Schicht Verschlei\u00dfschutz. Die Klinge f\u00fchrt einen vollst\u00e4ndigen Schnitt entlang der Wirbels\u00e4ule durch und bietet bessere Kontrolle und Griffigkeit f\u00fcr pr\u00e4zises Schneiden.<\/p>\n<p>Ob Sie Wild aufsp\u00fcren oder die Wildnis erobern, Provider FX ist der perfekte Begleiter f\u00fcr Ihre Outdoor-Abenteuer.<br \/>\nSeine robuste Konstruktion, die hochwertigen Materialien und das durchdachte Design machen es zu einem unverzichtbaren Werkzeug f\u00fcr J\u00e4ger, Camper und Naturliebhaber gleicherma\u00dfen. Vertrauen Sie einem FX-Anbieter, der bei jedem Schritt au\u00dfergew\u00f6hnliche Leistung und Zuverl\u00e4ssigkeit bietet.<\/p>\n<p>Stahl 154CM<\/p>\n<p>Das Herzst\u00fcck des Provider FX ist eine aus hochwertigem 154CM-Stahl geschmiedete Klinge. Dieser Premiumstahl ist f\u00fcr seine hervorragende Klingenhaltigkeit und Korrosionsbest\u00e4ndigkeit bekannt und sorgt daf\u00fcr, dass Ihr Messer auch bei l\u00e4ngerem Einsatz unter schwierigen Bedingungen scharf und zuverl\u00e4ssig bleibt. Die Klingenl\u00e4nge betr\u00e4gt 3,75 Zoll, was die perfekte Balance zwischen Vielseitigkeit und Man\u00f6vrierf\u00e4higkeit darstellt. Mit einer Gesamtl\u00e4nge von 8,1 Zoll bietet dieses Messer gen\u00fcgend Reichweite und beh\u00e4lt gleichzeitig ein kompaktes und tragbares Design bei.<\/p>\n<p>Abnehmbare G10-Griffe<\/p>\n<p>Der Provider FX wurde speziell f\u00fcr Ihre Bed\u00fcrfnisse entwickelt und verf\u00fcgt \u00fcber einen abnehmbaren gr\u00fcnen G10-Griff f\u00fcr leichtes und kompaktes Tragen und Packen. Der G10 ist f\u00fcr seine au\u00dfergew\u00f6hnliche Festigkeit bekannt, die auch bei nassen oder rutschigen Bedingungen einen sicheren und komfortablen Halt erm\u00f6glicht.<\/p>\n<p>Gewicht: 142 g<br \/>\nGesamtgr\u00f6\u00dfe: 20,5 cm<br \/>\nKlingenl\u00e4nge: 9,5 cm<br \/>\nKlingenst\u00e4rke: 0,36 cm<br \/>\nStahl: CRYO 154CM<br \/>\nGriffmaterial: GRN<br \/>\nGeh\u00e4usematerial: Kydex<\/p>\n<p><iframe title=\"Provider FX\" width=\"800\" height=\"450\" src=\"https:\/\/www.youtube.com\/embed\/8uWEDZD3w4k?feature=oembed\" frameborder=\"0\" allow=\"accelerometer; autoplay; clipboard-write; encrypted-media; gyroscope; picture-in-picture; web-share\" referrerpolicy=\"strict-origin-when-cross-origin\" allowfullscreen><\/iframe><\/p>\n<p>&nbsp;<\/p>\n<p>&nbsp;<\/p>\n","protected":false},"excerpt":{"rendered":"<p><strong>Das Provider FX ist ein vielseitiges und zuverl\u00e4ssiges solides Messer f\u00fcr J\u00e4ger und Outdoor-Enthusiasten mit Full-Tang-Konstruktion.<\/strong><\/p>\n<p><strong>Kostenloser Transport.<\/strong><\/p>\n","protected":false},"featured_media":346256,"comment_status":"open","ping_status":"closed","template":"","meta":[],"pwb-brand":[3605],"product_brand":[],"product_cat":[3285,3287],"product_tag":[],"class_list":{"0":"post-346325","1":"product","2":"type-product","3":"status-publish","4":"has-post-thumbnail","6":"pwb-brand-wie-g","7":"product_cat-messer","8":"product_cat-solide-messer","10":"first","11":"instock","12":"taxable","13":"shipping-taxable","14":"purchasable","15":"product-type-simple"},"brands":[{"id":3605,"name":"WIE G","slug":"wie-g"}],"_links":{"self":[{"href":"https:\/\/www.moskito.cz\/de\/wp-json\/wp\/v2\/product\/346325","targetHints":{"allow":["GET"]}}],"collection":[{"href":"https:\/\/www.moskito.cz\/de\/wp-json\/wp\/v2\/product"}],"about":[{"href":"https:\/\/www.moskito.cz\/de\/wp-json\/wp\/v2\/types\/product"}],"replies":[{"embeddable":true,"href":"https:\/\/www.moskito.cz\/de\/wp-json\/wp\/v2\/comments?post=346325"}],"wp:featuredmedia":[{"embeddable":true,"href":"https:\/\/www.moskito.cz\/de\/wp-json\/wp\/v2\/media\/346256"}],"wp:attachment":[{"href":"https:\/\/www.moskito.cz\/de\/wp-json\/wp\/v2\/media?parent=346325"}],"wp:term":[{"taxonomy":"pwb-brand","embeddable":true,"href":"https:\/\/www.moskito.cz\/de\/wp-json\/wp\/v2\/pwb-brand?post=346325"},{"taxonomy":"product_brand","embeddable":true,"href":"https:\/\/www.moskito.cz\/de\/wp-json\/wp\/v2\/product_brand?post=346325"},{"taxonomy":"product_cat","embeddable":true,"href":"https:\/\/www.moskito.cz\/de\/wp-json\/wp\/v2\/product_cat?post=346325"},{"taxonomy":"product_tag","embeddable":true,"href":"https:\/\/www.moskito.cz\/de\/wp-json\/wp\/v2\/product_tag?post=346325"}],"curies":[{"name":"wp","href":"https:\/\/api.w.org\/{rel}","templated":true}]}}