{"id":346413,"date":"2024-06-20T14:49:03","date_gmt":"2024-06-20T13:49:03","guid":{"rendered":"https:\/\/www.moskito.cz\/produkt\/feststehendes-messer-super-sog-bowie\/"},"modified":"2024-06-20T14:50:52","modified_gmt":"2024-06-20T13:50:52","slug":"feststehendes-messer-super-sog-bowie","status":"publish","type":"product","link":"https:\/\/www.moskito.cz\/de\/produkt\/feststehendes-messer-super-sog-bowie\/","title":{"rendered":"Feststehendes Messer SUPER SOG BOWIE"},"content":{"rendered":"<p>Feststehendes Messer SUPER <strong>SOG<\/strong> BOWIE.<\/p>\n<p>Zu unserem 20. Zum Jubil\u00e4um im Jahr 2006 brachten wir eine neue Adaption des urspr\u00fcnglichen SOG Bowie auf den Markt, der das Unternehmen gr\u00fcndete. Diese gro\u00dfformatige Klinge wird Sie durch ihre pr\u00e4zise Konstruktion und Schlifflinien begeistern. Im Gegensatz zum Original sind alle Teile f\u00fcr beste Optik und Leistung durch eine solide schwarze TiNi-Beschichtung gesch\u00fctzt. Es beh\u00e4lt seine Wurzeln mit einem gefalteten Waschmaschinengriff aus Leder und einem Gesamtdesign bei<\/p>\n<p>XL-Gro\u00dfformatmesser mit feststehender Klinge, dessen Stil und Wesen SOG begr\u00fcndeten.<br \/>\nEs verf\u00fcgt \u00fcber eine vollfl\u00e4chige, 7,5 Zoll lange, schwarze TiNi-Klinge aus hochwertigem AUS-8-Stahl mit einer R\u00fcckseite aus Epoxid-Faltleder und einem Parierb\u00fcgel und Knauf aus Edelstahl.<\/p>\n<p>Geformter Kreuzschutz<\/p>\n<p>H\u00e4lt Ihre Finger sicher und gesund. Es sieht auch cool aus.<\/p>\n<p>Klassisches Griffdesign<\/p>\n<p>Der Unterlegscheibengriff aus plissiertem Epoxidleder sorgt f\u00fcr einen klassischen Look und ein angenehmes Tragegef\u00fchl.<\/p>\n<p>Feste Gro\u00dfformatklinge<\/p>\n<p>Starke und langlebige Klinge.<\/p>\n<p>Gewicht: 493 g<br \/>\nGesamtgr\u00f6\u00dfe: 32,7 cm<br \/>\nKlingenl\u00e4nge: 19,1 cm<br \/>\nKlingenst\u00e4rke: 0,64 cm<br \/>\nStahl: AUS-8<br \/>\nGriffmaterial: gestapelte Unterlegscheiben aus epoxidiertem Leder<br \/>\nGeh\u00e4usematerial: Leder<\/p>\n<p>&nbsp;<\/p>\n<p>&nbsp;<\/p>\n","protected":false},"excerpt":{"rendered":"<p><strong>Zu unserem 20. Zum Jubil\u00e4um im Jahr 2006 brachten wir eine neue Adaption des urspr\u00fcnglichen SOG Bowie auf den Markt, der das Unternehmen gr\u00fcndete. Dieses gro\u00dfformatige S\u00e4geblatt wird Sie mit seiner pr\u00e4zisen Konstruktion begeistern.<\/strong><\/p>\n<p><strong>Kostenloser Transport.<\/strong><\/p>\n","protected":false},"featured_media":346330,"comment_status":"open","ping_status":"closed","template":"","meta":[],"pwb-brand":[3605],"product_brand":[],"product_cat":[3287,3285],"product_tag":[],"class_list":{"0":"post-346413","1":"product","2":"type-product","3":"status-publish","4":"has-post-thumbnail","6":"pwb-brand-wie-g","7":"product_cat-solide-messer","8":"product_cat-messer","10":"first","11":"instock","12":"taxable","13":"shipping-taxable","14":"purchasable","15":"product-type-simple"},"brands":[{"id":3605,"name":"WIE G","slug":"wie-g"}],"_links":{"self":[{"href":"https:\/\/www.moskito.cz\/de\/wp-json\/wp\/v2\/product\/346413","targetHints":{"allow":["GET"]}}],"collection":[{"href":"https:\/\/www.moskito.cz\/de\/wp-json\/wp\/v2\/product"}],"about":[{"href":"https:\/\/www.moskito.cz\/de\/wp-json\/wp\/v2\/types\/product"}],"replies":[{"embeddable":true,"href":"https:\/\/www.moskito.cz\/de\/wp-json\/wp\/v2\/comments?post=346413"}],"wp:featuredmedia":[{"embeddable":true,"href":"https:\/\/www.moskito.cz\/de\/wp-json\/wp\/v2\/media\/346330"}],"wp:attachment":[{"href":"https:\/\/www.moskito.cz\/de\/wp-json\/wp\/v2\/media?parent=346413"}],"wp:term":[{"taxonomy":"pwb-brand","embeddable":true,"href":"https:\/\/www.moskito.cz\/de\/wp-json\/wp\/v2\/pwb-brand?post=346413"},{"taxonomy":"product_brand","embeddable":true,"href":"https:\/\/www.moskito.cz\/de\/wp-json\/wp\/v2\/product_brand?post=346413"},{"taxonomy":"product_cat","embeddable":true,"href":"https:\/\/www.moskito.cz\/de\/wp-json\/wp\/v2\/product_cat?post=346413"},{"taxonomy":"product_tag","embeddable":true,"href":"https:\/\/www.moskito.cz\/de\/wp-json\/wp\/v2\/product_tag?post=346413"}],"curies":[{"name":"wp","href":"https:\/\/api.w.org\/{rel}","templated":true}]}}