{"id":346437,"date":"2022-11-24T23:20:55","date_gmt":"2024-06-20T14:14:40","guid":{"rendered":"https:\/\/www.moskito.cz\/produkt\/feststehendes-messer-extrema-ratio-misericordia-black-warfare-limited-edition\/"},"modified":"2025-05-07T11:18:10","modified_gmt":"2025-05-07T10:18:10","slug":"feststehendes-messer-extrema-ratio-misericordia-black-warfare-limited-edition","status":"publish","type":"product","link":"https:\/\/www.moskito.cz\/de\/produkt\/feststehendes-messer-extrema-ratio-misericordia-black-warfare-limited-edition\/","title":{"rendered":"Feststehendes Messer Extrema Ratio MISERICORDIA BLACK WARFARE LIMITED EDITION"},"content":{"rendered":"<p>Feststehendes Messer <strong>Extrema Ratio<\/strong> MISERICORDIA BLACK WARFARE LIMITED EDITION.<\/p>\n<p>Extrema Ratio Misericordia Black Warfare ist eine limitierte Auflage von nur 500 St\u00fcck. Es weist alle Merkmale der ber\u00fchmten Misericordia auf, die am 4. angenommen wurde. vom Alpine Parachute Regiment, das zu seiner Entwicklung und Erprobung beitrug und es aufgrund seiner einzigartigen Eigenschaften ausw\u00e4hlte, die es besonders f\u00fcr den Hinterhaltkampf geeignet machen.<\/p>\n<p>Die Klinge ist aus B\u00f6hler N690-Stahl gefr\u00e4st und auf 58 HRC w\u00e4rmebehandelt, um die beste Kombination aus Schnitthaltigkeit und Z\u00e4higkeit zu erzielen. Es ist 118 mm (4,65 Zoll) lang und 4 mm (0,16 Zoll) dick und hat einen Flachschliff. Das Messer wiegt nur 87 g (3,1 oz). Die Klinge hat die Form einer Speerspitze mit einer gr\u00f6\u00dferen Gesamtl\u00e4nge, wodurch sie noch leichter ist und bis zu 3\/4 ihrer L\u00e4nge eine falsche Doppelschneide aufweist. Sein Finish, Black Warfare, besteht aus dem innovativen und originalen Geotech Camo-Muster von Extrema Ratio, das per Laser in die Oberfl\u00e4che ge\u00e4tzt wurde. Der Griff beh\u00e4lt das charakteristische ergonomische Profil von Extrema Ratio und besteht aus glasfaserverst\u00e4rktem Nylon, um jederzeit maximale Robustheit zu bieten, selbst bei h\u00e4rtester Beanspruchung.<\/p>\n<p>Der charakteristische Ring am Gefechtskopf hilft dem Soldaten, einen besseren Halt f\u00fcr einen sichereren und effektiveren Zug zu finden, wodurch die Kampfeffektivit\u00e4t der Misericordia exponentiell erh\u00f6ht wird. Das Kydex-Holster kann an einem G\u00fcrtelclip, ULTICLIP und Malice-Clip sowie an einem MOLLE-Gurtband mit Paracord befestigt werden. Optional ist auch eine robuste Nylonscheide mit zwei verstellbaren Schlaufen zur Befestigung an einem MOLLE-Gurtband erh\u00e4ltlich.<\/p>\n<p>Die Misericordia Black Warfare wird in einem wetter-, staub- und sto\u00dffesten wasserdichten IP67-Geh\u00e4use aus Polypropylen mit Druckventil geliefert, das im Rahmen der Limited Edition-Serie auch eine Kydex-Scheide, einen Doppel-Ulticlip, einen Doppelsch\u00e4rfer (Keramik und synthetischer Diamant) und eine Metallplatte mit progressiven Zahlen enth\u00e4lt.<\/p>\n<p>GEWICHT G: 87<br \/>\nGEWICHT UNZEN: 3,1<br \/>\nKLINGENL\u00c4NGE (MM): 118<br \/>\nKLINGENL\u00c4NGE (ZOLL): 4,64<br \/>\nGESAMTL\u00c4NGE (MM): 233<br \/>\nGESAMTL\u00c4NGE (H): 9,17<br \/>\nKLINGENST\u00c4RKE (MM): 4<br \/>\nKLINGENST\u00c4RKE (ZOLL): 0,16<br \/>\nKLINGENMATERIAL: B\u00d6HLER N690 STAHL (58HRC)<br \/>\nKLINGENOBERFL\u00c4CHENBEHANDLUNG: MIL-C-13924 POLIERUNG GEOTECH CAMO<br \/>\nHAUPTGITTER: FLACH<br \/>\nGRIFFMATERIAL: NYLON \/ GLASFASER (FRN)<\/p>\n<p><iframe title=\"New Misericordia Black Warfare\" width=\"800\" height=\"450\" src=\"https:\/\/www.youtube.com\/embed\/2IxpuJsoT1E?feature=oembed\" frameborder=\"0\" allow=\"accelerometer; autoplay; clipboard-write; encrypted-media; gyroscope; picture-in-picture; web-share\" referrerpolicy=\"strict-origin-when-cross-origin\" allowfullscreen><\/iframe><\/p>\n<p>&nbsp;<\/p>\n","protected":false},"excerpt":{"rendered":"<p>Extrema Ratio mit Sitz in Prato, Italien, entwirft und produziert seit 1997 leistungsstarke Kampf-, Milit\u00e4r-, K\u00fcchen-, Jagd- und taktische Messer und genie\u00dft einen Ruf f\u00fcr \u00fcberlegene Qualit\u00e4t, die in der Milit\u00e4r- und taktischen Messerbranche ihresgleichen sucht. Kostenloser Transport .<\/p>\n","protected":false},"featured_media":346438,"comment_status":"open","ping_status":"closed","template":"","meta":[],"pwb-brand":[3539],"product_brand":[],"product_cat":[3285,3287],"product_tag":[3669],"class_list":{"0":"post-346437","1":"product","2":"type-product","3":"status-publish","4":"has-post-thumbnail","6":"pwb-brand-extrema-verhaltnis","7":"product_cat-messer","8":"product_cat-solide-messer","9":"product_tag-b2b-de","11":"first","12":"instock","13":"taxable","14":"shipping-taxable","15":"purchasable","16":"product-type-simple"},"brands":[{"id":3539,"name":"Extrema-Verh\u00e4ltnis","slug":"extrema-verhaltnis"}],"_links":{"self":[{"href":"https:\/\/www.moskito.cz\/de\/wp-json\/wp\/v2\/product\/346437","targetHints":{"allow":["GET"]}}],"collection":[{"href":"https:\/\/www.moskito.cz\/de\/wp-json\/wp\/v2\/product"}],"about":[{"href":"https:\/\/www.moskito.cz\/de\/wp-json\/wp\/v2\/types\/product"}],"replies":[{"embeddable":true,"href":"https:\/\/www.moskito.cz\/de\/wp-json\/wp\/v2\/comments?post=346437"}],"wp:featuredmedia":[{"embeddable":true,"href":"https:\/\/www.moskito.cz\/de\/wp-json\/wp\/v2\/media\/346438"}],"wp:attachment":[{"href":"https:\/\/www.moskito.cz\/de\/wp-json\/wp\/v2\/media?parent=346437"}],"wp:term":[{"taxonomy":"pwb-brand","embeddable":true,"href":"https:\/\/www.moskito.cz\/de\/wp-json\/wp\/v2\/pwb-brand?post=346437"},{"taxonomy":"product_brand","embeddable":true,"href":"https:\/\/www.moskito.cz\/de\/wp-json\/wp\/v2\/product_brand?post=346437"},{"taxonomy":"product_cat","embeddable":true,"href":"https:\/\/www.moskito.cz\/de\/wp-json\/wp\/v2\/product_cat?post=346437"},{"taxonomy":"product_tag","embeddable":true,"href":"https:\/\/www.moskito.cz\/de\/wp-json\/wp\/v2\/product_tag?post=346437"}],"curies":[{"name":"wp","href":"https:\/\/api.w.org\/{rel}","templated":true}]}}