{"id":346790,"date":"2024-06-21T14:27:29","date_gmt":"2024-06-21T13:28:15","guid":{"rendered":"https:\/\/www.moskito.cz\/produkt\/wurfmesser-muela-pro-80l-14\/"},"modified":"2024-06-21T14:28:15","modified_gmt":"2024-06-21T13:28:15","slug":"wurfmesser-muela-pro-80l-14","status":"publish","type":"product","link":"https:\/\/www.moskito.cz\/de\/produkt\/wurfmesser-muela-pro-80l-14\/","title":{"rendered":"Wurfmesser Muela PRO-80L-14"},"content":{"rendered":"<p><strong>Muela<\/strong> PRO-80L-14 Wurfmesser.<\/p>\n<p><strong>PRO-THROW<\/strong> , ein Wurfmesser (Dart) mit Full-Tang-Design der bekannten spanischen Firma <strong>Muela<\/strong> . Massiv, perfekt ausbalanciert, ideal f\u00fcr Profis und Wurfbegeisterte. Das Training mit einem Messer erm\u00f6glicht es Ihnen, die Gewohnheiten des richtigen Griffs beim Werfen, der schnellen Einsch\u00e4tzung der Entfernung zum Ziel und der richtigen Wurftechnik zu entwickeln. Hergestellt aus robustem 420H-Edelstahl, geh\u00e4rtet zwischen 54 und 58 HRC.<\/p>\n<p>Etui &#8211; aus naturschwarzem Leder. Die Scheide verf\u00fcgt \u00fcber eine G\u00fcrtelbefestigung, die das Tragen des Messers in vertikaler Position erm\u00f6glicht.<\/p>\n<p>Technische Daten:<br \/>\nProduktnummer: PRO-80L-14<br \/>\nName: PRO-THROW<br \/>\nStahlsorte: 420H<br \/>\nKlingenh\u00e4rte nach Rockwell: 54-58 HRC<br \/>\nKlingenbreite: 3,6 cm \/ 1,42 Zoll<br \/>\nKlingenst\u00e4rke: 0,45 cm \/ 0,18 Zoll<br \/>\nGesamtl\u00e4nge: 25 cm \/ 9,84 Zoll<br \/>\nGewicht: 203 g<br \/>\nKantenart: Glatt<br \/>\nKlingentyp: Dolch (Dolch)<br \/>\nGriffmaterial: Edelstahl<br \/>\nScheide: Leder<br \/>\nHersteller: Muela, Spanien<\/p>\n<p>&nbsp;<\/p>\n","protected":false},"excerpt":{"rendered":"<p><strong>PRO-THROW, ein Wurfmesser (Dart) mit Full-Tang-Design der bekannten spanischen Firma Muela. Massiv, perfekt ausbalanciert, ideal f\u00fcr Profis und Wurfbegeisterte.<\/strong><\/p>\n","protected":false},"featured_media":346763,"comment_status":"open","ping_status":"closed","template":"","meta":[],"pwb-brand":[3914],"product_brand":[],"product_cat":[3542,3285],"product_tag":[],"class_list":{"0":"post-346790","1":"product","2":"type-product","3":"status-publish","4":"has-post-thumbnail","6":"pwb-brand-sie-musste","7":"product_cat-messer-werfen","8":"product_cat-messer","10":"first","11":"outofstock","12":"taxable","13":"shipping-taxable","14":"purchasable","15":"product-type-simple"},"brands":[{"id":3914,"name":"Sie musste","slug":"sie-musste"}],"_links":{"self":[{"href":"https:\/\/www.moskito.cz\/de\/wp-json\/wp\/v2\/product\/346790","targetHints":{"allow":["GET"]}}],"collection":[{"href":"https:\/\/www.moskito.cz\/de\/wp-json\/wp\/v2\/product"}],"about":[{"href":"https:\/\/www.moskito.cz\/de\/wp-json\/wp\/v2\/types\/product"}],"replies":[{"embeddable":true,"href":"https:\/\/www.moskito.cz\/de\/wp-json\/wp\/v2\/comments?post=346790"}],"wp:featuredmedia":[{"embeddable":true,"href":"https:\/\/www.moskito.cz\/de\/wp-json\/wp\/v2\/media\/346763"}],"wp:attachment":[{"href":"https:\/\/www.moskito.cz\/de\/wp-json\/wp\/v2\/media?parent=346790"}],"wp:term":[{"taxonomy":"pwb-brand","embeddable":true,"href":"https:\/\/www.moskito.cz\/de\/wp-json\/wp\/v2\/pwb-brand?post=346790"},{"taxonomy":"product_brand","embeddable":true,"href":"https:\/\/www.moskito.cz\/de\/wp-json\/wp\/v2\/product_brand?post=346790"},{"taxonomy":"product_cat","embeddable":true,"href":"https:\/\/www.moskito.cz\/de\/wp-json\/wp\/v2\/product_cat?post=346790"},{"taxonomy":"product_tag","embeddable":true,"href":"https:\/\/www.moskito.cz\/de\/wp-json\/wp\/v2\/product_tag?post=346790"}],"curies":[{"name":"wp","href":"https:\/\/api.w.org\/{rel}","templated":true}]}}