{"id":346830,"date":"2024-06-21T14:46:56","date_gmt":"2024-06-21T13:48:01","guid":{"rendered":"https:\/\/www.moskito.cz\/produkt\/feststehendes-messer-muela-25-12\/"},"modified":"2025-05-07T11:18:18","modified_gmt":"2025-05-07T10:18:18","slug":"feststehendes-messer-muela-25-12","status":"publish","type":"product","link":"https:\/\/www.moskito.cz\/de\/produkt\/feststehendes-messer-muela-25-12\/","title":{"rendered":"Feststehendes Messer Muela 25-12"},"content":{"rendered":"<p>Feststehendes Messer <strong>Muela 25-12<\/strong> .<\/p>\n<p>Universalmesser 25-12 mit feststehender Klinge der spanischen Firma <strong>Muela<\/strong> zum Hammerpreis. Perfekt f\u00fcr Ausfl\u00fcge au\u00dferhalb der Stadt, beim Camping, als \u00dcberlebensmesser, Finker, Jagdmesser. Die Klinge h\u00e4lt jeder Arbeit unter allen Bedingungen stand.<\/p>\n<p>Etui &#8211; aus Naturleder, schwarz. Die Befestigung mit einem Riegel erm\u00f6glicht ein sicheres Tragen des Messers. Die Scheide verf\u00fcgt \u00fcber eine G\u00fcrtelbefestigung oder -vorrichtung, mit der das Messer in vertikaler Position getragen werden kann.<\/p>\n<p>Technische Daten:<br \/>\nProduktnummer: 25-12<br \/>\nStahlsorte: 420H<br \/>\nKlingenl\u00e4nge: 12 cm.<br \/>\nKlingenst\u00e4rke: 0,26 cm \/ 0,10 Zoll<br \/>\nGesamtl\u00e4nge: 21,8 cm \/ 8,58 Zoll<br \/>\nGewicht: 111 g<br \/>\nKlinge: Gew\u00f6hnlich<br \/>\nKlingentyp: Bowie<br \/>\nSchnittart: Konkav<br \/>\nGrifftyp: Thermorun<br \/>\nScheide: Leder<br \/>\nHersteller: Muela, Spanien<\/p>\n<p>&nbsp;<\/p>\n","protected":false},"excerpt":{"rendered":"<p><strong>Universalmesser 25-12 mit feststehender Klinge der spanischen Firma Muela zum Hammerpreis. Perfekt f\u00fcr Ausfl\u00fcge au\u00dferhalb der Stadt, beim Camping, als \u00dcberlebensmesser, Finker, Jagdmesser.<\/strong><\/p>\n","protected":false},"featured_media":346803,"comment_status":"open","ping_status":"closed","template":"","meta":[],"pwb-brand":[3914],"product_brand":[],"product_cat":[3287,3285],"product_tag":[3669],"class_list":{"0":"post-346830","1":"product","2":"type-product","3":"status-publish","4":"has-post-thumbnail","6":"pwb-brand-sie-musste","7":"product_cat-solide-messer","8":"product_cat-messer","9":"product_tag-b2b-de","11":"first","12":"outofstock","13":"taxable","14":"shipping-taxable","15":"purchasable","16":"product-type-simple"},"brands":[{"id":3914,"name":"Sie musste","slug":"sie-musste"}],"_links":{"self":[{"href":"https:\/\/www.moskito.cz\/de\/wp-json\/wp\/v2\/product\/346830","targetHints":{"allow":["GET"]}}],"collection":[{"href":"https:\/\/www.moskito.cz\/de\/wp-json\/wp\/v2\/product"}],"about":[{"href":"https:\/\/www.moskito.cz\/de\/wp-json\/wp\/v2\/types\/product"}],"replies":[{"embeddable":true,"href":"https:\/\/www.moskito.cz\/de\/wp-json\/wp\/v2\/comments?post=346830"}],"wp:featuredmedia":[{"embeddable":true,"href":"https:\/\/www.moskito.cz\/de\/wp-json\/wp\/v2\/media\/346803"}],"wp:attachment":[{"href":"https:\/\/www.moskito.cz\/de\/wp-json\/wp\/v2\/media?parent=346830"}],"wp:term":[{"taxonomy":"pwb-brand","embeddable":true,"href":"https:\/\/www.moskito.cz\/de\/wp-json\/wp\/v2\/pwb-brand?post=346830"},{"taxonomy":"product_brand","embeddable":true,"href":"https:\/\/www.moskito.cz\/de\/wp-json\/wp\/v2\/product_brand?post=346830"},{"taxonomy":"product_cat","embeddable":true,"href":"https:\/\/www.moskito.cz\/de\/wp-json\/wp\/v2\/product_cat?post=346830"},{"taxonomy":"product_tag","embeddable":true,"href":"https:\/\/www.moskito.cz\/de\/wp-json\/wp\/v2\/product_tag?post=346830"}],"curies":[{"name":"wp","href":"https:\/\/api.w.org\/{rel}","templated":true}]}}