{"id":346886,"date":"2024-06-21T15:07:51","date_gmt":"2024-06-21T14:09:00","guid":{"rendered":"https:\/\/www.moskito.cz\/produkt\/damast-klappmesser-muela-damast-klappmesser-pq-9dam\/"},"modified":"2025-05-07T11:18:21","modified_gmt":"2025-05-07T10:18:21","slug":"damast-klappmesser-muela-damast-klappmesser-pq-9dam","status":"publish","type":"product","link":"https:\/\/www.moskito.cz\/de\/produkt\/damast-klappmesser-muela-damast-klappmesser-pq-9dam\/","title":{"rendered":"Damast-Klappmesser MUELA Damast-Klappmesser PQ-9DAM"},"content":{"rendered":"<p>Damast-Klappmesser <strong>MUELA<\/strong> Damast-Klappmesser PQ-9DAM.<\/p>\n<p>Das in Spanien handgefertigte Muela PQ-9DAM-Messer verf\u00fcgt \u00fcber eine Klinge aus rostfreiem Damaststahl, die aus zwei Arten von pulvermetallurgischem Stahl (RWL34 und PMC27) geschmiedet und bei 1150 \u00b0C und 1,00 Atmosph\u00e4ren Druck verbunden wurde. Durch dieses Verfahren erh\u00e4lt der Stahl die doppelte Rei\u00dffestigkeit und verdoppelt au\u00dferdem die Erm\u00fcdungsbest\u00e4ndigkeit, Duktilit\u00e4t und Schlagfestigkeit sowie die au\u00dfergew\u00f6hnliche Sch\u00f6nheit der Gravur;<\/p>\n<p>Eigenschaften:<br \/>\n&#8211; Griff mit Edelstahleinlagen und Alpaka-H\u00fclse mit rotem Kopfband.<br \/>\n&#8211; Griffe aus Granadillo-Holz.<br \/>\n&#8211; Lieferung im Etui mit Muela-Zertifikat.<br \/>\n&#8211; Klingenl\u00e4nge: 10 cm.<br \/>\n&#8211; Gesamtl\u00e4nge: 21,5 cm.<br \/>\n&#8211; Gewicht: 120 g.<br \/>\n&#8211; Klingenmaterial: Damast-Edelstahl (RWL34 und PMC27).<br \/>\n&#8211; Vorformblockiersystem.<\/p>\n<p>&nbsp;<\/p>\n","protected":false},"excerpt":{"rendered":"<p><strong>Das in Spanien handgefertigte Muela PQ-9DAM-Messer verf\u00fcgt \u00fcber eine Klinge aus rostfreiem Damaststahl, die aus zwei Arten pulvermetallurgischen Stahls geschmiedet wurde<\/strong><\/p>\n<p><strong>Kostenloser Transport.<\/strong><\/p>\n","protected":false},"featured_media":346868,"comment_status":"open","ping_status":"closed","template":"","meta":[],"pwb-brand":[3914],"product_brand":[],"product_cat":[3420,3285],"product_tag":[3669],"class_list":{"0":"post-346886","1":"product","2":"type-product","3":"status-publish","4":"has-post-thumbnail","6":"pwb-brand-sie-musste","7":"product_cat-damaszenermesser","8":"product_cat-messer","9":"product_tag-b2b-de","11":"first","12":"instock","13":"taxable","14":"shipping-taxable","15":"purchasable","16":"product-type-simple"},"brands":[{"id":3914,"name":"Sie musste","slug":"sie-musste"}],"_links":{"self":[{"href":"https:\/\/www.moskito.cz\/de\/wp-json\/wp\/v2\/product\/346886","targetHints":{"allow":["GET"]}}],"collection":[{"href":"https:\/\/www.moskito.cz\/de\/wp-json\/wp\/v2\/product"}],"about":[{"href":"https:\/\/www.moskito.cz\/de\/wp-json\/wp\/v2\/types\/product"}],"replies":[{"embeddable":true,"href":"https:\/\/www.moskito.cz\/de\/wp-json\/wp\/v2\/comments?post=346886"}],"wp:featuredmedia":[{"embeddable":true,"href":"https:\/\/www.moskito.cz\/de\/wp-json\/wp\/v2\/media\/346868"}],"wp:attachment":[{"href":"https:\/\/www.moskito.cz\/de\/wp-json\/wp\/v2\/media?parent=346886"}],"wp:term":[{"taxonomy":"pwb-brand","embeddable":true,"href":"https:\/\/www.moskito.cz\/de\/wp-json\/wp\/v2\/pwb-brand?post=346886"},{"taxonomy":"product_brand","embeddable":true,"href":"https:\/\/www.moskito.cz\/de\/wp-json\/wp\/v2\/product_brand?post=346886"},{"taxonomy":"product_cat","embeddable":true,"href":"https:\/\/www.moskito.cz\/de\/wp-json\/wp\/v2\/product_cat?post=346886"},{"taxonomy":"product_tag","embeddable":true,"href":"https:\/\/www.moskito.cz\/de\/wp-json\/wp\/v2\/product_tag?post=346886"}],"curies":[{"name":"wp","href":"https:\/\/api.w.org\/{rel}","templated":true}]}}