{"id":346919,"date":"2024-06-21T15:55:34","date_gmt":"2024-06-21T14:57:29","guid":{"rendered":"https:\/\/www.moskito.cz\/produkt\/schliessmesser-muela-gl-10coa\/"},"modified":"2024-06-21T15:57:29","modified_gmt":"2024-06-21T14:57:29","slug":"schliessmesser-muela-gl-10coa","status":"publish","type":"product","link":"https:\/\/www.moskito.cz\/de\/produkt\/schliessmesser-muela-gl-10coa\/","title":{"rendered":"Schlie\u00dfmesser Muela GL-10COA"},"content":{"rendered":"<p>Schlie\u00dfmesser <strong>Muela<\/strong> GL-10COA.<\/p>\n<p><strong>Muela-<\/strong> Messer werden von einem spanischen Unternehmen hergestellt, das erschwingliche und hochwertige Jagdmesser, Klappmesser, Luxusmesser und viele andere herstellt. Bei der Herstellung der Klingen verwendet die Firma Muela unterschiedliche Stahlsorten, z.B. 12C27 Sandvik, 14C28N, MOVA 60 Molybd\u00e4n-Vanadium-St\u00e4hle mit einer H\u00e4rte von 57\u201361 HRC, Inox 1-42-Stahl mit einer H\u00e4rte von 54\u201358 HRC.<br \/>\nTaschenmesser GL-10COA der spanischen Firma Muela Manufacturas. Griff aus Cocobolo-Holz kombiniert mit silbernen Beschl\u00e4gen. Klassische R\u00fcckensicherung mit Visier vorne am Griff.<\/p>\n<p>Klingenfarbe: klassisches Silber<br \/>\nGriff: Holz<br \/>\nClip: nein<br \/>\nKlingenl\u00e4nge: 9,5 cm<br \/>\nGriffl\u00e4nge: 12 cm<br \/>\nGesamtl\u00e4nge: 21,5 cm<br \/>\nMessergewicht: 195 g<\/p>\n<p>&nbsp;<\/p>\n","protected":false},"excerpt":{"rendered":"<p><strong>Muela-Messer werden von einem spanischen Unternehmen hergestellt, das erschwingliche und hochwertige Jagdmesser, Klappmesser, Luxusmesser und viele andere herstellt.<\/strong><\/p>\n","protected":false},"featured_media":346912,"comment_status":"open","ping_status":"closed","template":"","meta":[],"pwb-brand":[3914],"product_brand":[],"product_cat":[3303,3285],"product_tag":[3669],"class_list":{"0":"post-346919","1":"product","2":"type-product","3":"status-publish","4":"has-post-thumbnail","6":"pwb-brand-sie-musste","7":"product_cat-schliesmesser","8":"product_cat-messer","9":"product_tag-b2b-de","11":"first","12":"instock","13":"taxable","14":"shipping-taxable","15":"purchasable","16":"product-type-simple"},"brands":[{"id":3914,"name":"Sie musste","slug":"sie-musste"}],"_links":{"self":[{"href":"https:\/\/www.moskito.cz\/de\/wp-json\/wp\/v2\/product\/346919","targetHints":{"allow":["GET"]}}],"collection":[{"href":"https:\/\/www.moskito.cz\/de\/wp-json\/wp\/v2\/product"}],"about":[{"href":"https:\/\/www.moskito.cz\/de\/wp-json\/wp\/v2\/types\/product"}],"replies":[{"embeddable":true,"href":"https:\/\/www.moskito.cz\/de\/wp-json\/wp\/v2\/comments?post=346919"}],"wp:featuredmedia":[{"embeddable":true,"href":"https:\/\/www.moskito.cz\/de\/wp-json\/wp\/v2\/media\/346912"}],"wp:attachment":[{"href":"https:\/\/www.moskito.cz\/de\/wp-json\/wp\/v2\/media?parent=346919"}],"wp:term":[{"taxonomy":"pwb-brand","embeddable":true,"href":"https:\/\/www.moskito.cz\/de\/wp-json\/wp\/v2\/pwb-brand?post=346919"},{"taxonomy":"product_brand","embeddable":true,"href":"https:\/\/www.moskito.cz\/de\/wp-json\/wp\/v2\/product_brand?post=346919"},{"taxonomy":"product_cat","embeddable":true,"href":"https:\/\/www.moskito.cz\/de\/wp-json\/wp\/v2\/product_cat?post=346919"},{"taxonomy":"product_tag","embeddable":true,"href":"https:\/\/www.moskito.cz\/de\/wp-json\/wp\/v2\/product_tag?post=346919"}],"curies":[{"name":"wp","href":"https:\/\/api.w.org\/{rel}","templated":true}]}}