{"id":346969,"date":"2023-09-28T12:28:40","date_gmt":"2024-06-24T09:43:43","guid":{"rendered":"https:\/\/www.moskito.cz\/produkt\/schliessmesser-crkt-bamboozled-assisted-5720\/"},"modified":"2025-05-07T11:18:26","modified_gmt":"2025-05-07T10:18:26","slug":"schliessmesser-crkt-bamboozled-assisted-5720","status":"publish","type":"product","link":"https:\/\/www.moskito.cz\/de\/produkt\/schliessmesser-crkt-bamboozled-assisted-5720\/","title":{"rendered":"Schlie\u00dfmesser CRKT Bamboozled Assisted 5720"},"content":{"rendered":"<p>Schlie\u00dfmesser <strong>CRKT<\/strong> Bamboozled Assisted 5720<\/p>\n<p>Inspiriertes Design vom Sohn einer Legende.<\/p>\n<p>Ken Onion Jr. F\u00fcr sein erstes CRKT\u00ae-Messer entwarf er eine raffinierte Komponente, die die Grenzen zwischen Klassik und Moderne verwischt. F\u00fcr den Alltag mit majest\u00e4tischem Look ist das Bamboozled\u2122 ein gro\u00dfartiger Zeitmesser der Messerwelt mit einer zur\u00fcckhaltenden Eleganz, die diejenigen beeindrucken wird, die wissen, wo sie suchen m\u00fcssen.<\/p>\n<p>Unterst\u00fctztes \u00d6ffnen: Flipper entfaltet die Klinge schnell<br \/>\n\u00dcberlegene Leistung: D2-Klingenstahl f\u00fcr hervorragenden Klingenhalt<br \/>\nSanftes \u00d6ffnen: Der IKBS\u2122-Kugellagerstift entfaltet die Klinge sanft<br \/>\nKlassischer Look: Kopfst\u00fctze aus Edelstahl mit G10-Griff<br \/>\nEinfach zu schlie\u00dfen: Der Einsteckverschluss l\u00e4sst sich ganz einfach mit einer Hand schlie\u00dfen<br \/>\nNiedriges Profil: Der tiefe Trageclip sitzt tief in der Tasche<\/p>\n<p>Klinge aus D2-Stahl<br \/>\nKlingenkante glatt<br \/>\nSatiniertes Klingenfinish<\/p>\n<p>Klingenl\u00e4nge: 8,47 cm<br \/>\nKlingenst\u00e4rke: 0,27 cm<br \/>\nGesamtl\u00e4nge: 19,84 cm<br \/>\nL\u00e4nge geschlossen: 19,8 cm<br \/>\nGewicht: 104,89 g<\/p>\n<p>Griffmaterial G10 mit Unterlegscheibe aus Edelstahl<br \/>\nStilvolles Klappmesser mit Liner Lock-Unterst\u00fctzung<\/p>\n<p>&nbsp;<\/p>\n","protected":false},"excerpt":{"rendered":"<p><strong>DesignerKenny OnionMooresville, North Carolina.<\/strong><\/p>\n<p><strong>Als Sohn eines legend\u00e4ren Messermachers ist es Kenny Onion nicht fremd, im Laden die \u00c4rmel hochzukrempeln und sich die H\u00e4nde schmutzig zu machen. Aufgewachsen in Hawaii, verbrachte er unz\u00e4hlige Stunden mit seinem ber\u00fchmten Vater Ken Onion und baute aufwendige Projekte wie Benzin-Scooter und Kartoffelwerfer. Es war diese Neugier und Liebe zum Design, die Kenny dazu veranlasste, eine Karriere als Hersteller und Maschinist einzuschlagen. Er verbrachte den gr\u00f6\u00dften Teil eines Jahrzehnts damit, CAD zu beherrschen und mit seinem Vater und dem Messermacherkollegen Jeff Park zusammenzuarbeiten, um mithilfe von Glasfaserlasern Grafiken auf ihren Messern zu erstellen. Kennys erstes Serienmesser, das Bamboozled\u2122, zeugt von seiner raffinierten \u00c4sthetik und den subtilen Einfl\u00fcssen seines Vaters \u2013 und ist zugleich eine eigenst\u00e4ndige Legende.<\/strong><\/p>\n<p>&nbsp;<\/p>\n","protected":false},"featured_media":346973,"comment_status":"open","ping_status":"closed","template":"","meta":[],"pwb-brand":[3457],"product_brand":[],"product_cat":[3303,3285],"product_tag":[3669],"class_list":{"0":"post-346969","1":"product","2":"type-product","3":"status-publish","4":"has-post-thumbnail","6":"pwb-brand-crkt-de","7":"product_cat-schliesmesser","8":"product_cat-messer","9":"product_tag-b2b-de","11":"first","12":"outofstock","13":"sale","14":"taxable","15":"shipping-taxable","16":"purchasable","17":"product-type-simple"},"brands":[{"id":3457,"name":"CRKT","slug":"crkt-de"}],"_links":{"self":[{"href":"https:\/\/www.moskito.cz\/de\/wp-json\/wp\/v2\/product\/346969","targetHints":{"allow":["GET"]}}],"collection":[{"href":"https:\/\/www.moskito.cz\/de\/wp-json\/wp\/v2\/product"}],"about":[{"href":"https:\/\/www.moskito.cz\/de\/wp-json\/wp\/v2\/types\/product"}],"replies":[{"embeddable":true,"href":"https:\/\/www.moskito.cz\/de\/wp-json\/wp\/v2\/comments?post=346969"}],"wp:featuredmedia":[{"embeddable":true,"href":"https:\/\/www.moskito.cz\/de\/wp-json\/wp\/v2\/media\/346973"}],"wp:attachment":[{"href":"https:\/\/www.moskito.cz\/de\/wp-json\/wp\/v2\/media?parent=346969"}],"wp:term":[{"taxonomy":"pwb-brand","embeddable":true,"href":"https:\/\/www.moskito.cz\/de\/wp-json\/wp\/v2\/pwb-brand?post=346969"},{"taxonomy":"product_brand","embeddable":true,"href":"https:\/\/www.moskito.cz\/de\/wp-json\/wp\/v2\/product_brand?post=346969"},{"taxonomy":"product_cat","embeddable":true,"href":"https:\/\/www.moskito.cz\/de\/wp-json\/wp\/v2\/product_cat?post=346969"},{"taxonomy":"product_tag","embeddable":true,"href":"https:\/\/www.moskito.cz\/de\/wp-json\/wp\/v2\/product_tag?post=346969"}],"curies":[{"name":"wp","href":"https:\/\/api.w.org\/{rel}","templated":true}]}}