{"id":347150,"date":"2024-06-24T14:15:38","date_gmt":"2024-06-24T13:18:39","guid":{"rendered":"https:\/\/www.moskito.cz\/produkt\/solides-messer-muela-col-7mic\/"},"modified":"2025-05-07T11:18:32","modified_gmt":"2025-05-07T10:18:32","slug":"solides-messer-muela-col-7mic","status":"publish","type":"product","link":"https:\/\/www.moskito.cz\/de\/produkt\/solides-messer-muela-col-7mic\/","title":{"rendered":"Solides Messer Muela COL-7MIC"},"content":{"rendered":"<p>Solides Messer <strong>Muela<\/strong> COL-7MIC.<\/p>\n<p>COL-7MIC, Satiniertes, kompaktes Jagdmesser mit durchgehender X50CrMoV15-Stahlkonstruktion. Der Stahl wurde einer kryogenen CRYO-T-Behandlung unterzogen, die auch als Stahlgefrieren bezeichnet wird. Dies verbessert die H\u00e4rte und Festigkeit der Klinge. Granitgriff!<\/p>\n<p>1.4116 (X50CrMoV15) \u2013 Molybd\u00e4n-Vanadium-Edelstahl mit hohem Kohlenstoffgehalt, martensitisch, \u00e4u\u00dferst best\u00e4ndig gegen Korrosion und Verschlei\u00df. Es wird bei der Herstellung von Messern, Schneidbestecken und chirurgischen Instrumenten verwendet. Es zeichnet sich durch eine f\u00fcr Edelst\u00e4hle relativ hohe H\u00e4rte von 56-58 HRC aus. Die chemische Zusammensetzung des Stahls wurde durch Dotierung mit 15,0 % Chrom, 0,80 % Molybd\u00e4n und 0,20 % Vanadium angereichert.<\/p>\n<p>Der Stahl wurde einer kryogenen CRYO-T-Behandlung, auch Gefrier-Tau-Behandlung genannt, unterzogen. CRYO-T f\u00fchrt zu einer homogenen inneren Struktur des Stahls, was sich in einer deutlichen Steigerung der Klingenfestigkeit sowie einer erh\u00f6hten Schlag-, Zug- und Torsionsfestigkeit widerspiegelt.<\/p>\n<p>Klinge \u2013 eine breite, solide Drop-Point-Klinge mit elegantem Satin-Finish. Trotz seiner Dicke bietet der Flachschliff hervorragende Schneideigenschaften bei gleichzeitig hervorragender Haltbarkeit. Der leicht abfallende Schutz sch\u00fctzt die Finger beim Arbeiten vor dem Abrutschen auf der Klinge.<\/p>\n<p>Scheide \u2013 handgen\u00e4ht, aus hochwertigem braunem Rindsleder mit gepr\u00e4gtem Herstellerlogo. Die Kanten des Geh\u00e4uses sind mit Ziergarn vern\u00e4ht. Die G\u00fcrtelbefestigung erm\u00f6glicht das Tragen des Messers in aufrechter Position.<\/p>\n<p>Die Muela-Gruppe ist derzeit eines der f\u00fchrenden Unternehmen im Bereich handgefertigter Jagdmesser sowohl in Spanien als auch weltweit und ihre Messer und Taschenmesser genie\u00dfen hohes Ansehen f\u00fcr ihre hervorragende Verarbeitungsqualit\u00e4t.<\/p>\n<p>Technische Daten:<br \/>\nProduktnummer: COL-7MIC<\/p>\n<p>Gesamtl\u00e4nge: 15,50 cm \/ 6,1\u2033<br \/>\nKlingenl\u00e4nge: 7,2 cm \/ 2,8\u2033<br \/>\nKlingenst\u00e4rke: 0,29 cm \/ 0,114\u2033<br \/>\nGewicht: 90,0 g<\/p>\n<p>Klingenmaterial: X50CrMoV15<br \/>\nKlingenh\u00e4rte: 56-58 HRc<br \/>\nKlingenschliff: Flach<br \/>\nOberfl\u00e4chenbehandlung der Klinge: satiniert<\/p>\n<p>Griffmaterial: Micarta, Messing<br \/>\nScheide (Holster): Leder<br \/>\nSonstiges Zubeh\u00f6r: Keines<\/p>\n<p>Designer: Muela<br \/>\nMarkenname: Muela<br \/>\nHersteller: Muela, Spanien<br \/>\nHerkunftsland: Spanien<\/p>\n","protected":false},"excerpt":{"rendered":"<p><strong>Colibri Granite, Satin, kompaktes Jagdmesser mit einer durchgehenden X50CrMoV15-Stahlkonstruktion. Der Stahl wurde einer kryogenen CRYO-T-Behandlung unterzogen, die auch als Stahlgefrieren bezeichnet wird. Dies verbessert die H\u00e4rte und Festigkeit der Klinge.<\/strong><\/p>\n","protected":false},"featured_media":347109,"comment_status":"open","ping_status":"closed","template":"","meta":[],"pwb-brand":[3914],"product_brand":[],"product_cat":[3285,3287],"product_tag":[3669],"class_list":{"0":"post-347150","1":"product","2":"type-product","3":"status-publish","4":"has-post-thumbnail","6":"pwb-brand-sie-musste","7":"product_cat-messer","8":"product_cat-solide-messer","9":"product_tag-b2b-de","11":"first","12":"instock","13":"taxable","14":"shipping-taxable","15":"purchasable","16":"product-type-simple"},"brands":[{"id":3914,"name":"Sie musste","slug":"sie-musste"}],"_links":{"self":[{"href":"https:\/\/www.moskito.cz\/de\/wp-json\/wp\/v2\/product\/347150","targetHints":{"allow":["GET"]}}],"collection":[{"href":"https:\/\/www.moskito.cz\/de\/wp-json\/wp\/v2\/product"}],"about":[{"href":"https:\/\/www.moskito.cz\/de\/wp-json\/wp\/v2\/types\/product"}],"replies":[{"embeddable":true,"href":"https:\/\/www.moskito.cz\/de\/wp-json\/wp\/v2\/comments?post=347150"}],"wp:featuredmedia":[{"embeddable":true,"href":"https:\/\/www.moskito.cz\/de\/wp-json\/wp\/v2\/media\/347109"}],"wp:attachment":[{"href":"https:\/\/www.moskito.cz\/de\/wp-json\/wp\/v2\/media?parent=347150"}],"wp:term":[{"taxonomy":"pwb-brand","embeddable":true,"href":"https:\/\/www.moskito.cz\/de\/wp-json\/wp\/v2\/pwb-brand?post=347150"},{"taxonomy":"product_brand","embeddable":true,"href":"https:\/\/www.moskito.cz\/de\/wp-json\/wp\/v2\/product_brand?post=347150"},{"taxonomy":"product_cat","embeddable":true,"href":"https:\/\/www.moskito.cz\/de\/wp-json\/wp\/v2\/product_cat?post=347150"},{"taxonomy":"product_tag","embeddable":true,"href":"https:\/\/www.moskito.cz\/de\/wp-json\/wp\/v2\/product_tag?post=347150"}],"curies":[{"name":"wp","href":"https:\/\/api.w.org\/{rel}","templated":true}]}}