{"id":347290,"date":"2024-06-24T15:45:53","date_gmt":"2024-06-24T14:47:42","guid":{"rendered":"https:\/\/www.moskito.cz\/produkt\/muela-schliessmesser-mit-etui-sw-8r\/"},"modified":"2025-05-07T11:18:36","modified_gmt":"2025-05-07T10:18:36","slug":"muela-schliessmesser-mit-etui-sw-8r","status":"publish","type":"product","link":"https:\/\/www.moskito.cz\/de\/produkt\/muela-schliessmesser-mit-etui-sw-8r\/","title":{"rendered":"Muela Schlie\u00dfmesser mit Etui SW-8R"},"content":{"rendered":"<p><strong>Muela<\/strong> Schlie\u00dfmesser mit Etui SW-8R.<\/p>\n<p>Verschlie\u00dfendes Jagdmesser mit Gem\u00fcsehaken, ideal f\u00fcr J\u00e4ger und J\u00e4ger. Die Form der Klinge erleichtert das H\u00e4uten und an der Oberseite befindet sich ein Sch\u00e4lhaken. Das Messer ist kompakt und passt dank seiner Abmessungen bequem in die Tasche und belastet Sie bei der Jagd \u00fcberhaupt nicht. Die Klinge besteht aus hochwertigem X50CrMoV15-Edelstahl. Zur Sicherheit am Arbeitsplatz ist das Messer mit einem Liner Lock ausgestattet. Der Griff besteht aus Pakkaholz. Wird mit einem schwarzen Nylonetui geliefert.<\/p>\n<p>Messergewicht: 100 g<\/p>\n<p>Klingenl\u00e4nge: 175 mm<\/p>\n<p>Klingenl\u00e4nge: 75 mm<\/p>\n<p>Stahl: 440<\/p>\n<p>H\u00e4rte: 58-60 HRC<\/p>\n<p>Griffmaterial: Holz<\/p>\n<p>Geh\u00e4use: Nylon<\/p>\n","protected":false},"excerpt":{"rendered":"<p><strong>Verschlie\u00dfendes Jagdmesser mit Gem\u00fcsehaken, ideal f\u00fcr J\u00e4ger und J\u00e4ger.<\/strong><\/p>\n","protected":false},"featured_media":347247,"comment_status":"open","ping_status":"closed","template":"","meta":[],"pwb-brand":[3914],"product_brand":[],"product_cat":[3303,3285],"product_tag":[3669],"class_list":{"0":"post-347290","1":"product","2":"type-product","3":"status-publish","4":"has-post-thumbnail","6":"pwb-brand-sie-musste","7":"product_cat-schliesmesser","8":"product_cat-messer","9":"product_tag-b2b-de","11":"first","12":"instock","13":"taxable","14":"shipping-taxable","15":"purchasable","16":"product-type-simple"},"brands":[{"id":3914,"name":"Sie musste","slug":"sie-musste"}],"_links":{"self":[{"href":"https:\/\/www.moskito.cz\/de\/wp-json\/wp\/v2\/product\/347290","targetHints":{"allow":["GET"]}}],"collection":[{"href":"https:\/\/www.moskito.cz\/de\/wp-json\/wp\/v2\/product"}],"about":[{"href":"https:\/\/www.moskito.cz\/de\/wp-json\/wp\/v2\/types\/product"}],"replies":[{"embeddable":true,"href":"https:\/\/www.moskito.cz\/de\/wp-json\/wp\/v2\/comments?post=347290"}],"wp:featuredmedia":[{"embeddable":true,"href":"https:\/\/www.moskito.cz\/de\/wp-json\/wp\/v2\/media\/347247"}],"wp:attachment":[{"href":"https:\/\/www.moskito.cz\/de\/wp-json\/wp\/v2\/media?parent=347290"}],"wp:term":[{"taxonomy":"pwb-brand","embeddable":true,"href":"https:\/\/www.moskito.cz\/de\/wp-json\/wp\/v2\/pwb-brand?post=347290"},{"taxonomy":"product_brand","embeddable":true,"href":"https:\/\/www.moskito.cz\/de\/wp-json\/wp\/v2\/product_brand?post=347290"},{"taxonomy":"product_cat","embeddable":true,"href":"https:\/\/www.moskito.cz\/de\/wp-json\/wp\/v2\/product_cat?post=347290"},{"taxonomy":"product_tag","embeddable":true,"href":"https:\/\/www.moskito.cz\/de\/wp-json\/wp\/v2\/product_tag?post=347290"}],"curies":[{"name":"wp","href":"https:\/\/api.w.org\/{rel}","templated":true}]}}