{"id":347338,"date":"2024-06-24T16:04:09","date_gmt":"2024-06-24T15:04:56","guid":{"rendered":"https:\/\/www.moskito.cz\/produkt\/muela-klappmesser-mit-etui-bx-8lr\/"},"modified":"2025-05-07T11:18:38","modified_gmt":"2025-05-07T10:18:38","slug":"muela-klappmesser-mit-etui-bx-8lr","status":"publish","type":"product","link":"https:\/\/www.moskito.cz\/de\/produkt\/muela-klappmesser-mit-etui-bx-8lr\/","title":{"rendered":"Muela Klappmesser mit Etui BX-8LR"},"content":{"rendered":"<p><strong>Muela<\/strong> Klappmesser mit Etui BX-8LR.<\/p>\n<p><strong>Das Taschenmesser Muela Folding Knife Type BX-8LR<\/strong> ist ein hervorragendes Taschenmesser, sehr praktisch in der Handhabung und aus besonderen Materialien wie gepresstem Korallenholz gefertigt. Das Taschenmesser ist ein \u00e4u\u00dferst vielseitiges Accessoire mit besserer Tragbarkeit und schnellem \u00d6ffnen der Klinge, ideal f\u00fcr eine Vielzahl von Kontexten mit vielen Einsatzm\u00f6glichkeiten, einschlie\u00dflich Survival. Sie sind zusammenklappbar, sodass der Transport einfach und sicher ist, da die Klinge gesch\u00fctzt ist.<\/p>\n<p>Der Griff des Muela BX-8LR Taschenmessers besteht aus gepresstem Korallenholz, einem nat\u00fcrlichen und harzigen Material, das hohem Druck und hoher Temperatur ausgesetzt ist. Dadurch wird das Holz dichter, h\u00e4rter und haltbarer.<br \/>\nWasser. Palisander ist ein Holz, das als luxuri\u00f6s und selten gilt, sehr widerstandsf\u00e4hig und von Natur aus langlebig ist.<\/p>\n<p>Seine Klinge besteht aus X50CrMoV15 \u201eMOVA\u201c (1.4116), dem klassischen Material der <strong>Muela-<\/strong> Messer und Taschenmesser, das eine hervorragende Kombination aus Molybd\u00e4n und Vanadium darstellt und einen Stahl mit ausgezeichneter H\u00e4rte und Korrosionsbest\u00e4ndigkeit bildet.<\/p>\n<p>Muela produziert seit 1950 in Spanien exklusive Messer, Taschenmesser und Rasiermesser und ist weltweit eine Referenz im Besteckbereich. Dank speziell ausgew\u00e4hlter Materialien wie martensitischem Stahl, der in den Klingen verwendet wird, und Hirschgeweihen, die in einigen Modellen verwendet werden, werden sie mit hervorragender Arbeit geformt und fertiggestellt, die moderne Maschinen mit einer handwerklichen Methode verbindet. Alle Produkte durchlaufen erfahrene Schneider, die jedes St\u00fcck pr\u00e4zise anpassen, sch\u00e4rfen, polieren und unter strenger Qualit\u00e4tskontrolle pr\u00fcfen.<\/p>\n<p>Technische Beschreibung:<\/p>\n<p>Marke: Muela<\/p>\n<p>Modell: BX-8LR Taschenmesser<\/p>\n<p>Griffmaterial: Gepresstes Korallenholz<\/p>\n<p>Klingenmaterial: 1.4116<\/p>\n<p>Klingenl\u00e4nge: 8,5 cm<\/p>\n<p>Griffl\u00e4nge: 10 cm<\/p>\n<p>Stahlh\u00e4rte: 56 &#8211; 58 HRC<\/p>\n<p>Gewicht: 90 g<\/p>\n<p>&nbsp;<\/p>\n<p>&nbsp;<\/p>\n<p>&nbsp;<\/p>\n","protected":false},"excerpt":{"rendered":"<p><strong>Das Taschenmesser Muela Folding Knife Type BX-8LR ist ein hervorragendes Taschenmesser, sehr praktisch in der Handhabung und aus besonderen Materialien wie gepresstem Korallenholz gefertigt. Das Taschenmesser ist ein \u00e4u\u00dferst vielseitiges Accessoire mit besserer Tragbarkeit und schnellem \u00d6ffnen der Klinge, ideal f\u00fcr eine Vielzahl von Kontexten mit vielen Einsatzm\u00f6glichkeiten, einschlie\u00dflich Survival.<\/strong><\/p>\n","protected":false},"featured_media":347295,"comment_status":"open","ping_status":"closed","template":"","meta":[],"pwb-brand":[3914],"product_brand":[],"product_cat":[3285,3303],"product_tag":[3669],"class_list":{"0":"post-347338","1":"product","2":"type-product","3":"status-publish","4":"has-post-thumbnail","6":"pwb-brand-sie-musste","7":"product_cat-messer","8":"product_cat-schliesmesser","9":"product_tag-b2b-de","11":"first","12":"outofstock","13":"taxable","14":"shipping-taxable","15":"purchasable","16":"product-type-simple"},"brands":[{"id":3914,"name":"Sie musste","slug":"sie-musste"}],"_links":{"self":[{"href":"https:\/\/www.moskito.cz\/de\/wp-json\/wp\/v2\/product\/347338","targetHints":{"allow":["GET"]}}],"collection":[{"href":"https:\/\/www.moskito.cz\/de\/wp-json\/wp\/v2\/product"}],"about":[{"href":"https:\/\/www.moskito.cz\/de\/wp-json\/wp\/v2\/types\/product"}],"replies":[{"embeddable":true,"href":"https:\/\/www.moskito.cz\/de\/wp-json\/wp\/v2\/comments?post=347338"}],"wp:featuredmedia":[{"embeddable":true,"href":"https:\/\/www.moskito.cz\/de\/wp-json\/wp\/v2\/media\/347295"}],"wp:attachment":[{"href":"https:\/\/www.moskito.cz\/de\/wp-json\/wp\/v2\/media?parent=347338"}],"wp:term":[{"taxonomy":"pwb-brand","embeddable":true,"href":"https:\/\/www.moskito.cz\/de\/wp-json\/wp\/v2\/pwb-brand?post=347338"},{"taxonomy":"product_brand","embeddable":true,"href":"https:\/\/www.moskito.cz\/de\/wp-json\/wp\/v2\/product_brand?post=347338"},{"taxonomy":"product_cat","embeddable":true,"href":"https:\/\/www.moskito.cz\/de\/wp-json\/wp\/v2\/product_cat?post=347338"},{"taxonomy":"product_tag","embeddable":true,"href":"https:\/\/www.moskito.cz\/de\/wp-json\/wp\/v2\/product_tag?post=347338"}],"curies":[{"name":"wp","href":"https:\/\/api.w.org\/{rel}","templated":true}]}}