{"id":347497,"date":"2024-06-24T18:17:04","date_gmt":"2024-06-24T17:17:48","guid":{"rendered":"https:\/\/www.moskito.cz\/produkt\/schiessmesser-microtech-combat-troodon-interceptor-gen-iii-signature-series-apocalyptic-1217-10aps\/"},"modified":"2025-05-07T11:18:41","modified_gmt":"2025-05-07T10:18:41","slug":"schiessmesser-microtech-combat-troodon-interceptor-gen-iii-signature-series-apocalyptic-1217-10aps","status":"publish","type":"product","link":"https:\/\/www.moskito.cz\/de\/produkt\/schiessmesser-microtech-combat-troodon-interceptor-gen-iii-signature-series-apocalyptic-1217-10aps\/","title":{"rendered":"Schie\u00dfmesser MICROTECH COMBAT TROODON INTERCEPTOR GEN III SIGNATURE SERIES APOCALYPTIC 1217-10APS"},"content":{"rendered":"<p>Schie\u00dfmesser <strong>MICROTECH<\/strong> COMBAT TROODON INTERCEPTOR GEN III SIGNATURE SERIES APOCALYPTIC 1217-10APS.<\/p>\n<p>Der brandneue Combat <strong>Troodon Gen III<\/strong> von Microtech Knives ist da! Mit neu gestaltetem Griff mit integriertem Glasbrecher und Kugel-Taschenclip aus Titankeramik. Dank des neuen OTF-Antriebssystems sind diese Messer die glattesten, die Microtech je hergestellt hat. Extrem sanftes\/einfaches \u00d6ffnen und Schlie\u00dfen. Der neue Schalter l\u00e4uft jetzt auf einer gefr\u00e4sten Plattform, die dabei hilft, Taschenflusen\/Ablagerungen aufzubrechen und die Reibung zu reduzieren, was seine Zuverl\u00e4ssigkeit erh\u00f6ht und die Reinigungsh\u00e4ufigkeit reduziert. Der Griff verf\u00fcgt jetzt \u00fcber Torx-Schrauben zum einfachen Entfernen und Reinigen. Diese Modelle wurden komplett neu gestaltet und werden Ihnen bestimmt gefallen!<\/p>\n<p>Klingenl\u00e4nge: 9,37 cm<\/p>\n<p>Klingenstahl: M390MK<\/p>\n<p>Griffmaterial: Aluminium<\/p>\n<p>Gesamtl\u00e4nge: 23,5 cm<\/p>\n<p>Gewicht: 5 Unzen<\/p>\n<p>Klingenstil: Abfangj\u00e4ger<\/p>\n<p>Klingenschliff: Flach<\/p>\n<p>Rahmenstil: Standard<\/p>\n<p>Klingenfinish: Apokalyptisch<\/p>\n<p>Grifffarbe: Schwarz<\/p>\n<p><iframe title=\"Microtech Combat Troodon Torture Test\" width=\"800\" height=\"450\" src=\"https:\/\/www.youtube.com\/embed\/xE9TeOFYEjg?feature=oembed\" frameborder=\"0\" allow=\"accelerometer; autoplay; clipboard-write; encrypted-media; gyroscope; picture-in-picture; web-share\" referrerpolicy=\"strict-origin-when-cross-origin\" allowfullscreen><\/iframe><\/p>\n<p>&nbsp;<\/p>\n","protected":false},"excerpt":{"rendered":"<p><strong>Im Laufe der Jahre hat Microtech\u00ae Knives Messer mit Leidenschaft und K\u00f6nnen geschaffen, um nahezu Kunstwerke zu schaffen, die den Gipfel der Funktionalit\u00e4t darstellen. Alle Teile werden in den USA hergestellt.<\/strong><br \/>\n <strong>F\u00fcr alle Microtech-Messer gilt eine lebenslange Garantie.<\/strong><\/p>\n<p> <strong>Kostenloser Versand.<\/strong><\/p>\n","protected":false},"featured_media":347466,"comment_status":"open","ping_status":"closed","template":"","meta":[],"pwb-brand":[3278],"product_brand":[],"product_cat":[3285,3343],"product_tag":[3669],"class_list":{"0":"post-347497","1":"product","2":"type-product","3":"status-publish","4":"has-post-thumbnail","6":"pwb-brand-microtech-de","7":"product_cat-messer","8":"product_cat-schiesmesser","9":"product_tag-b2b-de","11":"first","12":"outofstock","13":"taxable","14":"shipping-taxable","15":"purchasable","16":"product-type-simple"},"brands":[{"id":3278,"name":"Microtech","slug":"microtech-de"}],"_links":{"self":[{"href":"https:\/\/www.moskito.cz\/de\/wp-json\/wp\/v2\/product\/347497","targetHints":{"allow":["GET"]}}],"collection":[{"href":"https:\/\/www.moskito.cz\/de\/wp-json\/wp\/v2\/product"}],"about":[{"href":"https:\/\/www.moskito.cz\/de\/wp-json\/wp\/v2\/types\/product"}],"replies":[{"embeddable":true,"href":"https:\/\/www.moskito.cz\/de\/wp-json\/wp\/v2\/comments?post=347497"}],"wp:featuredmedia":[{"embeddable":true,"href":"https:\/\/www.moskito.cz\/de\/wp-json\/wp\/v2\/media\/347466"}],"wp:attachment":[{"href":"https:\/\/www.moskito.cz\/de\/wp-json\/wp\/v2\/media?parent=347497"}],"wp:term":[{"taxonomy":"pwb-brand","embeddable":true,"href":"https:\/\/www.moskito.cz\/de\/wp-json\/wp\/v2\/pwb-brand?post=347497"},{"taxonomy":"product_brand","embeddable":true,"href":"https:\/\/www.moskito.cz\/de\/wp-json\/wp\/v2\/product_brand?post=347497"},{"taxonomy":"product_cat","embeddable":true,"href":"https:\/\/www.moskito.cz\/de\/wp-json\/wp\/v2\/product_cat?post=347497"},{"taxonomy":"product_tag","embeddable":true,"href":"https:\/\/www.moskito.cz\/de\/wp-json\/wp\/v2\/product_tag?post=347497"}],"curies":[{"name":"wp","href":"https:\/\/api.w.org\/{rel}","templated":true}]}}