{"id":347911,"date":"2024-06-26T14:25:14","date_gmt":"2024-06-26T13:26:34","guid":{"rendered":"https:\/\/www.moskito.cz\/produkt\/feststehendes-messer-muela-terrier-9g\/"},"modified":"2025-05-07T11:18:53","modified_gmt":"2025-05-07T10:18:53","slug":"feststehendes-messer-muela-terrier-9g","status":"publish","type":"product","link":"https:\/\/www.moskito.cz\/de\/produkt\/feststehendes-messer-muela-terrier-9g\/","title":{"rendered":"Feststehendes Messer Muela TERRIER-9G"},"content":{"rendered":"<p>Feststehendes Messer <strong>Muela<\/strong> TERRIER-9G.<\/p>\n<p>Das beliebte Jagdmesser von Muel gibt es jetzt auch in einer Variante mit gr\u00fcn-gelbem Micarta-Griff. Die Schn\u00fcffelklinge Terrier-9G besteht aus Nitro-42-Kohlenstoffstahl, der einen au\u00dfergew\u00f6hnlichen H\u00e4rtegrad mit hoher Korrosionsbest\u00e4ndigkeit verbindet. Die angebrachte Lederscheide erg\u00e4nzt das Messer klassisch.<\/p>\n<p>Gesamtl\u00e4nge: 18,90 cm<br \/>\nKlingenl\u00e4nge: 8,80 cm<br \/>\nKlingenst\u00e4rke: 0,38 cm<br \/>\nGewicht: 122,00 g<br \/>\nKlingenmaterial: Nitro-42<br \/>\nGriffmaterial: Micarta<br \/>\nFarbe gr\u00fcn<br \/>\nKlingenfarbe: Unbeschichtet<br \/>\nMantelmaterial: Leder<\/p>\n<p>&nbsp;<\/p>\n","protected":false},"excerpt":{"rendered":"<p><strong>Der Muela TERRIER-9G verf\u00fcgt \u00fcber eine langlebige Konstruktion, die f\u00fcr anspruchsvolle Aufgaben im Feld geeignet ist. Es ist perfekt f\u00fcr kleine Arbeiten bei der Jagd und Outdoor-Aktivit\u00e4ten im Allgemeinen.<\/strong><\/p>\n","protected":false},"featured_media":347884,"comment_status":"open","ping_status":"closed","template":"","meta":[],"pwb-brand":[3914],"product_brand":[],"product_cat":[3285,3287],"product_tag":[3669],"class_list":{"0":"post-347911","1":"product","2":"type-product","3":"status-publish","4":"has-post-thumbnail","6":"pwb-brand-sie-musste","7":"product_cat-messer","8":"product_cat-solide-messer","9":"product_tag-b2b-de","11":"first","12":"instock","13":"taxable","14":"shipping-taxable","15":"purchasable","16":"product-type-simple"},"brands":[{"id":3914,"name":"Sie musste","slug":"sie-musste"}],"_links":{"self":[{"href":"https:\/\/www.moskito.cz\/de\/wp-json\/wp\/v2\/product\/347911","targetHints":{"allow":["GET"]}}],"collection":[{"href":"https:\/\/www.moskito.cz\/de\/wp-json\/wp\/v2\/product"}],"about":[{"href":"https:\/\/www.moskito.cz\/de\/wp-json\/wp\/v2\/types\/product"}],"replies":[{"embeddable":true,"href":"https:\/\/www.moskito.cz\/de\/wp-json\/wp\/v2\/comments?post=347911"}],"wp:featuredmedia":[{"embeddable":true,"href":"https:\/\/www.moskito.cz\/de\/wp-json\/wp\/v2\/media\/347884"}],"wp:attachment":[{"href":"https:\/\/www.moskito.cz\/de\/wp-json\/wp\/v2\/media?parent=347911"}],"wp:term":[{"taxonomy":"pwb-brand","embeddable":true,"href":"https:\/\/www.moskito.cz\/de\/wp-json\/wp\/v2\/pwb-brand?post=347911"},{"taxonomy":"product_brand","embeddable":true,"href":"https:\/\/www.moskito.cz\/de\/wp-json\/wp\/v2\/product_brand?post=347911"},{"taxonomy":"product_cat","embeddable":true,"href":"https:\/\/www.moskito.cz\/de\/wp-json\/wp\/v2\/product_cat?post=347911"},{"taxonomy":"product_tag","embeddable":true,"href":"https:\/\/www.moskito.cz\/de\/wp-json\/wp\/v2\/product_tag?post=347911"}],"curies":[{"name":"wp","href":"https:\/\/api.w.org\/{rel}","templated":true}]}}