{"id":347959,"date":"2023-07-14T11:04:01","date_gmt":"2023-07-14T10:04:01","guid":{"rendered":"https:\/\/www.moskito.cz\/produkt\/feststehendes-messer-muela-gavilan-c\/"},"modified":"2026-03-02T13:59:41","modified_gmt":"2026-03-02T12:59:41","slug":"feststehendes-messer-muela-gavilan-c","status":"publish","type":"product","link":"https:\/\/www.moskito.cz\/de\/produkt\/feststehendes-messer-muela-gavilan-c\/","title":{"rendered":"Feststehendes Messer Muela Gavilan-C"},"content":{"rendered":"<p>Feststehendes Messer <strong>Muela<\/strong> Gavilan-C<\/p>\n<p>GAVILAN C, eine Kombination aus exzellentem Design und moderner Metallurgie. Ein vielseitiges, perfekt ausbalanciertes Full-Tang-Messer mit einer massiven kryogenbehandelten Klinge f\u00fcr enorme Schneidleistung. Zielgruppe sind Liebhaber von Bushcraft, Survival und Jagd. Ein Messer, das Ihnen jahrelang gute Dienste leisten wird!<\/p>\n<p>1.4116 (X50CrMoV15) \u2013 martensitischer Edelstahl mit hohem Kohlenstoffgehalt und Molybd\u00e4n-Vanadium-Gehalt, \u00e4u\u00dferst best\u00e4ndig gegen Korrosion und Verschlei\u00df. Es wird zur Herstellung von Messern, hochwertigem Besteck und chirurgischen Instrumenten verwendet. Es zeichnet sich durch eine relativ hohe H\u00e4rte aus, wie bei rostfreien St\u00e4hlen 57-58 HRC. Die chemische Zusammensetzung des Stahls wurde durch eine Beimischung von 15,0 % Chrom, 0,80 % Molybd\u00e4n und 0,20 % Vanadium angereichert.<\/p>\n<p>Der Stahl wurde einer kryogenen Behandlung (W\u00e4rmebehandlung bei negativen Temperaturen), dem sogenannten CRYO-T, auch Gefrieren genannt, unterzogen. Dank CRYO-T erhalten wir eine homogene innere Stahlstruktur, was zu einer deutlichen Erh\u00f6hung der Festigkeit der Klinge sowie einer Erh\u00f6hung der Widerstandsf\u00e4higkeit gegen St\u00f6\u00dfe, Spannungen und Verdrehungen f\u00fchrt.<\/p>\n<p>Klinge \u2013 Drop-Point-Form, St\u00e4rke 4,5 mm, ideal f\u00fcr alle Arten der Holzbearbeitung. Die seidenglatte Plain-Klinge ist mit einem Flachschliff (Flat Grind) gefertigt, der das Gewicht reduziert und sich durch gute mechanische Eigenschaften inklusive langanhaltender Sch\u00e4rfe auszeichnet. Der vergr\u00f6\u00dferte Vorsprung dient als Schutz, um die Hand vor dem Abrutschen auf der Klinge zu sch\u00fctzen.<\/p>\n<p>Griff \u2013 in brauner Farbe. Hergestellt aus Micarta-Canvas, einem Verbundmaterial aus Baumwolle oder Leinen, das unter Druck mit Kunstharz gepresst wird. Abgeschr\u00e4gte Kanten der Abdeckungen verhindern scharfe Kanten und sorgen f\u00fcr einen bequemen Halt. Auf der R\u00fcckseite des Griffs befindet sich eine Fangriemen\u00f6se, ein vergr\u00f6\u00dfertes Loch, in das eine Paracordschnur eingewebt ist.<\/p>\n<p>Scheide \u2013 verl\u00e4ngert, sch\u00fctzt die Klinge zusammen mit einem Teil des Griffs. Handgen\u00e4ht, aus hochwertigem braunem Rindsleder mit gepr\u00e4gtem Herstellerlogo. Die Kanten des Geh\u00e4uses sind mit Ziergarn vern\u00e4ht. Schnappverschluss Typ Prym. Durch die Befestigung an einem G\u00fcrtel oder Ger\u00e4t kann das Messer in vertikaler Position getragen werden.<\/p>\n<p>Technische Daten:<br \/>\nProduktnummer: GAVILAN-C<\/p>\n<p>Gesamtl\u00e4nge: 25.5 cm<br \/>\nKlingenl\u00e4nge: 12.5 cm<br \/>\nGriffl\u00e4nge: 13 cm<br \/>\nKlingenst\u00e4rke: 0.45 cm<br \/>\nGewicht: 320.0 g \/ 11.26 oz<\/p>\n<p>Klingenmaterial: 1.4116 (X50CrMoV15)<br \/>\nKlingenh\u00e4rte: 57-58 HRC<br \/>\nKlingenschliff: Flach<br \/>\nKlingenfinish: Satiniert<\/p>\n<p>Griffmaterial: Canvas Micarta<br \/>\nFarbe des Griffs: braun<\/p>\n<p>Scheide: Leder<\/p>\n<p>Designer: Muela<br \/>\nMarke: Muel<br \/>\nHersteller: Manufacturas Muela, S.A<br \/>\nHerkunftsland: Spanien<\/p>\n<p>&nbsp;<\/p>\n","protected":false},"excerpt":{"rendered":"<p><strong>GAVILAN C, eine Kombination aus exzellentem Design und moderner Metallurgie. Ein vielseitiges, perfekt ausbalanciertes Full-Tang-Messer mit einer massiven kryogenbehandelten Klinge f\u00fcr enorme Schneidleistung.<\/strong><\/p>\n","protected":false},"featured_media":347960,"comment_status":"open","ping_status":"closed","template":"","meta":[],"pwb-brand":[3914],"product_brand":[],"product_cat":[3287,3285],"product_tag":[3669],"class_list":{"0":"post-347959","1":"product","2":"type-product","3":"status-publish","4":"has-post-thumbnail","6":"pwb-brand-sie-musste","7":"product_cat-solide-messer","8":"product_cat-messer","9":"product_tag-b2b-de","11":"first","12":"outofstock","13":"taxable","14":"shipping-taxable","15":"purchasable","16":"product-type-simple"},"brands":[{"id":3914,"name":"Sie musste","slug":"sie-musste"}],"_links":{"self":[{"href":"https:\/\/www.moskito.cz\/de\/wp-json\/wp\/v2\/product\/347959","targetHints":{"allow":["GET"]}}],"collection":[{"href":"https:\/\/www.moskito.cz\/de\/wp-json\/wp\/v2\/product"}],"about":[{"href":"https:\/\/www.moskito.cz\/de\/wp-json\/wp\/v2\/types\/product"}],"replies":[{"embeddable":true,"href":"https:\/\/www.moskito.cz\/de\/wp-json\/wp\/v2\/comments?post=347959"}],"wp:featuredmedia":[{"embeddable":true,"href":"https:\/\/www.moskito.cz\/de\/wp-json\/wp\/v2\/media\/347960"}],"wp:attachment":[{"href":"https:\/\/www.moskito.cz\/de\/wp-json\/wp\/v2\/media?parent=347959"}],"wp:term":[{"taxonomy":"pwb-brand","embeddable":true,"href":"https:\/\/www.moskito.cz\/de\/wp-json\/wp\/v2\/pwb-brand?post=347959"},{"taxonomy":"product_brand","embeddable":true,"href":"https:\/\/www.moskito.cz\/de\/wp-json\/wp\/v2\/product_brand?post=347959"},{"taxonomy":"product_cat","embeddable":true,"href":"https:\/\/www.moskito.cz\/de\/wp-json\/wp\/v2\/product_cat?post=347959"},{"taxonomy":"product_tag","embeddable":true,"href":"https:\/\/www.moskito.cz\/de\/wp-json\/wp\/v2\/product_tag?post=347959"}],"curies":[{"name":"wp","href":"https:\/\/api.w.org\/{rel}","templated":true}]}}