{"id":347995,"date":"2024-06-26T15:00:30","date_gmt":"2024-06-26T14:00:30","guid":{"rendered":"https:\/\/www.moskito.cz\/produkt\/muela-gavilan-feststehendes-messer\/"},"modified":"2025-05-07T11:18:56","modified_gmt":"2025-05-07T10:18:56","slug":"muela-gavilan-feststehendes-messer","status":"publish","type":"product","link":"https:\/\/www.moskito.cz\/de\/produkt\/muela-gavilan-feststehendes-messer\/","title":{"rendered":"Muela Gavilan Feststehendes Messer"},"content":{"rendered":"<p><strong>Muela<\/strong> Gavilan Feststehendes Messer.<\/p>\n<p><strong>Das Gvil\u00e1n Muela<\/strong> ist ein High-End-Messer mit einer Klinge aus MoVa-Stahl und einem Griff aus stilisiertem Buchenholz und Messing. Dieses hochwertige Produkt verf\u00fcgt \u00fcber eine verarbeitete und exklusive Oberfl\u00e4che. Dar\u00fcber hinaus ist es mit einer Ledertasche ausgestattet.<\/p>\n<p>Die prestigetr\u00e4chtige Messermarke Muela spanischen Ursprungs zeichnet sich durch extreme Qualit\u00e4t aus. Bei spanischen Messern ist die Scheide entfernt und sowohl die Klinge als auch der Griff sind aus einem St\u00fcck, was sie wesentlich schlagfester macht. Es hat sehr interessante Abmessungen und ist daher ein Produkt mit einem konkurrenzlosen Preis-\/Leistungsverh\u00e4ltnis.<\/p>\n<p>Gro\u00dfes Outdoormesser mit rostfreier Molybd\u00e4n-Vanadium-Klinge. Die zus\u00e4tzliche Umwandlung des Gef\u00fcges von Martinit zu Austenit verleiht dem Stahl eine h\u00f6here Qualit\u00e4t. Durch die Umformung erh\u00e4lt das Mikrogef\u00fcge ein homogeneres Gef\u00fcge, wodurch es bruch- und korrosionsbest\u00e4ndiger und insgesamt stabiler wird. Muela nennt diese Methode CRYO-T. Der Griff besteht aus Buchenholz mit br\u00fcnierter Ziergravur und Messingbacken. Mit hochwertigem Lederetui.<\/p>\n<p>Klingenmaterial: X50CrMoV15 (Molybd\u00e4n-Vanadium-Edelstahl)<br \/>\nGriffmaterial: Buchenholz<br \/>\nScheide: Leder<br \/>\nKlingenl\u00e4nge: 12,5 cm<br \/>\nGesamtl\u00e4nge: 25,5 cm<br \/>\nGewicht: 315 g<\/p>\n<p>&nbsp;<\/p>\n<p>&nbsp;<\/p>\n","protected":false},"excerpt":{"rendered":"<p><strong>Das Gvil\u00e1n Muela ist ein High-End-Messer mit einer Klinge aus MoVa-Stahl und einem Griff aus stilisiertem Buchenholz und Messing. Dieses hochwertige Produkt verf\u00fcgt \u00fcber eine verarbeitete und exklusive Oberfl\u00e4che. Dar\u00fcber hinaus ist es mit einer Ledertasche ausgestattet.<\/strong><\/p>\n","protected":false},"featured_media":347967,"comment_status":"open","ping_status":"closed","template":"","meta":[],"pwb-brand":[3914],"product_brand":[],"product_cat":[3287,3285],"product_tag":[],"class_list":{"0":"post-347995","1":"product","2":"type-product","3":"status-publish","4":"has-post-thumbnail","6":"pwb-brand-sie-musste","7":"product_cat-solide-messer","8":"product_cat-messer","10":"first","11":"outofstock","12":"taxable","13":"shipping-taxable","14":"purchasable","15":"product-type-simple"},"brands":[{"id":3914,"name":"Sie musste","slug":"sie-musste"}],"_links":{"self":[{"href":"https:\/\/www.moskito.cz\/de\/wp-json\/wp\/v2\/product\/347995","targetHints":{"allow":["GET"]}}],"collection":[{"href":"https:\/\/www.moskito.cz\/de\/wp-json\/wp\/v2\/product"}],"about":[{"href":"https:\/\/www.moskito.cz\/de\/wp-json\/wp\/v2\/types\/product"}],"replies":[{"embeddable":true,"href":"https:\/\/www.moskito.cz\/de\/wp-json\/wp\/v2\/comments?post=347995"}],"wp:featuredmedia":[{"embeddable":true,"href":"https:\/\/www.moskito.cz\/de\/wp-json\/wp\/v2\/media\/347967"}],"wp:attachment":[{"href":"https:\/\/www.moskito.cz\/de\/wp-json\/wp\/v2\/media?parent=347995"}],"wp:term":[{"taxonomy":"pwb-brand","embeddable":true,"href":"https:\/\/www.moskito.cz\/de\/wp-json\/wp\/v2\/pwb-brand?post=347995"},{"taxonomy":"product_brand","embeddable":true,"href":"https:\/\/www.moskito.cz\/de\/wp-json\/wp\/v2\/product_brand?post=347995"},{"taxonomy":"product_cat","embeddable":true,"href":"https:\/\/www.moskito.cz\/de\/wp-json\/wp\/v2\/product_cat?post=347995"},{"taxonomy":"product_tag","embeddable":true,"href":"https:\/\/www.moskito.cz\/de\/wp-json\/wp\/v2\/product_tag?post=347995"}],"curies":[{"name":"wp","href":"https:\/\/api.w.org\/{rel}","templated":true}]}}