{"id":348019,"date":"2024-06-26T15:32:49","date_gmt":"2024-06-26T14:33:43","guid":{"rendered":"https:\/\/www.moskito.cz\/produkt\/feststehendes-messer-muela-mouse-6r\/"},"modified":"2025-05-07T11:18:57","modified_gmt":"2025-05-07T10:18:57","slug":"feststehendes-messer-muela-mouse-6r","status":"publish","type":"product","link":"https:\/\/www.moskito.cz\/de\/produkt\/feststehendes-messer-muela-mouse-6r\/","title":{"rendered":"Feststehendes Messer Muela Mouse-6R"},"content":{"rendered":"<p>Feststehendes Messer <strong>Muela<\/strong> Mouse-6R.<\/p>\n<p>Ein Messer der spanischen Firma Muela, perfekt f\u00fcr J\u00e4gerinnen und J\u00e4ger als Zugmesser. Obwohl es in erster Linie f\u00fcr Aktivit\u00e4ten rund um die Jagd gedacht ist, eignet es sich auch als kleines robustes Messer f\u00fcr den Aufenthalt in der Natur und Outdoor-Aktivit\u00e4ten. Es besteht aus einem St\u00fcck hochwertigem, rostfreiem Molybd\u00e4n-Vanadium-Stahl. Die Stiele bestehen aus Pakka-Holz, einem sehr starken Material, das durch das Pressen mehrerer Schichten harzimpr\u00e4gnierten Holzfurniers entsteht. Der Griff ist rund und liegt perfekt in der Hand. Das Ende des Griffs hat ein Loch f\u00fcr eine Aufh\u00e4ngeschnur und das Messer wird mit einer braunen Lederscheide geliefert.<\/p>\n<p>Klingenl\u00e4nge: 8 cm<br \/>\nGesamtl\u00e4nge: 16,5 cm<br \/>\nGriffl\u00e4nge: 8,5 cm<br \/>\nGewicht: 130 g<\/p>\n","protected":false},"excerpt":{"rendered":"<p><strong>Ein Messer der spanischen Firma Muela, perfekt f\u00fcr J\u00e4gerinnen und J\u00e4ger als Zugmesser.<\/strong><\/p>\n","protected":false},"featured_media":348000,"comment_status":"open","ping_status":"closed","template":"","meta":[],"pwb-brand":[3914],"product_brand":[],"product_cat":[3303,3285],"product_tag":[],"class_list":{"0":"post-348019","1":"product","2":"type-product","3":"status-publish","4":"has-post-thumbnail","6":"pwb-brand-sie-musste","7":"product_cat-schliesmesser","8":"product_cat-messer","10":"first","11":"outofstock","12":"sold-individually","13":"taxable","14":"shipping-taxable","15":"purchasable","16":"product-type-simple"},"brands":[{"id":3914,"name":"Sie musste","slug":"sie-musste"}],"_links":{"self":[{"href":"https:\/\/www.moskito.cz\/de\/wp-json\/wp\/v2\/product\/348019","targetHints":{"allow":["GET"]}}],"collection":[{"href":"https:\/\/www.moskito.cz\/de\/wp-json\/wp\/v2\/product"}],"about":[{"href":"https:\/\/www.moskito.cz\/de\/wp-json\/wp\/v2\/types\/product"}],"replies":[{"embeddable":true,"href":"https:\/\/www.moskito.cz\/de\/wp-json\/wp\/v2\/comments?post=348019"}],"wp:featuredmedia":[{"embeddable":true,"href":"https:\/\/www.moskito.cz\/de\/wp-json\/wp\/v2\/media\/348000"}],"wp:attachment":[{"href":"https:\/\/www.moskito.cz\/de\/wp-json\/wp\/v2\/media?parent=348019"}],"wp:term":[{"taxonomy":"pwb-brand","embeddable":true,"href":"https:\/\/www.moskito.cz\/de\/wp-json\/wp\/v2\/pwb-brand?post=348019"},{"taxonomy":"product_brand","embeddable":true,"href":"https:\/\/www.moskito.cz\/de\/wp-json\/wp\/v2\/product_brand?post=348019"},{"taxonomy":"product_cat","embeddable":true,"href":"https:\/\/www.moskito.cz\/de\/wp-json\/wp\/v2\/product_cat?post=348019"},{"taxonomy":"product_tag","embeddable":true,"href":"https:\/\/www.moskito.cz\/de\/wp-json\/wp\/v2\/product_tag?post=348019"}],"curies":[{"name":"wp","href":"https:\/\/api.w.org\/{rel}","templated":true}]}}