{"id":348100,"date":"2024-06-26T15:59:35","date_gmt":"2024-06-26T14:59:35","guid":{"rendered":"https:\/\/www.moskito.cz\/produkt\/feststehendes-messer-muela-mouse-7m\/"},"modified":"2025-09-26T07:50:09","modified_gmt":"2025-09-26T06:50:09","slug":"feststehendes-messer-muela-mouse-7m","status":"publish","type":"product","link":"https:\/\/www.moskito.cz\/de\/produkt\/feststehendes-messer-muela-mouse-7m\/","title":{"rendered":"Feststehendes Messer Muela Mouse-7M"},"content":{"rendered":"<p>Feststehendes Messer <strong>Muela<\/strong> Mouse-7M.<\/p>\n<p><strong>Muela Mouse-7M<\/strong> Brown Jute Micarta, Satin, einfaches, kompaktes \u201eSkinner\u201c-Messer mit Full-Tang-Design. Satinierte Klinge aus Edelstahl 14C28N. Bequemer Micarta-Griff. Ein ausgezeichneter Helfer f\u00fcr die Jagd, Outdoor-Aktivit\u00e4ten oder das \u00dcberleben.<\/p>\n<p>14C28N \u2013 martensitischer Chromstahl ist die neueste Erg\u00e4nzung der Edelstahlpalette des schwedischen Stahlunternehmens Sandvik. Die optimierte chemische Zusammensetzung mit einer einzigartigen Kombination gew\u00e4hrleistet h\u00f6chste Qualit\u00e4t, hervorragende Klingenleistung, hohe H\u00e4rte und Korrosionsbest\u00e4ndigkeit. Durch die Reduzierung des Kohlenstoffgehalts um 0,62 % (C) und die Erh\u00f6hung des Chromgehalts um 14,0 % (Cr) sowie durch die Zugabe von Stickstoff um 0,11 % (N) wurde die Korrosionsbest\u00e4ndigkeit deutlich erh\u00f6ht. Gilt als verbesserte Version von 13C26-Stahl. In der Preis-Leistungs-Kategorie konkurrenzlos!<\/p>\n<p>Hauptmesser \u2013 Trailing-Point-Typ mit deutlich markierter Bauchseite der Klinge. Das Gew\u00f6hnliche wurde mit Tuhival Grey (Hohlschliff) veredelt, was hervorragende Schneideigenschaften bei gleichzeitig hervorragender Haltbarkeit bietet.<\/p>\n<p>Handhabung \u2013 profiliert, \u00fcberzogen mit einem polierten wasserfesten Futter aus Jute-Micarta. Es ist auf jeden Fall ein bequemer und sicherer Griff. Designschrauben zur Befestigung der Griffabdeckungen. Auf der R\u00fcckseite des Griffs befindet sich eine \u00d6ffnung f\u00fcr ein Sicherheitskabel (im Lieferumfang enthalten).<\/p>\n<p>Unkraut \u2013 aus gut schlafendem, nat\u00fcrlichem Rindsleder in schwarzer Farbe. Auf der Oberfl\u00e4che ist das Logo des Herstellers eingepr\u00e4gt. An den Ufern wurde der Zusatz mit einem Zierfaden vern\u00e4ht. Die G\u00fcrtel- oder Ger\u00e4temontage erm\u00f6glicht das Tragen des Messers in aufrechter Position.<\/p>\n<p>Technische Daten:<br \/>\n Produktnummer: Mouse-7M<br \/>\n Produktname: Muela Mouse-7M Braunes Jute-Micarta, Satin<\/p>\n<p>Gesamtl\u00e4nge: 14 cm<br \/>\n Klingenl\u00e4nge: 7 cm<br \/>\n Kopfdicke: bd<br \/>\n Gewicht: 140,0 g \/ 4,94 oz<\/p>\n<p>Grundmaterial: Sandvik 14C28N<br \/>\n Kopfh\u00e4rte: bd<br \/>\n Kopfschliff: Konkav<br \/>\n Kopfoberfl\u00e4che: Satin<\/p>\n<p>Griffmaterial: Micarta-Jute<br \/>\n Griffoberfl\u00e4che: Braun<\/p>\n<p>Schuppen (Cabura): Leder<br \/>\n Sonstiges Zubeh\u00f6r: Keines<\/p>\n<p>Designer von Muela<br \/>\n Marke: Muela<br \/>\n Hersteller: Manufacturas Muela, SA<br \/>\n Herkunftsland: Spanien<\/p>\n<p>&nbsp;<\/p>\n","protected":false},"excerpt":{"rendered":"<p><strong>Muela Mouse-7M Brown Jute Micarta, Satin, einfaches, kompaktes \u201eSkinner\u201c-Messer mit Full-Tang-Design. Satinierte Klinge aus Edelstahl 14C28N. Bequemer Micarta-Griff. Ein ausgezeichneter Helfer f\u00fcr die Jagd, Outdoor-Aktivit\u00e4ten oder das \u00dcberleben.<\/strong><\/p>\n","protected":false},"featured_media":348049,"comment_status":"open","ping_status":"closed","template":"","meta":[],"pwb-brand":[3914],"product_brand":[],"product_cat":[3287,3285],"product_tag":[],"class_list":{"0":"post-348100","1":"product","2":"type-product","3":"status-publish","4":"has-post-thumbnail","6":"pwb-brand-sie-musste","7":"product_cat-solide-messer","8":"product_cat-messer","10":"first","11":"outofstock","12":"taxable","13":"shipping-taxable","14":"purchasable","15":"product-type-simple"},"brands":[{"id":3914,"name":"Sie musste","slug":"sie-musste"}],"_links":{"self":[{"href":"https:\/\/www.moskito.cz\/de\/wp-json\/wp\/v2\/product\/348100","targetHints":{"allow":["GET"]}}],"collection":[{"href":"https:\/\/www.moskito.cz\/de\/wp-json\/wp\/v2\/product"}],"about":[{"href":"https:\/\/www.moskito.cz\/de\/wp-json\/wp\/v2\/types\/product"}],"replies":[{"embeddable":true,"href":"https:\/\/www.moskito.cz\/de\/wp-json\/wp\/v2\/comments?post=348100"}],"wp:featuredmedia":[{"embeddable":true,"href":"https:\/\/www.moskito.cz\/de\/wp-json\/wp\/v2\/media\/348049"}],"wp:attachment":[{"href":"https:\/\/www.moskito.cz\/de\/wp-json\/wp\/v2\/media?parent=348100"}],"wp:term":[{"taxonomy":"pwb-brand","embeddable":true,"href":"https:\/\/www.moskito.cz\/de\/wp-json\/wp\/v2\/pwb-brand?post=348100"},{"taxonomy":"product_brand","embeddable":true,"href":"https:\/\/www.moskito.cz\/de\/wp-json\/wp\/v2\/product_brand?post=348100"},{"taxonomy":"product_cat","embeddable":true,"href":"https:\/\/www.moskito.cz\/de\/wp-json\/wp\/v2\/product_cat?post=348100"},{"taxonomy":"product_tag","embeddable":true,"href":"https:\/\/www.moskito.cz\/de\/wp-json\/wp\/v2\/product_tag?post=348100"}],"curies":[{"name":"wp","href":"https:\/\/api.w.org\/{rel}","templated":true}]}}