{"id":348138,"date":"2023-12-16T21:10:17","date_gmt":"2024-06-28T06:45:50","guid":{"rendered":"https:\/\/www.moskito.cz\/?post_type=product&p=348138"},"modified":"2025-05-07T11:19:02","modified_gmt":"2025-05-07T10:19:02","slug":"spyderco-chicago-c130gp-klappmesser","status":"publish","type":"product","link":"https:\/\/www.moskito.cz\/de\/produkt\/spyderco-chicago-c130gp-klappmesser\/","title":{"rendered":"Spyderco Chicago C130GP Klappmesser"},"content":{"rendered":"<p><strong>Spyderco<\/strong> Chicago C130GP Klappmesser<\/p>\n<p>Gesetze. Ob notwendig, gut oder einfach nur verr\u00fcckt, sie sollen Ordnung schaffen und Chaos abwehren. Wenn unsere Regierung und unsere Gesellschaft Regeln aufstellen, tun wir unser Bestes, um innerhalb ihrer Parameter zu leben.<\/p>\n<p>Beispielsweise ziehen viele US-amerikanische Metropolen die Grenze f\u00fcr das Mitf\u00fchren von Taschenmessern in der \u00d6ffentlichkeit zu Messern mit einer Klingenl\u00e4nge von 5 cm oder weniger. Willkommen in Chicago! Wenn ich in Chicago wohne und regelm\u00e4\u00dfig ein Taschenmesser bei mir trage, w\u00e4re ich (als gesetzestreuer B\u00fcrger) m\u00f6glicherweise geneigt, ein Werkzeug mitzuf\u00fchren, das den Beschr\u00e4nkungen dieser Stadt unterliegt.<\/p>\n<p><strong>Der Spyderco<\/strong> C130G Chicago ist genau das. Die 2-Zoll-Flachklinge CTS-BD1N ist elegant mit einem schwarzen G-10-Griff und Michael Walker LinerLock ausgestattet. Der Griff ist geformt und ergonomisch dimensioniert, mit skelettierten Eins\u00e4tzen \u00fcber die gesamte L\u00e4nge im Inneren f\u00fcr Stabilit\u00e4t ohne Masse oder Gewicht.<\/p>\n<p>Seine blattf\u00f6rmige Klinge schneidet effizient auf allen Ebenen, von anspruchsvollen Schnitten wie Teppichen und Polyseilen bis hin zu so einfachen Dingen wie dem Reinigen von N\u00e4geln oder dem Abkratzen von Klebeband von Glas.<\/p>\n<p>Dank des tiefen Taschenclips l\u00e4sst sich das Messer mit der Spitze nach oben in der Hosentasche verstauen, sodass es von Links- oder Rechtsh\u00e4ndern getragen werden kann. Dieses hier ist f\u00fcr Chicagoer oder alle, die ein Stadt-\/Anzugsmesser suchen.<\/p>\n<p>Spezifikationen:<br \/>\nKlingenl\u00e4nge: 5,1 cm<br \/>\nKlingenst\u00e4rke: 0,25 cm<br \/>\nGesamtl\u00e4nge: 12,8 cm<br \/>\nL\u00e4nge geschlossen: 7,9 cm<br \/>\nKlingenstahl: CTS-BD1N Edelstahl<br \/>\nGewicht: 1,9 Unzen. (54 g) ca.<br \/>\nGriffmaterial: schwarzes G10<\/p>\n","protected":false},"excerpt":{"rendered":"<p><strong>Willkommen in Chicago! Wenn ich in Chicago wohne und regelm\u00e4\u00dfig ein Taschenmesser bei mir trage, w\u00e4re ich (als gesetzestreuer B\u00fcrger) m\u00f6glicherweise geneigt, ein Werkzeug mitzuf\u00fchren, das den Beschr\u00e4nkungen dieser Stadt unterliegt.<\/strong><\/p>\n","protected":false},"featured_media":348140,"comment_status":"open","ping_status":"closed","template":"","meta":[],"pwb-brand":[3427],"product_brand":[],"product_cat":[3303,3285],"product_tag":[3669],"class_list":{"0":"post-348138","1":"product","2":"type-product","3":"status-publish","4":"has-post-thumbnail","6":"pwb-brand-spyderco-de","7":"product_cat-schliesmesser","8":"product_cat-messer","9":"product_tag-b2b-de","11":"first","12":"instock","13":"sale","14":"taxable","15":"shipping-taxable","16":"purchasable","17":"product-type-simple"},"brands":[{"id":3427,"name":"Spyderco","slug":"spyderco-de"}],"_links":{"self":[{"href":"https:\/\/www.moskito.cz\/de\/wp-json\/wp\/v2\/product\/348138","targetHints":{"allow":["GET"]}}],"collection":[{"href":"https:\/\/www.moskito.cz\/de\/wp-json\/wp\/v2\/product"}],"about":[{"href":"https:\/\/www.moskito.cz\/de\/wp-json\/wp\/v2\/types\/product"}],"replies":[{"embeddable":true,"href":"https:\/\/www.moskito.cz\/de\/wp-json\/wp\/v2\/comments?post=348138"}],"wp:featuredmedia":[{"embeddable":true,"href":"https:\/\/www.moskito.cz\/de\/wp-json\/wp\/v2\/media\/348140"}],"wp:attachment":[{"href":"https:\/\/www.moskito.cz\/de\/wp-json\/wp\/v2\/media?parent=348138"}],"wp:term":[{"taxonomy":"pwb-brand","embeddable":true,"href":"https:\/\/www.moskito.cz\/de\/wp-json\/wp\/v2\/pwb-brand?post=348138"},{"taxonomy":"product_brand","embeddable":true,"href":"https:\/\/www.moskito.cz\/de\/wp-json\/wp\/v2\/product_brand?post=348138"},{"taxonomy":"product_cat","embeddable":true,"href":"https:\/\/www.moskito.cz\/de\/wp-json\/wp\/v2\/product_cat?post=348138"},{"taxonomy":"product_tag","embeddable":true,"href":"https:\/\/www.moskito.cz\/de\/wp-json\/wp\/v2\/product_tag?post=348138"}],"curies":[{"name":"wp","href":"https:\/\/api.w.org\/{rel}","templated":true}]}}