{"id":348168,"date":"2023-12-16T20:03:28","date_gmt":"2024-06-28T06:47:44","guid":{"rendered":"https:\/\/www.moskito.cz\/produkt\/spyderco-manbug-leichtes-mfpk390-klappmesser\/"},"modified":"2025-05-07T11:19:03","modified_gmt":"2025-05-07T10:19:03","slug":"spyderco-manbug-leichtes-mfpk390-klappmesser","status":"publish","type":"product","link":"https:\/\/www.moskito.cz\/de\/produkt\/spyderco-manbug-leichtes-mfpk390-klappmesser\/","title":{"rendered":"Spyderco Manbug Leichtes MFPK390 Klappmesser"},"content":{"rendered":"<p><strong>Spyderco<\/strong> Manbug Leichtes MFPK390 Klappmesser<\/p>\n<p><strong>Spyderco<\/strong> war schon immer sehr stolz auf seine Bem\u00fchungen, die Leistungsgrenzen durch die Verwendung exotischer Klingenst\u00e4hle f\u00fcr seine Messer zu erweitern. In diesem Sinne sind sie stolz, Ihnen mitteilen zu k\u00f6nnen, dass sie eine Reihe meistverkaufter Modelle mit Klingen aus K390 anbieten. K390 MICROCLEAN, hergestellt von Bohler-Uddeholm, ist ein hochmoderner Kaltumformwerkzeugstahl, der durch ein Partikelmetallurgieverfahren hergestellt wird. Seine fortschrittliche Legierungsverbindung wurde speziell entwickelt, um die extreme Verschlei\u00dffestigkeit und hohe Druckfestigkeit zu bieten, die bei industriellen Schneid-, Stanz- und Stanzanwendungen erforderlich sind. Trotz seiner Z\u00e4higkeit l\u00e4sst sich das au\u00dfergew\u00f6hnlich feine, homogene Mikrogef\u00fcge auch leicht bearbeiten und w\u00e4rmebehandeln. Zusammengenommen machen diese Eigenschaften K390 zu einem hervorragenden Klingenmaterial f\u00fcr echte Stahlkenner. Spyderco ist stolz darauf, es in einigen seiner beliebtesten Modelle zu verwenden, die auch \u00fcber markante blaue Griffe verf\u00fcgen.<\/p>\n<p>Hinweis: K390 ist ein Hochleistungsedelstahl, der bei unsachgem\u00e4\u00dfer Pflege rosten kann. Reinigen und trocknen Sie die Klingen nach Gebrauch immer und tragen Sie bei Bedarf \u00d6l oder andere Korrosionsschutzmittel auf.<\/p>\n<p>Spezifikationen<br \/>\nKlingenl\u00e4nge: 5 cm<br \/>\nL\u00e4nge geschlossen: 6,4 cm<br \/>\nGesamtl\u00e4nge: 11,4 cm<br \/>\nKlingenst\u00e4rke: 0,25 cm<br \/>\nKlingenmaterial: B\u00f6hler K390 Werkzeugstahl<br \/>\nKlingenstil: Clip Point<br \/>\nKlingenschliff: V\u00f6llig flach<br \/>\nOberfl\u00e4chenbehandlung der Klinge: satiniert<br \/>\nKlingenkante: Glatt<br \/>\nGriffmaterial: FRN<br \/>\nGrifffarbe: Blau<br \/>\nVerriegelungsmechanismus: Lockback<br \/>\nTaschenclip: Keine<br \/>\nModellnummer: MFPK390<br \/>\nModellname: Manbug Lightweight K390<br \/>\nGewicht: 0,7 Unzen. (20g)<br \/>\nHergestellt in Japan<\/p>\n","protected":false},"excerpt":{"rendered":"<p><strong>Spyderco war schon immer sehr stolz auf seine Bem\u00fchungen, die Leistungsgrenzen durch die Verwendung exotischer Klingenst\u00e4hle f\u00fcr seine Messer zu erweitern. In diesem Sinne sind sie stolz, Ihnen mitteilen zu k\u00f6nnen, dass sie eine Reihe meistverkaufter Modelle mit Klingen aus K390 anbieten.<\/strong><\/p>\n","protected":false},"featured_media":348170,"comment_status":"open","ping_status":"closed","template":"","meta":[],"pwb-brand":[3427],"product_brand":[],"product_cat":[3303,3285],"product_tag":[3669],"class_list":{"0":"post-348168","1":"product","2":"type-product","3":"status-publish","4":"has-post-thumbnail","6":"pwb-brand-spyderco-de","7":"product_cat-schliesmesser","8":"product_cat-messer","9":"product_tag-b2b-de","11":"first","12":"outofstock","13":"sale","14":"taxable","15":"shipping-taxable","16":"purchasable","17":"product-type-simple"},"brands":[{"id":3427,"name":"Spyderco","slug":"spyderco-de"}],"_links":{"self":[{"href":"https:\/\/www.moskito.cz\/de\/wp-json\/wp\/v2\/product\/348168","targetHints":{"allow":["GET"]}}],"collection":[{"href":"https:\/\/www.moskito.cz\/de\/wp-json\/wp\/v2\/product"}],"about":[{"href":"https:\/\/www.moskito.cz\/de\/wp-json\/wp\/v2\/types\/product"}],"replies":[{"embeddable":true,"href":"https:\/\/www.moskito.cz\/de\/wp-json\/wp\/v2\/comments?post=348168"}],"wp:featuredmedia":[{"embeddable":true,"href":"https:\/\/www.moskito.cz\/de\/wp-json\/wp\/v2\/media\/348170"}],"wp:attachment":[{"href":"https:\/\/www.moskito.cz\/de\/wp-json\/wp\/v2\/media?parent=348168"}],"wp:term":[{"taxonomy":"pwb-brand","embeddable":true,"href":"https:\/\/www.moskito.cz\/de\/wp-json\/wp\/v2\/pwb-brand?post=348168"},{"taxonomy":"product_brand","embeddable":true,"href":"https:\/\/www.moskito.cz\/de\/wp-json\/wp\/v2\/product_brand?post=348168"},{"taxonomy":"product_cat","embeddable":true,"href":"https:\/\/www.moskito.cz\/de\/wp-json\/wp\/v2\/product_cat?post=348168"},{"taxonomy":"product_tag","embeddable":true,"href":"https:\/\/www.moskito.cz\/de\/wp-json\/wp\/v2\/product_tag?post=348168"}],"curies":[{"name":"wp","href":"https:\/\/api.w.org\/{rel}","templated":true}]}}