{"id":348209,"date":"2024-01-01T15:53:26","date_gmt":"2024-06-28T06:52:45","guid":{"rendered":"https:\/\/www.moskito.cz\/produkt\/spyderco-squeak-nicht-verriegelbar-c154ppn-verriegelungsmesser\/"},"modified":"2025-05-07T11:19:04","modified_gmt":"2025-05-07T10:19:04","slug":"spyderco-squeak-nicht-verriegelbar-c154ppn-verriegelungsmesser","status":"publish","type":"product","link":"https:\/\/www.moskito.cz\/de\/produkt\/spyderco-squeak-nicht-verriegelbar-c154ppn-verriegelungsmesser\/","title":{"rendered":"Spyderco Squeak (nicht verriegelbar) C154PPN-Verriegelungsmesser"},"content":{"rendered":"<p><strong>Spyderco<\/strong> Squeak (nicht verriegelbar) C154PPN-Verriegelungsmesser<\/p>\n<p>Das in Maniago hergestellte Squeak SLIPIT ist <strong>ein sicherheitsloses Einhand-\u00d6ffnungsmesser von Spyderco<\/strong> namens SLIPIT. Es ist f\u00fcr den gesetzlich eingeschr\u00e4nkten Transport an Orten konzipiert, an denen das Feststellen von Messern verboten ist.<\/p>\n<p>Die Klinge ist vollst\u00e4ndig geschliffen und besteht aus \u00f6sterreichischem Bohler-Uddeholm N690Co-Stahl. N690C0 ist ein kohlenstoffreicher Stahl mit zus\u00e4tzlichem Kobalt f\u00fcr eine gleichm\u00e4\u00dfige Struktur, was zu einer besseren Schnitthaltigkeit und Sch\u00e4rff\u00e4higkeit f\u00fchrt. F\u00fcr erh\u00f6hte Rutschfestigkeit ist aus dem Klingenr\u00fccken und der Klinge ein strukturiertes Gurtband gefertigt.<\/p>\n<p>Die Klinge des Squeak wird beim Schneiden durch ein R\u00e4ndelgelenk am Klingenstift in der ge\u00f6ffneten Position gehalten. Beim Schlie\u00dfen der Klinge erzeugt die Kerbe einen Widerstand, der funktional einem herk\u00f6mmlichen Taschenmesser \u00e4hnelt und zus\u00e4tzlich die Funktion hat, die \u00d6ffnungsbewegung der Klinge zu gl\u00e4tten. Erh\u00f6hte Kontrolle und Komfort Die Designer von Spyderco f\u00fcgen tiefe Fingervibrationen hinzu und bewegen den Zeigefinger auf nat\u00fcrliche Weise in eine Position auf der Unterseite der Klinge direkt unter dem Daumen. Das Platzieren des Zeigefingers in diesem Choil verhindert, dass sich die Klinge beim Schneiden versehentlich schlie\u00dft, und sorgt f\u00fcr eine Griffposition, die es dem Benutzer erm\u00f6glicht, n\u00e4her an der Klinge zu w\u00fcrgen, um mehr Fingerfertigkeit zu erzielen.<\/p>\n<p>Der Griff besteht aus FRN (glasfaserverst\u00e4rktem Nylon) und ist auf Benutzerkomfort ausgelegt, sei es in der Hand, mit einem ergonomisch strukturierten Griff oder in der Tasche mit einem doppelseitigen, hochklappbaren Drahtclip in einer tiefen Tasche.<\/p>\n<p><strong>Spyderco<\/strong> ist sehr stolz darauf, die Guardians of the Ribbon\/Pink Heals Tour und die \u201eCares Enough to Wear Pink\u201c-Programme zu unterst\u00fctzen, indem es einen Teil des Umsatzes unserer Messer mit rosa Griff spendet. Diese gro\u00dfartige Wohlt\u00e4tigkeitsorganisation wurde 2007 vom ehemaligen Feuerwehrmann Dave Graybill gegr\u00fcndet und konzentriert sich auf die direkte Betreuung von Frauen, die gegen alle Formen von Krebs k\u00e4mpfen. Die Pink Heals-Bewegung, die vor allem f\u00fcr ihre Flotte rosafarbener Feuerwehrautos und Polizeiautos bekannt ist, reist durch die USA und besucht krebskranke Frauen und Kinder, ermittelt ihre dringendsten Bed\u00fcrfnisse und koordiniert lokale Ressourcen, um diese Bed\u00fcrfnisse zu erf\u00fcllen. Pink Heals bittet auch steuerbasierte Dienste und Gemeindevorsteher um Unterst\u00fctzung, um eine kontinuierliche Unterst\u00fctzung f\u00fcr krebskranke Frauen sicherzustellen, indem sichergestellt wird, dass die Spenden in der \u00f6rtlichen Gemeinde verbleiben, aus der sie stammen. Am wichtigsten ist, dass Pink Heals 100 % aller eingehenden Spenden verwendet. Sie k\u00fcmmern sich direkt um die Frauen, denen sie dienen, und bieten denen, die sie am meisten brauchen, sofortige und konkrete Unterst\u00fctzung. Alle Betriebskosten der Wohlt\u00e4tigkeitsorganisation werden durch den Verkauf von rosa T-Shirts mit dem Logo ihrer Organisation gedeckt. Diese Shirts sind auch die Grundlage der Kampagne \u201eCares Enough to Wear Pink\u201c, einer landesweiten Kampagne zur Sensibilisierung f\u00fcr Frauen als eine der wertvollsten Ressourcen der Welt.<\/p>\n<p>Spyderco f\u00fchlt sich geehrt, die Guardians of the Ribbon\/Pink Heals Tour und die Frauen, denen sie dienen, zu unterst\u00fctzen. Ein Teil des Erl\u00f6ses aus jedem Verkauf wird an die Brustkrebsforschung im Rahmen der Guardians of the Ribbon\/Pink Heals Tour gespendet. Um mehr \u00fcber die au\u00dfergew\u00f6hnlichen Programme zu erfahren und wie Sie ihre Bem\u00fchungen unterst\u00fctzen k\u00f6nnen, besuchen Sie bitte www.pinkfiretrucks.org.<\/p>\n<p>Spezifikationen:<br \/>\nKlingenl\u00e4nge: 5,1 cm<br \/>\nKlingenst\u00e4rke: 0,3 cm<br \/>\nGesamtl\u00e4nge: 12,8 cm<br \/>\nL\u00e4nge geschlossen: 7,9 cm<br \/>\nKlingenstahl: N690Co<br \/>\nGewicht: 1,6 Unzen. (46g)<br \/>\nGriffmaterial: rosa FRN<br \/>\nHergestellt in Italien<\/p>\n","protected":false},"excerpt":{"rendered":"<p><strong>Squeak SLIPIT, hergestellt in Maniago, ein sicherheitsloses Messer, das sich mit einer Hand \u00f6ffnen l\u00e4sst und SLIPIT hei\u00dft.<\/strong><\/p>\n","protected":false},"featured_media":348211,"comment_status":"open","ping_status":"closed","template":"","meta":[],"pwb-brand":[3427],"product_brand":[],"product_cat":[3285,3303],"product_tag":[3669],"class_list":{"0":"post-348209","1":"product","2":"type-product","3":"status-publish","4":"has-post-thumbnail","6":"pwb-brand-spyderco-de","7":"product_cat-messer","8":"product_cat-schliesmesser","9":"product_tag-b2b-de","11":"first","12":"outofstock","13":"taxable","14":"shipping-taxable","15":"purchasable","16":"product-type-simple"},"brands":[{"id":3427,"name":"Spyderco","slug":"spyderco-de"}],"_links":{"self":[{"href":"https:\/\/www.moskito.cz\/de\/wp-json\/wp\/v2\/product\/348209","targetHints":{"allow":["GET"]}}],"collection":[{"href":"https:\/\/www.moskito.cz\/de\/wp-json\/wp\/v2\/product"}],"about":[{"href":"https:\/\/www.moskito.cz\/de\/wp-json\/wp\/v2\/types\/product"}],"replies":[{"embeddable":true,"href":"https:\/\/www.moskito.cz\/de\/wp-json\/wp\/v2\/comments?post=348209"}],"wp:featuredmedia":[{"embeddable":true,"href":"https:\/\/www.moskito.cz\/de\/wp-json\/wp\/v2\/media\/348211"}],"wp:attachment":[{"href":"https:\/\/www.moskito.cz\/de\/wp-json\/wp\/v2\/media?parent=348209"}],"wp:term":[{"taxonomy":"pwb-brand","embeddable":true,"href":"https:\/\/www.moskito.cz\/de\/wp-json\/wp\/v2\/pwb-brand?post=348209"},{"taxonomy":"product_brand","embeddable":true,"href":"https:\/\/www.moskito.cz\/de\/wp-json\/wp\/v2\/product_brand?post=348209"},{"taxonomy":"product_cat","embeddable":true,"href":"https:\/\/www.moskito.cz\/de\/wp-json\/wp\/v2\/product_cat?post=348209"},{"taxonomy":"product_tag","embeddable":true,"href":"https:\/\/www.moskito.cz\/de\/wp-json\/wp\/v2\/product_tag?post=348209"}],"curies":[{"name":"wp","href":"https:\/\/api.w.org\/{rel}","templated":true}]}}